{"id":2745,"date":"2022-09-07T14:34:09","date_gmt":"2022-09-07T12:34:09","guid":{"rendered":"https:\/\/www.visionix.com\/produit\/briot-couture-2\/"},"modified":"2026-02-03T11:52:57","modified_gmt":"2026-02-03T10:52:57","slug":"briot-couture","status":"publish","type":"product","link":"https:\/\/www.visionix.com\/fr\/product\/briot-couture\/","title":{"rendered":"Meuleuse automatique Briot Couture"},"content":{"rendered":"<p>Briot Couture est une <span class=\"notion-enable-hover\" data-token-index=\"1\">machine pour opticien<\/span> intuitive, parfaitement adapt\u00e9e aux besoins des magasins d\u2019optique. Elle int\u00e8gre la premi\u00e8re technologie de mod\u00e9lisation 3D des verres au monde, con\u00e7ue pour simplifier, s\u00e9curiser et automatiser le processus de finition, quel que soit le niveau d\u2019expertise de l\u2019opticien.<!-- notionvc: 4e1ee322-0605-437b-82be-7cce493c21f1 --><\/p>\n","protected":false},"excerpt":{"rendered":"<p><strong>La machine pour opticien avec pr\u00e9visualisation 3D et meulage intelligent guid\u00e9<\/strong><\/p>\n<p>Briot Couture est une <span class=\"notion-enable-hover\" data-token-index=\"1\">machine pour opticien<\/span> intuitive, parfaitement adapt\u00e9e aux besoins des magasins d\u2019optique. Elle int\u00e8gre la premi\u00e8re technologie de mod\u00e9lisation 3D des verres au monde, con\u00e7ue pour simplifier, s\u00e9curiser et automatiser le processus de finition, quel que soit le niveau d\u2019expertise de l\u2019opticien.<!-- notionvc: 0e9041ee-cdb6-4f5d-85f2-83d921d8d90c --><\/p>\n","protected":false},"featured_media":46672,"template":"","meta":{"_acf_changed":false,"content-type":"","footnotes":""},"pwb-brand":[493],"product_brand":[],"product_cat":[183,184],"product_tag":[560],"class_list":{"0":"post-2745","1":"product","2":"type-product","3":"status-publish","4":"has-post-thumbnail","6":"pwb-brand-briot-fr","7":"product_cat-optique-equipement","8":"product_cat-orthoptie-instrument","9":"product_tag-optical-lab-finishing-equipment-fr","11":"first","12":"instock","13":"featured","14":"product-type-simple"},"acf":[],"brands":[{"id":493,"name":"Briot","slug":"briot-fr"}],"_links":{"self":[{"href":"https:\/\/www.visionix.com\/fr\/wp-json\/wp\/v2\/product\/2745","targetHints":{"allow":["GET"]}}],"collection":[{"href":"https:\/\/www.visionix.com\/fr\/wp-json\/wp\/v2\/product"}],"about":[{"href":"https:\/\/www.visionix.com\/fr\/wp-json\/wp\/v2\/types\/product"}],"version-history":[{"count":13,"href":"https:\/\/www.visionix.com\/fr\/wp-json\/wp\/v2\/product\/2745\/revisions"}],"predecessor-version":[{"id":77742,"href":"https:\/\/www.visionix.com\/fr\/wp-json\/wp\/v2\/product\/2745\/revisions\/77742"}],"wp:featuredmedia":[{"embeddable":true,"href":"https:\/\/www.visionix.com\/fr\/wp-json\/wp\/v2\/media\/46672"}],"wp:attachment":[{"href":"https:\/\/www.visionix.com\/fr\/wp-json\/wp\/v2\/media?parent=2745"}],"wp:term":[{"taxonomy":"pwb-brand","embeddable":true,"href":"https:\/\/www.visionix.com\/fr\/wp-json\/wp\/v2\/pwb-brand?post=2745"},{"taxonomy":"product_brand","embeddable":true,"href":"https:\/\/www.visionix.com\/fr\/wp-json\/wp\/v2\/product_brand?post=2745"},{"taxonomy":"product_cat","embeddable":true,"href":"https:\/\/www.visionix.com\/fr\/wp-json\/wp\/v2\/product_cat?post=2745"},{"taxonomy":"product_tag","embeddable":true,"href":"https:\/\/www.visionix.com\/fr\/wp-json\/wp\/v2\/product_tag?post=2745"}],"curies":[{"name":"wp","href":"https:\/\/api.w.org\/{rel}","templated":true}]}}