{"id":26855,"date":"2022-05-13T12:01:56","date_gmt":"2022-05-13T10:01:56","guid":{"rendered":"https:\/\/www.visionix.com\/?post_type=product&#038;p=26855"},"modified":"2026-02-03T14:49:43","modified_gmt":"2026-02-03T13:49:43","slug":"visionix-vx1200","status":"publish","type":"product","link":"https:\/\/www.visionix.com\/fr\/product\/visionix-vx1200\/","title":{"rendered":"R\u00e9fraction Visionix VX 1200"},"content":{"rendered":"<p>Unit\u00e9 de r\u00e9fraction compacte et compl\u00e8te, la vx 1200 permet aux professionnels de la sant\u00e9 visuelle d&rsquo;effectuer une r\u00e9fraction rapidement. Gr\u00e2ce \u00e0 son plateau \u00e0 translation, les instruments sont accessibles facilement.<\/p>\n","protected":false},"excerpt":{"rendered":"<p><strong>Unit\u00e9 de r\u00e9fraction compacte et compl\u00e8te,<\/strong><\/p>\n<p>la vx 1200 permet aux professionnels de la sant\u00e9 visuelle d&rsquo;effectuer une r\u00e9fraction rapidement. Gr\u00e2ce \u00e0 son plateau \u00e0 translation, les instruments sont accessibles facilement.<\/p>\n","protected":false},"featured_media":28152,"template":"","meta":{"_acf_changed":false,"content-type":"","footnotes":""},"pwb-brand":[509],"product_brand":[],"product_cat":[209,183,184],"product_tag":[],"class_list":{"0":"post-26855","1":"product","2":"type-product","3":"status-publish","4":"has-post-thumbnail","6":"pwb-brand-visionix-fr","7":"product_cat-ophtalmologie-instruments","8":"product_cat-optique-equipement","9":"product_cat-orthoptie-instrument","11":"first","12":"instock","13":"product-type-simple"},"acf":[],"brands":[{"id":509,"name":"Visionix","slug":"visionix-fr"}],"_links":{"self":[{"href":"https:\/\/www.visionix.com\/fr\/wp-json\/wp\/v2\/product\/26855","targetHints":{"allow":["GET"]}}],"collection":[{"href":"https:\/\/www.visionix.com\/fr\/wp-json\/wp\/v2\/product"}],"about":[{"href":"https:\/\/www.visionix.com\/fr\/wp-json\/wp\/v2\/types\/product"}],"version-history":[{"count":7,"href":"https:\/\/www.visionix.com\/fr\/wp-json\/wp\/v2\/product\/26855\/revisions"}],"predecessor-version":[{"id":77766,"href":"https:\/\/www.visionix.com\/fr\/wp-json\/wp\/v2\/product\/26855\/revisions\/77766"}],"wp:featuredmedia":[{"embeddable":true,"href":"https:\/\/www.visionix.com\/fr\/wp-json\/wp\/v2\/media\/28152"}],"wp:attachment":[{"href":"https:\/\/www.visionix.com\/fr\/wp-json\/wp\/v2\/media?parent=26855"}],"wp:term":[{"taxonomy":"pwb-brand","embeddable":true,"href":"https:\/\/www.visionix.com\/fr\/wp-json\/wp\/v2\/pwb-brand?post=26855"},{"taxonomy":"product_brand","embeddable":true,"href":"https:\/\/www.visionix.com\/fr\/wp-json\/wp\/v2\/product_brand?post=26855"},{"taxonomy":"product_cat","embeddable":true,"href":"https:\/\/www.visionix.com\/fr\/wp-json\/wp\/v2\/product_cat?post=26855"},{"taxonomy":"product_tag","embeddable":true,"href":"https:\/\/www.visionix.com\/fr\/wp-json\/wp\/v2\/product_tag?post=26855"}],"curies":[{"name":"wp","href":"https:\/\/api.w.org\/{rel}","templated":true}]}}