{"id":26834,"date":"2022-05-13T11:42:23","date_gmt":"2022-05-13T09:42:23","guid":{"rendered":"https:\/\/www.visionix.com\/?post_type=product&#038;p=26834"},"modified":"2023-11-23T10:18:14","modified_gmt":"2023-11-23T09:18:14","slug":"visionix-vx-1000","status":"publish","type":"product","link":"https:\/\/www.visionix.com\/fr\/product\/visionix-vx-1000\/","title":{"rendered":"Visionix VX 1000"},"content":{"rendered":"<p>Unit\u00e9 de consultation confortable et compacte, la VX 1000 s&rsquo;adapte \u00e0 toutes les configurations d&rsquo;espace, m\u00eame les plus restreintes. C&rsquo;est la solution id\u00e9ale pour vos r\u00e9fractions au quotidien.<\/p>\n","protected":false},"excerpt":{"rendered":"<p><strong>Unit\u00e9 de consultation confortable et compacte,<\/strong><\/p>\n<p>la VX 1000 s&rsquo;adapte \u00e0 toutes les configurations d&rsquo;espace, m\u00eame les plus restreintes. C&rsquo;est la solution id\u00e9ale pour vos r\u00e9fractions au quotidien.<\/p>\n","protected":false},"featured_media":26846,"template":"","meta":{"_acf_changed":false,"content-type":"","footnotes":""},"pwb-brand":[509],"product_brand":[],"product_cat":[209,183,184],"product_tag":[],"class_list":{"0":"post-26834","1":"product","2":"type-product","3":"status-publish","4":"has-post-thumbnail","6":"pwb-brand-visionix-fr","7":"product_cat-ophtalmologie-instruments","8":"product_cat-optique-equipement","9":"product_cat-orthoptie-instrument","10":"pa_product-family-diagnostic-fr","11":"pa_product-family-refraction-fr","12":"pa_product-type-binocular-wavefront-analyser-fr","13":"pa_product-type-phoropter-fr","14":"pa_product-type-telehealth-fr","16":"first","17":"instock","18":"product-type-simple"},"acf":[],"brands":[{"id":509,"name":"Visionix","slug":"visionix-fr"}],"_links":{"self":[{"href":"https:\/\/www.visionix.com\/fr\/wp-json\/wp\/v2\/product\/26834","targetHints":{"allow":["GET"]}}],"collection":[{"href":"https:\/\/www.visionix.com\/fr\/wp-json\/wp\/v2\/product"}],"about":[{"href":"https:\/\/www.visionix.com\/fr\/wp-json\/wp\/v2\/types\/product"}],"version-history":[{"count":6,"href":"https:\/\/www.visionix.com\/fr\/wp-json\/wp\/v2\/product\/26834\/revisions"}],"predecessor-version":[{"id":50594,"href":"https:\/\/www.visionix.com\/fr\/wp-json\/wp\/v2\/product\/26834\/revisions\/50594"}],"wp:featuredmedia":[{"embeddable":true,"href":"https:\/\/www.visionix.com\/fr\/wp-json\/wp\/v2\/media\/26846"}],"wp:attachment":[{"href":"https:\/\/www.visionix.com\/fr\/wp-json\/wp\/v2\/media?parent=26834"}],"wp:term":[{"taxonomy":"pwb-brand","embeddable":true,"href":"https:\/\/www.visionix.com\/fr\/wp-json\/wp\/v2\/pwb-brand?post=26834"},{"taxonomy":"product_brand","embeddable":true,"href":"https:\/\/www.visionix.com\/fr\/wp-json\/wp\/v2\/product_brand?post=26834"},{"taxonomy":"product_cat","embeddable":true,"href":"https:\/\/www.visionix.com\/fr\/wp-json\/wp\/v2\/product_cat?post=26834"},{"taxonomy":"product_tag","embeddable":true,"href":"https:\/\/www.visionix.com\/fr\/wp-json\/wp\/v2\/product_tag?post=26834"}],"curies":[{"name":"wp","href":"https:\/\/api.w.org\/{rel}","templated":true}]}}