{"id":26811,"date":"2022-05-13T11:03:47","date_gmt":"2022-05-13T09:03:47","guid":{"rendered":"https:\/\/www.visionix.com\/?post_type=product&#038;p=26811"},"modified":"2026-02-04T09:54:45","modified_gmt":"2026-02-04T08:54:45","slug":"vx-2000-h","status":"publish","type":"product","link":"https:\/\/www.visionix.com\/fr\/product\/vx-2000-h\/","title":{"rendered":"Unit\u00e9 de consultation VX 2000 H"},"content":{"rendered":"<p>Unit\u00e9 de consultation Visionix pour 2 instruments<\/p>\n<p>Une unit\u00e9 confortable pour l&rsquo;op\u00e9rateur et la personne examin\u00e9e : deux instruments accessibles facilement, regroup\u00e9s en une seule unit\u00e9 pivotante. Disponible en configuration droite ou gauche, avec un plateau \u00e0 \u00e9l\u00e9vation \u00e9lectrique.<\/p>\n","protected":false},"excerpt":{"rendered":"<p><strong>Unit\u00e9 de consultation Visionix pour 2 instruments<\/strong><\/p>\n<p>Une unit\u00e9 confortable pour l&rsquo;op\u00e9rateur et la personne examin\u00e9e : deux instruments accessibles facilement, regroup\u00e9s en une seule unit\u00e9 pivotante. Disponible en configuration droite ou gauche, avec un plateau \u00e0 \u00e9l\u00e9vation \u00e9lectrique.<\/p>\n","protected":false},"featured_media":28160,"template":"","meta":{"_acf_changed":false,"content-type":"","footnotes":""},"pwb-brand":[509],"product_brand":[],"product_cat":[209,183,184],"product_tag":[],"class_list":{"0":"post-26811","1":"product","2":"type-product","3":"status-publish","4":"has-post-thumbnail","6":"pwb-brand-visionix-fr","7":"product_cat-ophtalmologie-instruments","8":"product_cat-optique-equipement","9":"product_cat-orthoptie-instrument","11":"first","12":"instock","13":"product-type-simple"},"acf":[],"brands":[{"id":509,"name":"Visionix","slug":"visionix-fr"}],"_links":{"self":[{"href":"https:\/\/www.visionix.com\/fr\/wp-json\/wp\/v2\/product\/26811","targetHints":{"allow":["GET"]}}],"collection":[{"href":"https:\/\/www.visionix.com\/fr\/wp-json\/wp\/v2\/product"}],"about":[{"href":"https:\/\/www.visionix.com\/fr\/wp-json\/wp\/v2\/types\/product"}],"version-history":[{"count":7,"href":"https:\/\/www.visionix.com\/fr\/wp-json\/wp\/v2\/product\/26811\/revisions"}],"predecessor-version":[{"id":77803,"href":"https:\/\/www.visionix.com\/fr\/wp-json\/wp\/v2\/product\/26811\/revisions\/77803"}],"wp:featuredmedia":[{"embeddable":true,"href":"https:\/\/www.visionix.com\/fr\/wp-json\/wp\/v2\/media\/28160"}],"wp:attachment":[{"href":"https:\/\/www.visionix.com\/fr\/wp-json\/wp\/v2\/media?parent=26811"}],"wp:term":[{"taxonomy":"pwb-brand","embeddable":true,"href":"https:\/\/www.visionix.com\/fr\/wp-json\/wp\/v2\/pwb-brand?post=26811"},{"taxonomy":"product_brand","embeddable":true,"href":"https:\/\/www.visionix.com\/fr\/wp-json\/wp\/v2\/product_brand?post=26811"},{"taxonomy":"product_cat","embeddable":true,"href":"https:\/\/www.visionix.com\/fr\/wp-json\/wp\/v2\/product_cat?post=26811"},{"taxonomy":"product_tag","embeddable":true,"href":"https:\/\/www.visionix.com\/fr\/wp-json\/wp\/v2\/product_tag?post=26811"}],"curies":[{"name":"wp","href":"https:\/\/api.w.org\/{rel}","templated":true}]}}