{"id":26776,"date":"2022-05-13T10:22:50","date_gmt":"2022-05-13T08:22:50","guid":{"rendered":"https:\/\/www.visionix.com\/?post_type=product&#038;p=26776"},"modified":"2026-02-04T09:52:00","modified_gmt":"2026-02-04T08:52:00","slug":"visionix-vx-3000-vx-3000-h","status":"publish","type":"product","link":"https:\/\/www.visionix.com\/fr\/product\/visionix-vx-3000-vx-3000-h\/","title":{"rendered":"Table rotative VX 3000 H"},"content":{"rendered":"<p><strong>Unit\u00e9 de consultation Visionix pour 3 instruments<\/strong><\/p>\n<p>Trois instruments regroup\u00e9s sur une unit\u00e9. Chaque instrument est mont\u00e9 sur un plateau de translation pouvant \u00eatre pivot\u00e9 manuellement. L&rsquo;acc\u00e8s pour les personnes \u00e0 mobilit\u00e9 r\u00e9duite en fauteuil roulant est ainsi facilit\u00e9<\/p>\n","protected":false},"excerpt":{"rendered":"<p><strong>Visionix\u00ae unit\u00e9 3 instruments &#8211; table \u00e0 rotation<br \/>\n<\/strong><\/p>\n<p>Trois instruments regroup\u00e9s en une seule unit\u00e9. Chaque dispositif est mont\u00e9 sur une surface. La table rotative compos\u00e9e de 3 plateaux peut \u00eatre tourn\u00e9e manuellement et lib\u00e8re ainsi l&rsquo;accessibilit\u00e9 aux patients en fauteuil roulant.<\/p>\n","protected":false},"featured_media":26800,"template":"","meta":{"_acf_changed":false,"content-type":"","footnotes":""},"pwb-brand":[509],"product_brand":[],"product_cat":[209,183,184],"product_tag":[],"class_list":{"0":"post-26776","1":"product","2":"type-product","3":"status-publish","4":"has-post-thumbnail","6":"pwb-brand-visionix-fr","7":"product_cat-ophtalmologie-instruments","8":"product_cat-optique-equipement","9":"product_cat-orthoptie-instrument","11":"first","12":"instock","13":"product-type-simple"},"acf":[],"brands":[{"id":509,"name":"Visionix","slug":"visionix-fr"}],"_links":{"self":[{"href":"https:\/\/www.visionix.com\/fr\/wp-json\/wp\/v2\/product\/26776","targetHints":{"allow":["GET"]}}],"collection":[{"href":"https:\/\/www.visionix.com\/fr\/wp-json\/wp\/v2\/product"}],"about":[{"href":"https:\/\/www.visionix.com\/fr\/wp-json\/wp\/v2\/types\/product"}],"version-history":[{"count":12,"href":"https:\/\/www.visionix.com\/fr\/wp-json\/wp\/v2\/product\/26776\/revisions"}],"predecessor-version":[{"id":77800,"href":"https:\/\/www.visionix.com\/fr\/wp-json\/wp\/v2\/product\/26776\/revisions\/77800"}],"wp:featuredmedia":[{"embeddable":true,"href":"https:\/\/www.visionix.com\/fr\/wp-json\/wp\/v2\/media\/26800"}],"wp:attachment":[{"href":"https:\/\/www.visionix.com\/fr\/wp-json\/wp\/v2\/media?parent=26776"}],"wp:term":[{"taxonomy":"pwb-brand","embeddable":true,"href":"https:\/\/www.visionix.com\/fr\/wp-json\/wp\/v2\/pwb-brand?post=26776"},{"taxonomy":"product_brand","embeddable":true,"href":"https:\/\/www.visionix.com\/fr\/wp-json\/wp\/v2\/product_brand?post=26776"},{"taxonomy":"product_cat","embeddable":true,"href":"https:\/\/www.visionix.com\/fr\/wp-json\/wp\/v2\/product_cat?post=26776"},{"taxonomy":"product_tag","embeddable":true,"href":"https:\/\/www.visionix.com\/fr\/wp-json\/wp\/v2\/product_tag?post=26776"}],"curies":[{"name":"wp","href":"https:\/\/api.w.org\/{rel}","templated":true}]}}