{"id":20953,"date":"2022-04-14T11:40:23","date_gmt":"2022-04-14T09:40:23","guid":{"rendered":"https:\/\/www.visionix.com\/?post_type=product&#038;p=20953"},"modified":"2026-02-25T10:52:31","modified_gmt":"2026-02-25T09:52:31","slug":"eye-refract","status":"publish","type":"product","link":"https:\/\/www.visionix.com\/fr\/product\/eye-refract\/","title":{"rendered":"R\u00e9fracteur Eye Refract"},"content":{"rendered":"<p>Eye Refract est une solution de r\u00e9fraction compl\u00e8te qui d\u00e9termine la r\u00e9fraction la plus confortable en un temps tr\u00e8s court. L&rsquo;Eye Refract est dot\u00e9 d&rsquo;un double aberrom\u00e8tre qui combine une mesure automatique de la r\u00e9fraction et un r\u00e9glage it\u00e9ratif simultan\u00e9 du verre gr\u00e2ce \u00e0 une technologie unique et innovante. Cette technologie innovante mesure la r\u00e9fraction physiologique gr\u00e2ce \u00e0 l&rsquo;Intelligence Artificielle.<\/p>\n<p>L&rsquo;algorithme Quick Pro guide l&rsquo;op\u00e9rateur dans l&rsquo;exploration de la zone de confort au moyen de quelques questions rapides dans le but d&rsquo;obtenir une prescription optique d&rsquo;une grande fiabilit\u00e9.<\/p>\n<p>Cet instrument r\u00e9volutionne la pratique de la r\u00e9fraction. L&rsquo;Eye Refract est vendu sous forme de package avec le VX 40, l&rsquo;interface de communication VX Box III et un afficheur de test VX 22, pour un affichage \u00e0 5 m, ou bien avec l&rsquo;\u00e9cran courte distance VX 25 pour les espaces r\u00e9duits. La solution est pilotable \u00e0 distance \u00e0 l&rsquo;aide de la tablette fournie.<\/p>\n","protected":false},"excerpt":{"rendered":"<p><strong>La solution de r\u00e9fraction binoculaire guid\u00e9e par l\u2019Intelligence<\/strong><\/p>\n<p>Eye Refract est une solution de r\u00e9fraction compl\u00e8te qui d\u00e9termine la r\u00e9fraction la plus confortable en un temps tr\u00e8s court. L&rsquo;Eye Refract est dot\u00e9 d&rsquo;un double aberrom\u00e8tre qui combine une mesure automatique de la r\u00e9fraction et un r\u00e9glage it\u00e9ratif simultan\u00e9 du verre gr\u00e2ce \u00e0 une technologie unique et innovante. Cette technologie innovante mesure la r\u00e9fraction physiologique gr\u00e2ce \u00e0 l&rsquo;Intelligence Artificielle.<\/p>\n<p>L&rsquo;algorithme Quick Pro guide l&rsquo;op\u00e9rateur dans l&rsquo;exploration de la zone de confort au moyen de quelques questions rapides dans le but d&rsquo;obtenir une prescription optique d&rsquo;une grande fiabilit\u00e9.<\/p>\n<p>Cet instrument r\u00e9volutionne la pratique de la r\u00e9fraction. L&rsquo;Eye Refract est vendu sous forme de package avec le VX 40, l&rsquo;interface de communication VX Box III et un afficheur de test VX 22, pour un affichage \u00e0 5 m, ou bien avec l&rsquo;\u00e9cran courte distance VX 25 pour les espaces r\u00e9duits. La solution est pilotable \u00e0 distance \u00e0 l&rsquo;aide de la tablette fournie.<\/p>\n","protected":false},"featured_media":72816,"template":"","meta":{"_acf_changed":false,"content-type":"","footnotes":""},"pwb-brand":[509],"product_brand":[],"product_cat":[325,209,183,184],"product_tag":[],"class_list":{"0":"post-20953","1":"product","2":"type-product","3":"status-publish","4":"has-post-thumbnail","6":"pwb-brand-visionix-fr","7":"product_cat-new-products-fr","8":"product_cat-ophtalmologie-instruments","9":"product_cat-optique-equipement","10":"product_cat-orthoptie-instrument","12":"first","13":"instock","14":"product-type-simple"},"acf":[],"brands":[{"id":509,"name":"Visionix","slug":"visionix-fr"}],"_links":{"self":[{"href":"https:\/\/www.visionix.com\/fr\/wp-json\/wp\/v2\/product\/20953","targetHints":{"allow":["GET"]}}],"collection":[{"href":"https:\/\/www.visionix.com\/fr\/wp-json\/wp\/v2\/product"}],"about":[{"href":"https:\/\/www.visionix.com\/fr\/wp-json\/wp\/v2\/types\/product"}],"version-history":[{"count":18,"href":"https:\/\/www.visionix.com\/fr\/wp-json\/wp\/v2\/product\/20953\/revisions"}],"predecessor-version":[{"id":77795,"href":"https:\/\/www.visionix.com\/fr\/wp-json\/wp\/v2\/product\/20953\/revisions\/77795"}],"wp:featuredmedia":[{"embeddable":true,"href":"https:\/\/www.visionix.com\/fr\/wp-json\/wp\/v2\/media\/72816"}],"wp:attachment":[{"href":"https:\/\/www.visionix.com\/fr\/wp-json\/wp\/v2\/media?parent=20953"}],"wp:term":[{"taxonomy":"pwb-brand","embeddable":true,"href":"https:\/\/www.visionix.com\/fr\/wp-json\/wp\/v2\/pwb-brand?post=20953"},{"taxonomy":"product_brand","embeddable":true,"href":"https:\/\/www.visionix.com\/fr\/wp-json\/wp\/v2\/product_brand?post=20953"},{"taxonomy":"product_cat","embeddable":true,"href":"https:\/\/www.visionix.com\/fr\/wp-json\/wp\/v2\/product_cat?post=20953"},{"taxonomy":"product_tag","embeddable":true,"href":"https:\/\/www.visionix.com\/fr\/wp-json\/wp\/v2\/product_tag?post=20953"}],"curies":[{"name":"wp","href":"https:\/\/api.w.org\/{rel}","templated":true}]}}