{"id":29874,"date":"2022-02-08T11:14:00","date_gmt":"2022-02-08T10:14:00","guid":{"rendered":"https:\/\/www.visionix.com\/optical-retail\/retail-optometrist\/"},"modified":"2025-08-21T09:51:15","modified_gmt":"2025-08-21T07:51:15","slug":"magasin-d-optique-qualite-du-service","status":"publish","type":"page","link":"https:\/\/www.visionix.com\/fr\/opticiens\/magasin-d-optique-qualite-du-service\/","title":{"rendered":"Magasin d\u2019optique \u2013 qualit\u00e9 du service"},"content":{"rendered":"\t\t<div data-elementor-type=\"wp-page\" data-elementor-id=\"29874\" class=\"elementor elementor-29874 elementor-82\" data-elementor-post-type=\"page\">\n\t\t\t\t\t\t<section class=\"elementor-section elementor-top-section elementor-element elementor-element-168bfd5 elementor-section-boxed elementor-section-height-default elementor-section-height-default\" data-id=\"168bfd5\" data-element_type=\"section\" data-e-type=\"section\">\n\t\t\t\t\t\t<div class=\"elementor-container elementor-column-gap-default\">\n\t\t\t\t\t<div class=\"elementor-column elementor-col-50 elementor-top-column elementor-element elementor-element-0ec23a2\" data-id=\"0ec23a2\" data-element_type=\"column\" data-e-type=\"column\">\n\t\t\t<div class=\"elementor-widget-wrap elementor-element-populated\">\n\t\t\t\t\t\t<div class=\"elementor-element elementor-element-2baa72a elementor-widget elementor-widget-heading\" data-id=\"2baa72a\" data-element_type=\"widget\" data-e-type=\"widget\" data-widget_type=\"heading.default\">\n\t\t\t\t<div class=\"elementor-widget-container\">\n\t\t\t\t\t<h3 class=\"elementor-heading-title elementor-size-default\">Magasin d\u2019optique \u2013 qualit\u00e9 du service <\/h3>\t\t\t\t<\/div>\n\t\t\t\t<\/div>\n\t\t\t\t<div class=\"elementor-element elementor-element-76ee8af elementor-widget elementor-widget-heading\" data-id=\"76ee8af\" data-element_type=\"widget\" data-e-type=\"widget\" data-widget_type=\"heading.default\">\n\t\t\t\t<div class=\"elementor-widget-container\">\n\t\t\t\t\t<h1 class=\"elementor-heading-title elementor-size-default\">Optimisez l\u2019exp\u00e9rience client<\/h1>\t\t\t\t<\/div>\n\t\t\t\t<\/div>\n\t\t\t\t<div class=\"elementor-element elementor-element-541da0c elementor-widget elementor-widget-text-editor\" data-id=\"541da0c\" data-element_type=\"widget\" data-e-type=\"widget\" data-widget_type=\"text-editor.default\">\n\t\t\t\t<div class=\"elementor-widget-container\">\n\t\t\t\t\t\t\t\t\tFid\u00e9lisez vos clients et proposez un service et une exp\u00e9rience marquants dans votre magasin gr\u00e2ce \u00e0 des solutions innovantes et intuitives. R\u00e9alisez facilement tous vos montages, m\u00eames les plus techniques, en valorisant votre savoir-faire.\t\t\t\t\t\t\t\t<\/div>\n\t\t\t\t<\/div>\n\t\t\t\t\t<\/div>\n\t\t<\/div>\n\t\t\t\t<div class=\"elementor-column elementor-col-50 elementor-top-column elementor-element elementor-element-e13e4f7\" data-id=\"e13e4f7\" data-element_type=\"column\" data-e-type=\"column\">\n\t\t\t<div class=\"elementor-widget-wrap elementor-element-populated\">\n\t\t\t\t\t\t<div class=\"elementor-element elementor-element-9d23e0a elementor-widget elementor-widget-image\" data-id=\"9d23e0a\" data-element_type=\"widget\" data-e-type=\"widget\" data-widget_type=\"image.default\">\n\t\t\t\t<div class=\"elementor-widget-container\">\n\t\t\t\t\t\t\t\t\t\t\t\t\t\t\t<img fetchpriority=\"high\" decoding=\"async\" width=\"800\" height=\"538\" src=\"https:\/\/www.visionix.com\/wp-content\/uploads\/2022\/05\/connectivity-1024x688.png\" class=\"attachment-large size-large wp-image-27788\" alt=\"\" srcset=\"https:\/\/www.visionix.com\/wp-content\/uploads\/2022\/05\/connectivity-1024x688.png 1024w, https:\/\/www.visionix.com\/wp-content\/uploads\/2022\/05\/connectivity-300x202.png 300w, https:\/\/www.visionix.com\/wp-content\/uploads\/2022\/05\/connectivity-768x516.png 768w, https:\/\/www.visionix.com\/wp-content\/uploads\/2022\/05\/connectivity-600x403.png 600w, https:\/\/www.visionix.com\/wp-content\/uploads\/2022\/05\/connectivity.png 1236w\" sizes=\"(max-width: 800px) 100vw, 800px\" \/>\t\t\t\t\t\t\t\t\t\t\t\t\t\t\t<\/div>\n\t\t\t\t<\/div>\n\t\t\t\t\t<\/div>\n\t\t<\/div>\n\t\t\t\t\t<\/div>\n\t\t<\/section>\n\t\t\t\t<section class=\"elementor-section elementor-top-section elementor-element elementor-element-0253282 elementor-section-boxed elementor-section-height-default elementor-section-height-default\" data-id=\"0253282\" data-element_type=\"section\" data-e-type=\"section\">\n\t\t\t\t\t\t<div class=\"elementor-container elementor-column-gap-default\">\n\t\t\t\t\t<div class=\"elementor-column elementor-col-50 elementor-top-column elementor-element elementor-element-f9ca234\" data-id=\"f9ca234\" data-element_type=\"column\" data-e-type=\"column\">\n\t\t\t<div class=\"elementor-widget-wrap elementor-element-populated\">\n\t\t\t\t\t\t<div class=\"elementor-element elementor-element-dd4a0b0 elementor-widget elementor-widget-image\" data-id=\"dd4a0b0\" data-element_type=\"widget\" data-e-type=\"widget\" data-widget_type=\"image.default\">\n\t\t\t\t<div class=\"elementor-widget-container\">\n\t\t\t\t\t\t\t\t\t\t\t\t\t\t\t<img decoding=\"async\" width=\"768\" height=\"599\" src=\"https:\/\/www.visionix.com\/wp-content\/uploads\/2022\/03\/EyeRefract-configuration-space-saving-chart-Visionix-10-768x599-1.jpg\" class=\"attachment-large size-large wp-image-1756\" alt=\"\" srcset=\"https:\/\/www.visionix.com\/wp-content\/uploads\/2022\/03\/EyeRefract-configuration-space-saving-chart-Visionix-10-768x599-1.jpg 768w, https:\/\/www.visionix.com\/wp-content\/uploads\/2022\/03\/EyeRefract-configuration-space-saving-chart-Visionix-10-768x599-1-300x234.jpg 300w, https:\/\/www.visionix.com\/wp-content\/uploads\/2022\/03\/EyeRefract-configuration-space-saving-chart-Visionix-10-768x599-1-600x468.jpg 600w\" sizes=\"(max-width: 768px) 100vw, 768px\" \/>\t\t\t\t\t\t\t\t\t\t\t\t\t\t\t<\/div>\n\t\t\t\t<\/div>\n\t\t\t\t\t<\/div>\n\t\t<\/div>\n\t\t\t\t<div class=\"elementor-column elementor-col-50 elementor-top-column elementor-element elementor-element-7c9fd55\" data-id=\"7c9fd55\" data-element_type=\"column\" data-e-type=\"column\">\n\t\t\t<div class=\"elementor-widget-wrap elementor-element-populated\">\n\t\t\t\t\t\t<div class=\"elementor-element elementor-element-1cd709c elementor-widget elementor-widget-text-editor\" data-id=\"1cd709c\" data-element_type=\"widget\" data-e-type=\"widget\" data-widget_type=\"text-editor.default\">\n\t\t\t\t<div class=\"elementor-widget-container\">\n\t\t\t\t\t\t\t\t\tVous souhaitez proposer une exp\u00e9rience innovante \u00e0 vos clients en prenant soin de leur sant\u00e9 visuelle ? Eye Refract, la solution de r\u00e9fraction binoculaire guid\u00e9e par l\u2019intelligence artificielle, vous permet de proposer un examen de vue moderne et confortable \u00e0 tous vos clients. Cette technologie de pointe d\u00e9termine la r\u00e9fraction la plus confortable pour vos porteurs en seulement quelques minutes et offre \u00e9galement des r\u00e9sultats de haute pr\u00e9cision. Vous disposez ainsi d\u2019informations cl\u00e9s pour leur conseiller l\u2019\u00e9quipement le plus adapt\u00e9 \u00e0 leurs besoins personnels.\t\t\t\t\t\t\t\t<\/div>\n\t\t\t\t<\/div>\n\t\t\t\t<div class=\"elementor-element elementor-element-7518596 elementor-widget elementor-widget-button\" data-id=\"7518596\" data-element_type=\"widget\" data-e-type=\"widget\" data-widget_type=\"button.default\">\n\t\t\t\t<div class=\"elementor-widget-container\">\n\t\t\t\t\t\t\t\t\t<div class=\"elementor-button-wrapper\">\n\t\t\t\t\t<a class=\"elementor-button elementor-button-link elementor-size-sm\" href=\"https:\/\/www.visionix.com\/fr\/contact\/\">\n\t\t\t\t\t\t<span class=\"elementor-button-content-wrapper\">\n\t\t\t\t\t\t\t\t\t<span class=\"elementor-button-text\">Parler \u00e0 un conseiller<\/span>\n\t\t\t\t\t<\/span>\n\t\t\t\t\t<\/a>\n\t\t\t\t<\/div>\n\t\t\t\t\t\t\t\t<\/div>\n\t\t\t\t<\/div>\n\t\t\t\t\t<\/div>\n\t\t<\/div>\n\t\t\t\t\t<\/div>\n\t\t<\/section>\n\t\t\t\t<section class=\"elementor-section elementor-top-section elementor-element elementor-element-0197a2b elementor-section-boxed elementor-section-height-default elementor-section-height-default\" data-id=\"0197a2b\" data-element_type=\"section\" data-e-type=\"section\">\n\t\t\t\t\t\t<div class=\"elementor-container elementor-column-gap-default\">\n\t\t\t\t\t<div class=\"elementor-column elementor-col-50 elementor-top-column elementor-element elementor-element-1c4890f\" data-id=\"1c4890f\" data-element_type=\"column\" data-e-type=\"column\">\n\t\t\t<div class=\"elementor-widget-wrap elementor-element-populated\">\n\t\t\t\t\t\t<div class=\"elementor-element elementor-element-7c56e18 elementor-widget elementor-widget-text-editor\" data-id=\"7c56e18\" data-element_type=\"widget\" data-e-type=\"widget\" data-widget_type=\"text-editor.default\">\n\t\t\t\t<div class=\"elementor-widget-container\">\n\t\t\t\t\t\t\t\t\tValorisez votre savoir-faire en r\u00e9alisant les montages les plus cr\u00e9atifs et techniques, en toute simplicit\u00e9. Pour les opticiens amoureux de leur art, Briot Couture est une meuleuse tr\u00e8s intuitive dot\u00e9e de la premi\u00e8re technologie au monde de mod\u00e9lisation 3D des verres.  Gr\u00e2ce \u00e0 la pr\u00e9visualisation 3D, vous obtenez une vue compl\u00e8te du r\u00e9sultat final et pouvez d\u00e9terminer facilement et rapidement l\u2019adaptation verres-monture parfaite, avant m\u00eame de commander vos verres. Briot Couture vous permet de contr\u00f4ler totalement le processus de meulage, avec d\u00e9talonnage du biseau pour une meilleure finition. Vous pouvez ainsi proposer \u00e0 vos clients les montages les plus cr\u00e9atifs et complexes avec une pr\u00e9cision absolue, en \u00e9tant confiant quant \u00e0 qualit\u00e9 du produit fini.\t\t\t\t\t\t\t\t<\/div>\n\t\t\t\t<\/div>\n\t\t\t\t<div class=\"elementor-element elementor-element-3e6e7f4 elementor-widget elementor-widget-button\" data-id=\"3e6e7f4\" data-element_type=\"widget\" data-e-type=\"widget\" data-widget_type=\"button.default\">\n\t\t\t\t<div class=\"elementor-widget-container\">\n\t\t\t\t\t\t\t\t\t<div class=\"elementor-button-wrapper\">\n\t\t\t\t\t<a class=\"elementor-button elementor-button-link elementor-size-sm\" href=\"https:\/\/www.visionix.com\/fr\/contact\/\">\n\t\t\t\t\t\t<span class=\"elementor-button-content-wrapper\">\n\t\t\t\t\t\t\t\t\t<span class=\"elementor-button-text\">Parler \u00e0 un conseiller<\/span>\n\t\t\t\t\t<\/span>\n\t\t\t\t\t<\/a>\n\t\t\t\t<\/div>\n\t\t\t\t\t\t\t\t<\/div>\n\t\t\t\t<\/div>\n\t\t\t\t\t<\/div>\n\t\t<\/div>\n\t\t\t\t<div class=\"elementor-column elementor-col-50 elementor-top-column elementor-element elementor-element-2a0eac1\" data-id=\"2a0eac1\" data-element_type=\"column\" data-e-type=\"column\">\n\t\t\t<div class=\"elementor-widget-wrap elementor-element-populated\">\n\t\t\t\t\t\t<div class=\"elementor-element elementor-element-7ad802d elementor-widget elementor-widget-image\" data-id=\"7ad802d\" data-element_type=\"widget\" data-e-type=\"widget\" data-widget_type=\"image.default\">\n\t\t\t\t<div class=\"elementor-widget-container\">\n\t\t\t\t\t\t\t\t\t\t\t\t\t\t\t<img decoding=\"async\" width=\"800\" height=\"573\" src=\"https:\/\/www.visionix.com\/wp-content\/uploads\/2022\/03\/Briot-couture-machine.png\" class=\"attachment-large size-large wp-image-6188\" alt=\"\" srcset=\"https:\/\/www.visionix.com\/wp-content\/uploads\/2022\/03\/Briot-couture-machine.png 1021w, https:\/\/www.visionix.com\/wp-content\/uploads\/2022\/03\/Briot-couture-machine-300x215.png 300w, https:\/\/www.visionix.com\/wp-content\/uploads\/2022\/03\/Briot-couture-machine-768x550.png 768w, https:\/\/www.visionix.com\/wp-content\/uploads\/2022\/03\/Briot-couture-machine-600x430.png 600w\" sizes=\"(max-width: 800px) 100vw, 800px\" \/>\t\t\t\t\t\t\t\t\t\t\t\t\t\t\t<\/div>\n\t\t\t\t<\/div>\n\t\t\t\t\t<\/div>\n\t\t<\/div>\n\t\t\t\t\t<\/div>\n\t\t<\/section>\n\t\t\t\t<\/div>\n\t\t","protected":false},"excerpt":{"rendered":"<p>Magasin d\u2019optique \u2013 qualit\u00e9 du service Optimisez l\u2019exp\u00e9rience client Fid\u00e9lisez vos clients et proposez un service et une exp\u00e9rience marquants dans votre magasin gr\u00e2ce \u00e0 des solutions innovantes et intuitives. R\u00e9alisez facilement tous vos montages, m\u00eames les plus techniques, en valorisant votre savoir-faire. Vous souhaitez proposer une exp\u00e9rience innovante \u00e0 vos clients en prenant soin [&hellip;]<\/p>\n","protected":false},"author":1,"featured_media":0,"parent":29198,"menu_order":0,"comment_status":"closed","ping_status":"closed","template":"","meta":{"_acf_changed":false,"content-type":"","footnotes":""},"class_list":["post-29874","page","type-page","status-publish","hentry"],"acf":[],"_links":{"self":[{"href":"https:\/\/www.visionix.com\/fr\/wp-json\/wp\/v2\/pages\/29874","targetHints":{"allow":["GET"]}}],"collection":[{"href":"https:\/\/www.visionix.com\/fr\/wp-json\/wp\/v2\/pages"}],"about":[{"href":"https:\/\/www.visionix.com\/fr\/wp-json\/wp\/v2\/types\/page"}],"author":[{"embeddable":true,"href":"https:\/\/www.visionix.com\/fr\/wp-json\/wp\/v2\/users\/1"}],"replies":[{"embeddable":true,"href":"https:\/\/www.visionix.com\/fr\/wp-json\/wp\/v2\/comments?post=29874"}],"version-history":[{"count":7,"href":"https:\/\/www.visionix.com\/fr\/wp-json\/wp\/v2\/pages\/29874\/revisions"}],"predecessor-version":[{"id":73484,"href":"https:\/\/www.visionix.com\/fr\/wp-json\/wp\/v2\/pages\/29874\/revisions\/73484"}],"up":[{"embeddable":true,"href":"https:\/\/www.visionix.com\/fr\/wp-json\/wp\/v2\/pages\/29198"}],"wp:attachment":[{"href":"https:\/\/www.visionix.com\/fr\/wp-json\/wp\/v2\/media?parent=29874"}],"curies":[{"name":"wp","href":"https:\/\/api.w.org\/{rel}","templated":true}]}}