{"id":29864,"date":"2022-02-08T11:15:03","date_gmt":"2022-02-08T10:15:03","guid":{"rendered":"https:\/\/www.visionix.com\/optical-retail\/chain\/"},"modified":"2025-08-21T10:05:03","modified_gmt":"2025-08-21T08:05:03","slug":"magasin-d-optique-service-de-sante-visuelle","status":"publish","type":"page","link":"https:\/\/www.visionix.com\/fr\/opticiens\/magasin-d-optique-service-de-sante-visuelle\/","title":{"rendered":"Magasin d\u2019optique \u2013 Service de sant\u00e9 visuelle \u200b"},"content":{"rendered":"\t\t<div data-elementor-type=\"wp-page\" data-elementor-id=\"29864\" class=\"elementor elementor-29864 elementor-86\" data-elementor-post-type=\"page\">\n\t\t\t\t\t\t<section class=\"elementor-section elementor-top-section elementor-element elementor-element-6fa80f9 elementor-section-boxed elementor-section-height-default elementor-section-height-default\" data-id=\"6fa80f9\" data-element_type=\"section\" data-e-type=\"section\">\n\t\t\t\t\t\t<div class=\"elementor-container elementor-column-gap-default\">\n\t\t\t\t\t<div class=\"elementor-column elementor-col-50 elementor-top-column elementor-element elementor-element-212d035\" data-id=\"212d035\" data-element_type=\"column\" data-e-type=\"column\">\n\t\t\t<div class=\"elementor-widget-wrap elementor-element-populated\">\n\t\t\t\t\t\t<div class=\"elementor-element elementor-element-eca30b2 elementor-widget elementor-widget-heading\" data-id=\"eca30b2\" data-element_type=\"widget\" data-e-type=\"widget\" data-widget_type=\"heading.default\">\n\t\t\t\t<div class=\"elementor-widget-container\">\n\t\t\t\t\t<h3 class=\"elementor-heading-title elementor-size-default\">Magasin d\u2019optique \u2013 Service de sant\u00e9 visuelle <\/h3>\t\t\t\t<\/div>\n\t\t\t\t<\/div>\n\t\t\t\t<div class=\"elementor-element elementor-element-78fa2f9 elementor-widget elementor-widget-heading\" data-id=\"78fa2f9\" data-element_type=\"widget\" data-e-type=\"widget\" data-widget_type=\"heading.default\">\n\t\t\t\t<div class=\"elementor-widget-container\">\n\t\t\t\t\t<h1 class=\"elementor-heading-title elementor-size-default\">L\u2019expertise de l\u2019opticien au service de la sant\u00e9 visuelle <\/h1>\t\t\t\t<\/div>\n\t\t\t\t<\/div>\n\t\t\t\t<div class=\"elementor-element elementor-element-48ab4f9 elementor-widget elementor-widget-text-editor\" data-id=\"48ab4f9\" data-element_type=\"widget\" data-e-type=\"widget\" data-widget_type=\"text-editor.default\">\n\t\t\t\t<div class=\"elementor-widget-container\">\n\t\t\t\t\t\t\t\t\tL\u2019opticien tient un r\u00f4le de premi\u00e8re ligne dans l\u2019acc\u00e8s \u00e0 la sant\u00e9 visuelle. Apportez satisfaction \u00e0 vos clients en faisant valoir votre expertise gr\u00e2ce \u00e0 des solutions innovantes et intuitives, sans compromis sur l\u2019efficacit\u00e9 op\u00e9rationnelle.\t\t\t\t\t\t\t\t<\/div>\n\t\t\t\t<\/div>\n\t\t\t\t\t<\/div>\n\t\t<\/div>\n\t\t\t\t<div class=\"elementor-column elementor-col-50 elementor-top-column elementor-element elementor-element-bb3dec6\" data-id=\"bb3dec6\" data-element_type=\"column\" data-e-type=\"column\">\n\t\t\t<div class=\"elementor-widget-wrap elementor-element-populated\">\n\t\t\t\t\t\t<div class=\"elementor-element elementor-element-c195ddf elementor-widget elementor-widget-image\" data-id=\"c195ddf\" data-element_type=\"widget\" data-e-type=\"widget\" data-widget_type=\"image.default\">\n\t\t\t\t<div class=\"elementor-widget-container\">\n\t\t\t\t\t\t\t\t\t\t\t\t\t\t\t<img fetchpriority=\"high\" decoding=\"async\" width=\"800\" height=\"498\" src=\"https:\/\/www.visionix.com\/wp-content\/uploads\/2022\/05\/vx650-interface-1024x637.png\" class=\"attachment-large size-large wp-image-27887\" alt=\"\" srcset=\"https:\/\/www.visionix.com\/wp-content\/uploads\/2022\/05\/vx650-interface-1024x637.png 1024w, https:\/\/www.visionix.com\/wp-content\/uploads\/2022\/05\/vx650-interface-300x187.png 300w, https:\/\/www.visionix.com\/wp-content\/uploads\/2022\/05\/vx650-interface-768x478.png 768w, https:\/\/www.visionix.com\/wp-content\/uploads\/2022\/05\/vx650-interface-600x373.png 600w, https:\/\/www.visionix.com\/wp-content\/uploads\/2022\/05\/vx650-interface.png 1339w\" sizes=\"(max-width: 800px) 100vw, 800px\" \/>\t\t\t\t\t\t\t\t\t\t\t\t\t\t\t<\/div>\n\t\t\t\t<\/div>\n\t\t\t\t\t<\/div>\n\t\t<\/div>\n\t\t\t\t\t<\/div>\n\t\t<\/section>\n\t\t\t\t<section class=\"elementor-section elementor-top-section elementor-element elementor-element-90c495a elementor-section-boxed elementor-section-height-default elementor-section-height-default\" data-id=\"90c495a\" data-element_type=\"section\" data-e-type=\"section\">\n\t\t\t\t\t\t<div class=\"elementor-container elementor-column-gap-default\">\n\t\t\t\t\t<div class=\"elementor-column elementor-col-50 elementor-top-column elementor-element elementor-element-5ab1ac7\" data-id=\"5ab1ac7\" data-element_type=\"column\" data-e-type=\"column\">\n\t\t\t<div class=\"elementor-widget-wrap elementor-element-populated\">\n\t\t\t\t\t\t<div class=\"elementor-element elementor-element-82d04fe elementor-widget elementor-widget-image\" data-id=\"82d04fe\" data-element_type=\"widget\" data-e-type=\"widget\" data-widget_type=\"image.default\">\n\t\t\t\t<div class=\"elementor-widget-container\">\n\t\t\t\t\t\t\t\t\t\t\t\t\t\t\t<img decoding=\"async\" width=\"800\" height=\"534\" src=\"https:\/\/www.visionix.com\/wp-content\/uploads\/2022\/05\/pexels-karolina-grabowska-5201992-1-1024x683.jpg\" class=\"attachment-large size-large wp-image-27896\" alt=\"Photo by Karolina Grabowska: https:\/\/www.pexels.com\/fr-fr\/photo\/bois-industrie-biere-entrepot-5201988\/\" srcset=\"https:\/\/www.visionix.com\/wp-content\/uploads\/2022\/05\/pexels-karolina-grabowska-5201992-1-1024x683.jpg 1024w, https:\/\/www.visionix.com\/wp-content\/uploads\/2022\/05\/pexels-karolina-grabowska-5201992-1-300x200.jpg 300w, https:\/\/www.visionix.com\/wp-content\/uploads\/2022\/05\/pexels-karolina-grabowska-5201992-1-768x512.jpg 768w, https:\/\/www.visionix.com\/wp-content\/uploads\/2022\/05\/pexels-karolina-grabowska-5201992-1-1536x1024.jpg 1536w, https:\/\/www.visionix.com\/wp-content\/uploads\/2022\/05\/pexels-karolina-grabowska-5201992-1-2048x1365.jpg 2048w, https:\/\/www.visionix.com\/wp-content\/uploads\/2022\/05\/pexels-karolina-grabowska-5201992-1-600x400.jpg 600w\" sizes=\"(max-width: 800px) 100vw, 800px\" \/>\t\t\t\t\t\t\t\t\t\t\t\t\t\t\t<\/div>\n\t\t\t\t<\/div>\n\t\t\t\t\t<\/div>\n\t\t<\/div>\n\t\t\t\t<div class=\"elementor-column elementor-col-50 elementor-top-column elementor-element elementor-element-ecd1c29\" data-id=\"ecd1c29\" data-element_type=\"column\" data-e-type=\"column\">\n\t\t\t<div class=\"elementor-widget-wrap elementor-element-populated\">\n\t\t\t\t\t\t<div class=\"elementor-element elementor-element-5cefe3b elementor-widget__width-initial elementor-widget elementor-widget-heading\" data-id=\"5cefe3b\" data-element_type=\"widget\" data-e-type=\"widget\" data-widget_type=\"heading.default\">\n\t\t\t\t<div class=\"elementor-widget-container\">\n\t\t\t\t\t<h2 class=\"elementor-heading-title elementor-size-default\">Eye Refract : la r\u00e9fraction guid\u00e9e par IA en quelques minutes<\/h2>\t\t\t\t<\/div>\n\t\t\t\t<\/div>\n\t\t\t\t<div class=\"elementor-element elementor-element-5dfd5a1 elementor-widget__width-initial elementor-widget elementor-widget-text-editor\" data-id=\"5dfd5a1\" data-element_type=\"widget\" data-e-type=\"widget\" data-widget_type=\"text-editor.default\">\n\t\t\t\t<div class=\"elementor-widget-container\">\n\t\t\t\t\t\t\t\t\t<p>Vos clients m\u00e9ritent toute votre attention, et la meilleure prise en charge possible. Visionix accompagne les opticiens de sant\u00e9 au quotidien en proposant Eye Refract, la solution de r\u00e9fraction binoculaire guid\u00e9e par l\u2019intelligence artificielle, qui sur des technologies de pointe. Eye Refract vous permet de proposer un examen de vue \u00e0 tous vos clients, et vous aide au quotidien \u00e0 conseiller l\u2019\u00e9quipement le plus adapt\u00e9 aux besoins de chacun. Con\u00e7u pour offrir des r\u00e9sultats de haute pr\u00e9cision, Eye Refract mesure la r\u00e9fraction physiologique et d\u00e9termine la prescription la plus confortable pour vos porteurs en seulement quelques minutes.<\/p>\t\t\t\t\t\t\t\t<\/div>\n\t\t\t\t<\/div>\n\t\t\t\t<div class=\"elementor-element elementor-element-26318d2 elementor-widget elementor-widget-button\" data-id=\"26318d2\" data-element_type=\"widget\" data-e-type=\"widget\" data-widget_type=\"button.default\">\n\t\t\t\t<div class=\"elementor-widget-container\">\n\t\t\t\t\t\t\t\t\t<div class=\"elementor-button-wrapper\">\n\t\t\t\t\t<a class=\"elementor-button elementor-button-link elementor-size-sm\" href=\"https:\/\/www.visionix.com\/fr\/contact\/\">\n\t\t\t\t\t\t<span class=\"elementor-button-content-wrapper\">\n\t\t\t\t\t\t\t\t\t<span class=\"elementor-button-text\">Parler avec un conseiller<\/span>\n\t\t\t\t\t<\/span>\n\t\t\t\t\t<\/a>\n\t\t\t\t<\/div>\n\t\t\t\t\t\t\t\t<\/div>\n\t\t\t\t<\/div>\n\t\t\t\t\t<\/div>\n\t\t<\/div>\n\t\t\t\t\t<\/div>\n\t\t<\/section>\n\t\t\t\t<section class=\"elementor-section elementor-top-section elementor-element elementor-element-48aefc4 elementor-section-boxed elementor-section-height-default elementor-section-height-default\" data-id=\"48aefc4\" data-element_type=\"section\" data-e-type=\"section\">\n\t\t\t\t\t\t<div class=\"elementor-container elementor-column-gap-default\">\n\t\t\t\t\t<div class=\"elementor-column elementor-col-50 elementor-top-column elementor-element elementor-element-a6c4770\" data-id=\"a6c4770\" data-element_type=\"column\" data-e-type=\"column\">\n\t\t\t<div class=\"elementor-widget-wrap elementor-element-populated\">\n\t\t\t\t\t\t<div class=\"elementor-element elementor-element-2a9b568 elementor-widget__width-initial elementor-widget elementor-widget-heading\" data-id=\"2a9b568\" data-element_type=\"widget\" data-e-type=\"widget\" data-widget_type=\"heading.default\">\n\t\t\t\t<div class=\"elementor-widget-container\">\n\t\t\t\t\t<h2 class=\"elementor-heading-title elementor-size-default\">VX 120+ multimodal : d\u00e9pistage et analyse compl\u00e8te du segment ant\u00e9rieur<\/h2>\t\t\t\t<\/div>\n\t\t\t\t<\/div>\n\t\t\t\t<div class=\"elementor-element elementor-element-719a01e elementor-widget elementor-widget-text-editor\" data-id=\"719a01e\" data-element_type=\"widget\" data-e-type=\"widget\" data-widget_type=\"text-editor.default\">\n\t\t\t\t<div class=\"elementor-widget-container\">\n\t\t\t\t\t\t\t\t\t<p>Fid\u00e9lisez vos clients gr\u00e2ce \u00e0 votre expertise. Le dispositif multimodal d\u2019analyse du segment ant\u00e9rieur VX120+ vous permet d\u2019obtenir une visibilit\u00e9 compl\u00e8te sur l\u2019\u00e9tat g\u00e9n\u00e9ral de l\u2019\u0153il pour\u00a0:<\/p><ul><li>Alerter sur des pathologies communes telles que le k\u00e9ratoc\u00f4ne, la cataracte ou le glaucome<\/li><li>Aider \u00e0 d\u00e9terminer et corriger les d\u00e9fauts de visions y compris ceux affectant la vision nocturne.<\/li><li>Faciliter votre travail d\u2019adaptation de lentilles sp\u00e9ciales<\/li><\/ul><p>\u00a0<\/p><p>Dans sa version VX120+ Dry Eye, il permet le d\u00e9pistage et le suivi de la s\u00e9cheresse oculaire.<\/p>\t\t\t\t\t\t\t\t<\/div>\n\t\t\t\t<\/div>\n\t\t\t\t<div class=\"elementor-element elementor-element-b38f882 elementor-widget elementor-widget-button\" data-id=\"b38f882\" data-element_type=\"widget\" data-e-type=\"widget\" data-widget_type=\"button.default\">\n\t\t\t\t<div class=\"elementor-widget-container\">\n\t\t\t\t\t\t\t\t\t<div class=\"elementor-button-wrapper\">\n\t\t\t\t\t<a class=\"elementor-button elementor-button-link elementor-size-sm\" href=\"https:\/\/www.visionix.com\/fr\/contact\/\">\n\t\t\t\t\t\t<span class=\"elementor-button-content-wrapper\">\n\t\t\t\t\t\t\t\t\t<span class=\"elementor-button-text\">Parler avec un conseiller<\/span>\n\t\t\t\t\t<\/span>\n\t\t\t\t\t<\/a>\n\t\t\t\t<\/div>\n\t\t\t\t\t\t\t\t<\/div>\n\t\t\t\t<\/div>\n\t\t\t\t\t<\/div>\n\t\t<\/div>\n\t\t\t\t<div class=\"elementor-column elementor-col-50 elementor-top-column elementor-element elementor-element-cc70928\" data-id=\"cc70928\" data-element_type=\"column\" data-e-type=\"column\">\n\t\t\t<div class=\"elementor-widget-wrap elementor-element-populated\">\n\t\t\t\t\t\t<div class=\"elementor-element elementor-element-e516699 elementor-widget elementor-widget-image\" data-id=\"e516699\" data-element_type=\"widget\" data-e-type=\"widget\" data-widget_type=\"image.default\">\n\t\t\t\t<div class=\"elementor-widget-container\">\n\t\t\t\t\t\t\t\t\t\t\t\t\t\t\t<img decoding=\"async\" width=\"600\" height=\"600\" src=\"https:\/\/www.visionix.com\/wp-content\/uploads\/2022\/03\/VX120-Dry-Eye.jpg\" class=\"attachment-large size-large wp-image-2587\" alt=\"\" srcset=\"https:\/\/www.visionix.com\/wp-content\/uploads\/2022\/03\/VX120-Dry-Eye.jpg 600w, https:\/\/www.visionix.com\/wp-content\/uploads\/2022\/03\/VX120-Dry-Eye-300x300.jpg 300w, https:\/\/www.visionix.com\/wp-content\/uploads\/2022\/03\/VX120-Dry-Eye-150x150.jpg 150w, https:\/\/www.visionix.com\/wp-content\/uploads\/2022\/03\/VX120-Dry-Eye-32x32.jpg 32w, https:\/\/www.visionix.com\/wp-content\/uploads\/2022\/03\/VX120-Dry-Eye-100x100.jpg 100w\" sizes=\"(max-width: 600px) 100vw, 600px\" \/>\t\t\t\t\t\t\t\t\t\t\t\t\t\t\t<\/div>\n\t\t\t\t<\/div>\n\t\t\t\t\t<\/div>\n\t\t<\/div>\n\t\t\t\t\t<\/div>\n\t\t<\/section>\n\t\t\t\t<section class=\"elementor-section elementor-top-section elementor-element elementor-element-9bf4fb1 elementor-section-boxed elementor-section-height-default elementor-section-height-default\" data-id=\"9bf4fb1\" data-element_type=\"section\" data-e-type=\"section\" data-settings=\"{&quot;background_background&quot;:&quot;classic&quot;}\">\n\t\t\t\t\t\t<div class=\"elementor-container elementor-column-gap-default\">\n\t\t\t\t\t<div class=\"elementor-column elementor-col-100 elementor-top-column elementor-element elementor-element-f37b359\" data-id=\"f37b359\" data-element_type=\"column\" data-e-type=\"column\">\n\t\t\t<div class=\"elementor-widget-wrap elementor-element-populated\">\n\t\t\t\t\t\t<div class=\"elementor-element elementor-element-c9f38fa elementor-widget elementor-widget-ucaddon_logo_card_testimonial\" data-id=\"c9f38fa\" data-element_type=\"widget\" data-e-type=\"widget\" data-widget_type=\"ucaddon_logo_card_testimonial.default\">\n\t\t\t\t<div class=\"elementor-widget-container\">\n\t\t\t\t\t\n<!-- start Testimonial Card -->\n<style>\/* widget: Testimonial Card *\/\n\n#uc_logo_card_testimonial_elementor_c9f38fa *{\n\tbox-sizing: border-box;\n}\n\n#uc_logo_card_testimonial_elementor_c9f38fa .ue-image\n{\n  display:inline-flex;\n}\n\n#uc_logo_card_testimonial_elementor_c9f38fa .ue-image img\n{\n  width:100%;\n  object-fit: cover;\n}\n\n#uc_logo_card_testimonial_elementor_c9f38fa .ue-logo\n{\n  display:inline-block;\n}\n\n<\/style>\n\n<div class=\"ue-card\" id=\"uc_logo_card_testimonial_elementor_c9f38fa\">\n            \t<div class=\"ue-image\"><img loading=\"lazy\" decoding=\"async\" src=\"https:\/\/www.visionix.com\/wp-content\/uploads\/2022\/03\/Amelioration-service-client_Gris.svg\"  src=\"https:\/\/www.visionix.com\/wp-content\/uploads\/2022\/03\/Amelioration-service-client_Gris.svg\" alt=\"Icone Service client\" width=\"768\" height=\"0\"><\/div>\n                <div class=\"ue-text\"><h3>L\u2019importance de l\u2019examen de vue <\/h3>\n<em>\u201cEn quelques minutes, on r\u00e9alise l\u2019ensemble de l\u2019examen de vue, du d\u00e9pistage simple \u00e0 l\u2019\u00e9quilibre binoculaire et nous disposons d\u2019informations compl\u00e8tes. Eye Refract remet l\u2019examen de vue au c\u0153ur du dispositif, de la recherche des besoins et du parcours client .\u201d<\/em><\/div>\n                <div class=\"ue-title\">Marc Notarianni,<\/div>\n                <div class=\"ue-subtitle\">G\u00e9rant Louvres Optic.<\/div>\n                <div class=\"ue-logo\"><img decoding=\"async\" src=\"https:\/\/www.visionix.com\/wp-content\/uploads\/2022\/06\/optic-2000-logo-1575453460100.png\" style=\"width:100%;\" ><\/div>\n<\/div>\n<!-- end Testimonial Card -->\t\t\t\t<\/div>\n\t\t\t\t<\/div>\n\t\t\t\t\t<\/div>\n\t\t<\/div>\n\t\t\t\t\t<\/div>\n\t\t<\/section>\n\t\t\t\t<\/div>\n\t\t","protected":false},"excerpt":{"rendered":"<p>Magasin d\u2019optique \u2013 Service de sant\u00e9 visuelle L\u2019expertise de l\u2019opticien au service de la sant\u00e9 visuelle L\u2019opticien tient un r\u00f4le de premi\u00e8re ligne dans l\u2019acc\u00e8s \u00e0 la sant\u00e9 visuelle. Apportez satisfaction \u00e0 vos clients en faisant valoir votre expertise gr\u00e2ce \u00e0 des solutions innovantes et intuitives, sans compromis sur l\u2019efficacit\u00e9 op\u00e9rationnelle. Eye Refract : la [&hellip;]<\/p>\n","protected":false},"author":1,"featured_media":0,"parent":29198,"menu_order":0,"comment_status":"closed","ping_status":"closed","template":"","meta":{"_acf_changed":false,"content-type":"","footnotes":""},"class_list":["post-29864","page","type-page","status-publish","hentry"],"acf":[],"_links":{"self":[{"href":"https:\/\/www.visionix.com\/fr\/wp-json\/wp\/v2\/pages\/29864","targetHints":{"allow":["GET"]}}],"collection":[{"href":"https:\/\/www.visionix.com\/fr\/wp-json\/wp\/v2\/pages"}],"about":[{"href":"https:\/\/www.visionix.com\/fr\/wp-json\/wp\/v2\/types\/page"}],"author":[{"embeddable":true,"href":"https:\/\/www.visionix.com\/fr\/wp-json\/wp\/v2\/users\/1"}],"replies":[{"embeddable":true,"href":"https:\/\/www.visionix.com\/fr\/wp-json\/wp\/v2\/comments?post=29864"}],"version-history":[{"count":23,"href":"https:\/\/www.visionix.com\/fr\/wp-json\/wp\/v2\/pages\/29864\/revisions"}],"predecessor-version":[{"id":73492,"href":"https:\/\/www.visionix.com\/fr\/wp-json\/wp\/v2\/pages\/29864\/revisions\/73492"}],"up":[{"embeddable":true,"href":"https:\/\/www.visionix.com\/fr\/wp-json\/wp\/v2\/pages\/29198"}],"wp:attachment":[{"href":"https:\/\/www.visionix.com\/fr\/wp-json\/wp\/v2\/media?parent=29864"}],"curies":[{"name":"wp","href":"https:\/\/api.w.org\/{rel}","templated":true}]}}