{"id":29180,"date":"2022-02-08T11:21:19","date_gmt":"2022-02-08T10:21:19","guid":{"rendered":"https:\/\/www.visionix.com\/ophtalmologie\/ophthalmology-practice-owner\/"},"modified":"2025-08-21T10:32:27","modified_gmt":"2025-08-21T08:32:27","slug":"cabinet-d-ophtalmologie","status":"publish","type":"page","link":"https:\/\/www.visionix.com\/fr\/ophtalmologie\/cabinet-d-ophtalmologie\/","title":{"rendered":"Cabinet d\u2019ophtalmologie"},"content":{"rendered":"\t\t<div data-elementor-type=\"wp-page\" data-elementor-id=\"29180\" class=\"elementor elementor-29180 elementor-95\" data-elementor-post-type=\"page\">\n\t\t\t\t\t\t<section class=\"elementor-section elementor-top-section elementor-element elementor-element-1a55eed elementor-section-boxed elementor-section-height-default elementor-section-height-default\" data-id=\"1a55eed\" data-element_type=\"section\" data-e-type=\"section\">\n\t\t\t\t\t\t<div class=\"elementor-container elementor-column-gap-default\">\n\t\t\t\t\t<div class=\"elementor-column elementor-col-50 elementor-top-column elementor-element elementor-element-c356549\" data-id=\"c356549\" data-element_type=\"column\" data-e-type=\"column\">\n\t\t\t<div class=\"elementor-widget-wrap elementor-element-populated\">\n\t\t\t\t\t\t<div class=\"elementor-element elementor-element-1646381 elementor-widget elementor-widget-heading\" data-id=\"1646381\" data-element_type=\"widget\" data-e-type=\"widget\" data-widget_type=\"heading.default\">\n\t\t\t\t<div class=\"elementor-widget-container\">\n\t\t\t\t\t<h3 class=\"elementor-heading-title elementor-size-default\">Cabinet d\u2019ophtalmologie <\/h3>\t\t\t\t<\/div>\n\t\t\t\t<\/div>\n\t\t\t\t<div class=\"elementor-element elementor-element-b5e875a elementor-widget elementor-widget-heading\" data-id=\"b5e875a\" data-element_type=\"widget\" data-e-type=\"widget\" data-widget_type=\"heading.default\">\n\t\t\t\t<div class=\"elementor-widget-container\">\n\t\t\t\t\t<h1 class=\"elementor-heading-title elementor-size-default\">Davantage de temps pour les patients<\/h1>\t\t\t\t<\/div>\n\t\t\t\t<\/div>\n\t\t\t\t<div class=\"elementor-element elementor-element-868e62f elementor-widget elementor-widget-text-editor\" data-id=\"868e62f\" data-element_type=\"widget\" data-e-type=\"widget\" data-widget_type=\"text-editor.default\">\n\t\t\t\t<div class=\"elementor-widget-container\">\n\t\t\t\t\t\t\t\t\tNos technologies innovantes rendent les examens de pr\u00e9-consultation facilement d\u00e9l\u00e9gables au personnel m\u00e9dical. Gr\u00e2ce \u00e0 nos solutions automatis\u00e9es, l\u2019organisation des flux de patients en cabinet peut \u00eatre enti\u00e8rement repens\u00e9e, avec moins de d\u00e9placements et des examens plus complets.\t\t\t\t\t\t\t\t<\/div>\n\t\t\t\t<\/div>\n\t\t\t\t\t<\/div>\n\t\t<\/div>\n\t\t\t\t<div class=\"elementor-column elementor-col-50 elementor-top-column elementor-element elementor-element-618abd6\" data-id=\"618abd6\" data-element_type=\"column\" data-e-type=\"column\">\n\t\t\t<div class=\"elementor-widget-wrap elementor-element-populated\">\n\t\t\t\t\t\t<div class=\"elementor-element elementor-element-2005d20 elementor-widget elementor-widget-image\" data-id=\"2005d20\" data-element_type=\"widget\" data-e-type=\"widget\" data-widget_type=\"image.default\">\n\t\t\t\t<div class=\"elementor-widget-container\">\n\t\t\t\t\t\t\t\t\t\t\t\t\t\t\t<img fetchpriority=\"high\" decoding=\"async\" width=\"800\" height=\"800\" src=\"https:\/\/www.visionix.com\/wp-content\/uploads\/2022\/03\/Request-a-quote2.png\" class=\"attachment-large size-large wp-image-10298\" alt=\"\" srcset=\"https:\/\/www.visionix.com\/wp-content\/uploads\/2022\/03\/Request-a-quote2.png 900w, https:\/\/www.visionix.com\/wp-content\/uploads\/2022\/03\/Request-a-quote2-300x300.png 300w, https:\/\/www.visionix.com\/wp-content\/uploads\/2022\/03\/Request-a-quote2-150x150.png 150w, https:\/\/www.visionix.com\/wp-content\/uploads\/2022\/03\/Request-a-quote2-768x768.png 768w, https:\/\/www.visionix.com\/wp-content\/uploads\/2022\/03\/Request-a-quote2-32x32.png 32w, https:\/\/www.visionix.com\/wp-content\/uploads\/2022\/03\/Request-a-quote2-600x600.png 600w, https:\/\/www.visionix.com\/wp-content\/uploads\/2022\/03\/Request-a-quote2-100x100.png 100w\" sizes=\"(max-width: 800px) 100vw, 800px\" \/>\t\t\t\t\t\t\t\t\t\t\t\t\t\t\t<\/div>\n\t\t\t\t<\/div>\n\t\t\t\t\t<\/div>\n\t\t<\/div>\n\t\t\t\t\t<\/div>\n\t\t<\/section>\n\t\t\t\t<section class=\"elementor-section elementor-top-section elementor-element elementor-element-c116a91 elementor-section-boxed elementor-section-height-default elementor-section-height-default\" data-id=\"c116a91\" data-element_type=\"section\" data-e-type=\"section\">\n\t\t\t\t\t\t<div class=\"elementor-container elementor-column-gap-default\">\n\t\t\t\t\t<div class=\"elementor-column elementor-col-50 elementor-top-column elementor-element elementor-element-9d33823\" data-id=\"9d33823\" data-element_type=\"column\" data-e-type=\"column\">\n\t\t\t<div class=\"elementor-widget-wrap elementor-element-populated\">\n\t\t\t\t\t\t<div class=\"elementor-element elementor-element-1348f6d elementor-widget elementor-widget-image\" data-id=\"1348f6d\" data-element_type=\"widget\" data-e-type=\"widget\" data-widget_type=\"image.default\">\n\t\t\t\t<div class=\"elementor-widget-container\">\n\t\t\t\t\t\t\t\t\t\t\t\t\t\t\t<img decoding=\"async\" width=\"800\" height=\"805\" src=\"https:\/\/www.visionix.com\/wp-content\/uploads\/2022\/03\/About-us-new-way-forward2-1-1018x1024.png\" class=\"attachment-large size-large wp-image-14780\" alt=\"Un m\u00e9decin montre le scan r\u00e9alis\u00e9 gr\u00e2ce au vx650 sur la machine iScan\" srcset=\"https:\/\/www.visionix.com\/wp-content\/uploads\/2022\/03\/About-us-new-way-forward2-1-1018x1024.png 1018w, https:\/\/www.visionix.com\/wp-content\/uploads\/2022\/03\/About-us-new-way-forward2-1-298x300.png 298w, https:\/\/www.visionix.com\/wp-content\/uploads\/2022\/03\/About-us-new-way-forward2-1-150x150.png 150w, https:\/\/www.visionix.com\/wp-content\/uploads\/2022\/03\/About-us-new-way-forward2-1-768x772.png 768w, https:\/\/www.visionix.com\/wp-content\/uploads\/2022\/03\/About-us-new-way-forward2-1-1527x1536.png 1527w, https:\/\/www.visionix.com\/wp-content\/uploads\/2022\/03\/About-us-new-way-forward2-1-32x32.png 32w, https:\/\/www.visionix.com\/wp-content\/uploads\/2022\/03\/About-us-new-way-forward2-1-600x603.png 600w, https:\/\/www.visionix.com\/wp-content\/uploads\/2022\/03\/About-us-new-way-forward2-1-100x100.png 100w, https:\/\/www.visionix.com\/wp-content\/uploads\/2022\/03\/About-us-new-way-forward2-1.png 1746w\" sizes=\"(max-width: 800px) 100vw, 800px\" \/>\t\t\t\t\t\t\t\t\t\t\t\t\t\t\t<\/div>\n\t\t\t\t<\/div>\n\t\t\t\t\t<\/div>\n\t\t<\/div>\n\t\t\t\t<div class=\"elementor-column elementor-col-50 elementor-top-column elementor-element elementor-element-5271efd\" data-id=\"5271efd\" data-element_type=\"column\" data-e-type=\"column\">\n\t\t\t<div class=\"elementor-widget-wrap elementor-element-populated\">\n\t\t\t\t\t\t<div class=\"elementor-element elementor-element-31fcde3 elementor-widget elementor-widget-heading\" data-id=\"31fcde3\" data-element_type=\"widget\" data-e-type=\"widget\" data-widget_type=\"heading.default\">\n\t\t\t\t<div class=\"elementor-widget-container\">\n\t\t\t\t\t<h2 class=\"elementor-heading-title elementor-size-default\">D\u00e9l\u00e9gation \u00e0 assistant : plus de temps pour le patient<\/h2>\t\t\t\t<\/div>\n\t\t\t\t<\/div>\n\t\t\t\t<div class=\"elementor-element elementor-element-ef44252 elementor-widget elementor-widget-text-editor\" data-id=\"ef44252\" data-element_type=\"widget\" data-e-type=\"widget\" data-widget_type=\"text-editor.default\">\n\t\t\t\t<div class=\"elementor-widget-container\">\n\t\t\t\t\t\t\t\t\t<p>D\u00e9l\u00e9guez la collecte des donn\u00e9es m\u00e9dicales \u00e0 un op\u00e9rateur form\u00e9 pour offrir plus de temps m\u00e9dical \u00e0 vos patients.<\/p><p>Nos instruments sont con\u00e7us pour \u00eatre intuitifs et simples \u00e0 prendre en main, ce qui permet de d\u00e9l\u00e9guer facilement la collecte des donn\u00e9es cliniques. Ainsi, l&rsquo;ophtalmologue peut se consacrer davantage \u00e0 l\u2019interpr\u00e9tation des donn\u00e9es, au traitement et au suivi des pathologies, et optimiser le temps de consultation avec les patients.<\/p>\t\t\t\t\t\t\t\t<\/div>\n\t\t\t\t<\/div>\n\t\t\t\t<div class=\"elementor-element elementor-element-8c1cf16 elementor-widget elementor-widget-button\" data-id=\"8c1cf16\" data-element_type=\"widget\" data-e-type=\"widget\" data-widget_type=\"button.default\">\n\t\t\t\t<div class=\"elementor-widget-container\">\n\t\t\t\t\t\t\t\t\t<div class=\"elementor-button-wrapper\">\n\t\t\t\t\t<a class=\"elementor-button elementor-button-link elementor-size-sm\" href=\"https:\/\/www.visionix.com\/fr\/contact\/\">\n\t\t\t\t\t\t<span class=\"elementor-button-content-wrapper\">\n\t\t\t\t\t\t\t\t\t<span class=\"elementor-button-text\">Parler \u00e0 un conseiller<\/span>\n\t\t\t\t\t<\/span>\n\t\t\t\t\t<\/a>\n\t\t\t\t<\/div>\n\t\t\t\t\t\t\t\t<\/div>\n\t\t\t\t<\/div>\n\t\t\t\t\t<\/div>\n\t\t<\/div>\n\t\t\t\t\t<\/div>\n\t\t<\/section>\n\t\t\t\t<section class=\"elementor-section elementor-top-section elementor-element elementor-element-4b86e76 elementor-section-boxed elementor-section-height-default elementor-section-height-default\" data-id=\"4b86e76\" data-element_type=\"section\" data-e-type=\"section\">\n\t\t\t\t\t\t<div class=\"elementor-container elementor-column-gap-default\">\n\t\t\t\t\t<div class=\"elementor-column elementor-col-50 elementor-top-column elementor-element elementor-element-2849de5\" data-id=\"2849de5\" data-element_type=\"column\" data-e-type=\"column\">\n\t\t\t<div class=\"elementor-widget-wrap elementor-element-populated\">\n\t\t\t\t\t\t<div class=\"elementor-element elementor-element-f994740 elementor-widget elementor-widget-heading\" data-id=\"f994740\" data-element_type=\"widget\" data-e-type=\"widget\" data-widget_type=\"heading.default\">\n\t\t\t\t<div class=\"elementor-widget-container\">\n\t\t\t\t\t<h2 class=\"elementor-heading-title elementor-size-default\">Eye Refract : performance, pr\u00e9cision et adoption intuitive<\/h2>\t\t\t\t<\/div>\n\t\t\t\t<\/div>\n\t\t\t\t<div class=\"elementor-element elementor-element-2a2ab0c elementor-widget elementor-widget-text-editor\" data-id=\"2a2ab0c\" data-element_type=\"widget\" data-e-type=\"widget\" data-widget_type=\"text-editor.default\">\n\t\t\t\t<div class=\"elementor-widget-container\">\n\t\t\t\t\t\t\t\t\t<p>L\u2019eye refract de Visionix est la solution de r\u00e9fraction binoculaire guid\u00e9e par l\u2019Intelligence Artificielle, id\u00e9ale pour les cabinets qui souhaitent d\u00e9l\u00e9guer et r\u00e9aliser plus rapidement la collecte des donn\u00e9es de r\u00e9fraction. Les r\u00e9sultats de l\u2019Eye Refract sont fiables, pr\u00e9cis et tr\u00e8s reproductibles.<\/p>\t\t\t\t\t\t\t\t<\/div>\n\t\t\t\t<\/div>\n\t\t\t\t<div class=\"elementor-element elementor-element-baf87e2 elementor-widget elementor-widget-button\" data-id=\"baf87e2\" data-element_type=\"widget\" data-e-type=\"widget\" data-widget_type=\"button.default\">\n\t\t\t\t<div class=\"elementor-widget-container\">\n\t\t\t\t\t\t\t\t\t<div class=\"elementor-button-wrapper\">\n\t\t\t\t\t<a class=\"elementor-button elementor-button-link elementor-size-sm\" href=\"https:\/\/www.visionix.com\/fr\/contact\/\">\n\t\t\t\t\t\t<span class=\"elementor-button-content-wrapper\">\n\t\t\t\t\t\t\t\t\t<span class=\"elementor-button-text\">Parler \u00e0 un conseiller<\/span>\n\t\t\t\t\t<\/span>\n\t\t\t\t\t<\/a>\n\t\t\t\t<\/div>\n\t\t\t\t\t\t\t\t<\/div>\n\t\t\t\t<\/div>\n\t\t\t\t\t<\/div>\n\t\t<\/div>\n\t\t\t\t<div class=\"elementor-column elementor-col-50 elementor-top-column elementor-element elementor-element-257086c\" data-id=\"257086c\" data-element_type=\"column\" data-e-type=\"column\">\n\t\t\t<div class=\"elementor-widget-wrap elementor-element-populated\">\n\t\t\t\t\t\t<div class=\"elementor-element elementor-element-8e5afb4 elementor-widget elementor-widget-image\" data-id=\"8e5afb4\" data-element_type=\"widget\" data-e-type=\"widget\" data-widget_type=\"image.default\">\n\t\t\t\t<div class=\"elementor-widget-container\">\n\t\t\t\t\t\t\t\t\t\t\t\t\t\t\t<img decoding=\"async\" width=\"800\" height=\"501\" src=\"https:\/\/www.visionix.com\/wp-content\/uploads\/2022\/05\/Screening-device-1024x641.png\" class=\"attachment-large size-large wp-image-27629\" alt=\"Screening device\" srcset=\"https:\/\/www.visionix.com\/wp-content\/uploads\/2022\/05\/Screening-device-1024x641.png 1024w, https:\/\/www.visionix.com\/wp-content\/uploads\/2022\/05\/Screening-device-300x188.png 300w, https:\/\/www.visionix.com\/wp-content\/uploads\/2022\/05\/Screening-device-768x481.png 768w, https:\/\/www.visionix.com\/wp-content\/uploads\/2022\/05\/Screening-device-600x376.png 600w, https:\/\/www.visionix.com\/wp-content\/uploads\/2022\/05\/Screening-device.png 1333w\" sizes=\"(max-width: 800px) 100vw, 800px\" \/>\t\t\t\t\t\t\t\t\t\t\t\t\t\t\t<\/div>\n\t\t\t\t<\/div>\n\t\t\t\t\t<\/div>\n\t\t<\/div>\n\t\t\t\t\t<\/div>\n\t\t<\/section>\n\t\t\t\t<section class=\"elementor-section elementor-top-section elementor-element elementor-element-59de791 elementor-section-boxed elementor-section-height-default elementor-section-height-default\" data-id=\"59de791\" data-element_type=\"section\" data-e-type=\"section\">\n\t\t\t\t\t\t<div class=\"elementor-container elementor-column-gap-default\">\n\t\t\t\t\t<div class=\"elementor-column elementor-col-50 elementor-top-column elementor-element elementor-element-47702c1\" data-id=\"47702c1\" data-element_type=\"column\" data-e-type=\"column\">\n\t\t\t<div class=\"elementor-widget-wrap elementor-element-populated\">\n\t\t\t\t\t\t<div class=\"elementor-element elementor-element-5a59c02 elementor-widget elementor-widget-image\" data-id=\"5a59c02\" data-element_type=\"widget\" data-e-type=\"widget\" data-widget_type=\"image.default\">\n\t\t\t\t<div class=\"elementor-widget-container\">\n\t\t\t\t\t\t\t\t\t\t\t\t\t\t\t<img loading=\"lazy\" decoding=\"async\" width=\"800\" height=\"531\" src=\"https:\/\/www.visionix.com\/wp-content\/uploads\/2022\/05\/full-exam-1024x680.png\" class=\"attachment-large size-large wp-image-27797\" alt=\"\" srcset=\"https:\/\/www.visionix.com\/wp-content\/uploads\/2022\/05\/full-exam-1024x680.png 1024w, https:\/\/www.visionix.com\/wp-content\/uploads\/2022\/05\/full-exam-300x199.png 300w, https:\/\/www.visionix.com\/wp-content\/uploads\/2022\/05\/full-exam-768x510.png 768w, https:\/\/www.visionix.com\/wp-content\/uploads\/2022\/05\/full-exam-600x399.png 600w, https:\/\/www.visionix.com\/wp-content\/uploads\/2022\/05\/full-exam.png 1255w\" sizes=\"(max-width: 800px) 100vw, 800px\" \/>\t\t\t\t\t\t\t\t\t\t\t\t\t\t\t<\/div>\n\t\t\t\t<\/div>\n\t\t\t\t\t<\/div>\n\t\t<\/div>\n\t\t\t\t<div class=\"elementor-column elementor-col-50 elementor-top-column elementor-element elementor-element-1bec92b\" data-id=\"1bec92b\" data-element_type=\"column\" data-e-type=\"column\">\n\t\t\t<div class=\"elementor-widget-wrap elementor-element-populated\">\n\t\t\t\t\t\t<div class=\"elementor-element elementor-element-5ed9190 elementor-widget elementor-widget-heading\" data-id=\"5ed9190\" data-element_type=\"widget\" data-e-type=\"widget\" data-widget_type=\"heading.default\">\n\t\t\t\t<div class=\"elementor-widget-container\">\n\t\t\t\t\t<h2 class=\"elementor-heading-title elementor-size-default\">Eye Refract : rapidit\u00e9, pr\u00e9cision et guidage par intelligence artificielle<\/h2>\t\t\t\t<\/div>\n\t\t\t\t<\/div>\n\t\t\t\t<div class=\"elementor-element elementor-element-b94db3d elementor-widget elementor-widget-text-editor\" data-id=\"b94db3d\" data-element_type=\"widget\" data-e-type=\"widget\" data-widget_type=\"text-editor.default\">\n\t\t\t\t<div class=\"elementor-widget-container\">\n\t\t\t\t\t\t\t\t\t<p>Les patients sont impressionn\u00e9s par l\u2019efficacit\u00e9 et la pr\u00e9cision de l\u2019eye refract qui r\u00e9alise l\u2019examen de vue deux fois plus vite que les r\u00e9fracteurs traditionnels avec un niveau de pr\u00e9cision \u00e9quivalent. L\u2019Eye Refract est non-op\u00e9rateur d\u00e9pendant, son utilisation est simple et sa prise en main rapide. L\u2019intelligence artificielle guide l\u2019op\u00e9rateur \u00e9tape par \u00e9tape tout au long de l\u2019examen de la vue. La technologie unique brevet\u00e9 Wavefront de Visionix garantit des r\u00e9sultats fiables et pr\u00e9cis en un temps tr\u00e8s court.<\/p>\t\t\t\t\t\t\t\t<\/div>\n\t\t\t\t<\/div>\n\t\t\t\t<div class=\"elementor-element elementor-element-fd33983 elementor-widget elementor-widget-button\" data-id=\"fd33983\" data-element_type=\"widget\" data-e-type=\"widget\" data-widget_type=\"button.default\">\n\t\t\t\t<div class=\"elementor-widget-container\">\n\t\t\t\t\t\t\t\t\t<div class=\"elementor-button-wrapper\">\n\t\t\t\t\t<a class=\"elementor-button elementor-button-link elementor-size-sm\" href=\"https:\/\/www.visionix.com\/fr\/contact\/\">\n\t\t\t\t\t\t<span class=\"elementor-button-content-wrapper\">\n\t\t\t\t\t\t\t\t\t<span class=\"elementor-button-text\">Parler \u00e0 un conseiller<\/span>\n\t\t\t\t\t<\/span>\n\t\t\t\t\t<\/a>\n\t\t\t\t<\/div>\n\t\t\t\t\t\t\t\t<\/div>\n\t\t\t\t<\/div>\n\t\t\t\t\t<\/div>\n\t\t<\/div>\n\t\t\t\t\t<\/div>\n\t\t<\/section>\n\t\t\t\t<section class=\"elementor-section elementor-top-section elementor-element elementor-element-7b3b8b3 elementor-section-boxed elementor-section-height-default elementor-section-height-default\" data-id=\"7b3b8b3\" data-element_type=\"section\" data-e-type=\"section\">\n\t\t\t\t\t\t<div class=\"elementor-container elementor-column-gap-default\">\n\t\t\t\t\t<div class=\"elementor-column elementor-col-50 elementor-top-column elementor-element elementor-element-989e634\" data-id=\"989e634\" data-element_type=\"column\" data-e-type=\"column\">\n\t\t\t<div class=\"elementor-widget-wrap elementor-element-populated\">\n\t\t\t\t\t\t<div class=\"elementor-element elementor-element-8f2daf8 elementor-widget elementor-widget-heading\" data-id=\"8f2daf8\" data-element_type=\"widget\" data-e-type=\"widget\" data-widget_type=\"heading.default\">\n\t\t\t\t<div class=\"elementor-widget-container\">\n\t\t\t\t\t<h2 class=\"elementor-heading-title elementor-size-default\">VX\u202f650 et Eye Refract : plateforme automatis\u00e9e pour un flux patient optimis\u00e9<\/h2>\t\t\t\t<\/div>\n\t\t\t\t<\/div>\n\t\t\t\t<div class=\"elementor-element elementor-element-712449e elementor-widget elementor-widget-text-editor\" data-id=\"712449e\" data-element_type=\"widget\" data-e-type=\"widget\" data-widget_type=\"text-editor.default\">\n\t\t\t\t<div class=\"elementor-widget-container\">\n\t\t\t\t\t\t\t\t\t<p>L\u2019eye refract s\u2019associe parfaitement avec le dispositif de diagnostic ant\u00e9ro-post\u00e9rieur vx 650 pour former une plateforme de consultation enti\u00e8rement automatis\u00e9e (non-op\u00e9rateur d\u00e9pendant), mod\u00e9lis\u00e9e pour faciliter la d\u00e9l\u00e9gation et optimiser la gestion du flux de patients. La plateforme permet de regrouper tous les examens au m\u00eame endroit, ce qui permet de r\u00e9duire le d\u00e9placement g\u00e9n\u00e9ral du patient et son temps d\u2019attente.<\/p>\t\t\t\t\t\t\t\t<\/div>\n\t\t\t\t<\/div>\n\t\t\t\t<div class=\"elementor-element elementor-element-54e28ad elementor-widget elementor-widget-button\" data-id=\"54e28ad\" data-element_type=\"widget\" data-e-type=\"widget\" data-widget_type=\"button.default\">\n\t\t\t\t<div class=\"elementor-widget-container\">\n\t\t\t\t\t\t\t\t\t<div class=\"elementor-button-wrapper\">\n\t\t\t\t\t<a class=\"elementor-button elementor-button-link elementor-size-sm\" href=\"https:\/\/www.visionix.com\/fr\/contact\/\">\n\t\t\t\t\t\t<span class=\"elementor-button-content-wrapper\">\n\t\t\t\t\t\t\t\t\t<span class=\"elementor-button-text\">Parler \u00e0 un conseiller<\/span>\n\t\t\t\t\t<\/span>\n\t\t\t\t\t<\/a>\n\t\t\t\t<\/div>\n\t\t\t\t\t\t\t\t<\/div>\n\t\t\t\t<\/div>\n\t\t\t\t\t<\/div>\n\t\t<\/div>\n\t\t\t\t<div class=\"elementor-column elementor-col-50 elementor-top-column elementor-element elementor-element-2652336\" data-id=\"2652336\" data-element_type=\"column\" data-e-type=\"column\">\n\t\t\t<div class=\"elementor-widget-wrap elementor-element-populated\">\n\t\t\t\t\t\t<div class=\"elementor-element elementor-element-a2c1ae9 elementor-widget elementor-widget-image\" data-id=\"a2c1ae9\" data-element_type=\"widget\" data-e-type=\"widget\" data-widget_type=\"image.default\">\n\t\t\t\t<div class=\"elementor-widget-container\">\n\t\t\t\t\t\t\t\t\t\t\t\t\t\t\t<img loading=\"lazy\" decoding=\"async\" width=\"800\" height=\"451\" src=\"https:\/\/www.visionix.com\/wp-content\/uploads\/2022\/06\/Eye-Refract-tablet-1024x577.png\" class=\"attachment-large size-large wp-image-28189\" alt=\"\" srcset=\"https:\/\/www.visionix.com\/wp-content\/uploads\/2022\/06\/Eye-Refract-tablet-1024x577.png 1024w, https:\/\/www.visionix.com\/wp-content\/uploads\/2022\/06\/Eye-Refract-tablet-300x169.png 300w, https:\/\/www.visionix.com\/wp-content\/uploads\/2022\/06\/Eye-Refract-tablet-768x433.png 768w, https:\/\/www.visionix.com\/wp-content\/uploads\/2022\/06\/Eye-Refract-tablet-1536x866.png 1536w, https:\/\/www.visionix.com\/wp-content\/uploads\/2022\/06\/Eye-Refract-tablet-600x338.png 600w, https:\/\/www.visionix.com\/wp-content\/uploads\/2022\/06\/Eye-Refract-tablet.png 1826w\" sizes=\"(max-width: 800px) 100vw, 800px\" \/>\t\t\t\t\t\t\t\t\t\t\t\t\t\t\t<\/div>\n\t\t\t\t<\/div>\n\t\t\t\t\t<\/div>\n\t\t<\/div>\n\t\t\t\t\t<\/div>\n\t\t<\/section>\n\t\t\t\t<section class=\"elementor-section elementor-top-section elementor-element elementor-element-ac902c3 elementor-section-boxed elementor-section-height-default elementor-section-height-default\" data-id=\"ac902c3\" data-element_type=\"section\" data-e-type=\"section\">\n\t\t\t\t\t\t<div class=\"elementor-container elementor-column-gap-default\">\n\t\t\t\t\t<div class=\"elementor-column elementor-col-50 elementor-top-column elementor-element elementor-element-0ada78c\" data-id=\"0ada78c\" data-element_type=\"column\" data-e-type=\"column\">\n\t\t\t<div class=\"elementor-widget-wrap elementor-element-populated\">\n\t\t\t\t\t\t<div class=\"elementor-element elementor-element-35b0fce elementor-widget elementor-widget-image\" data-id=\"35b0fce\" data-element_type=\"widget\" data-e-type=\"widget\" data-widget_type=\"image.default\">\n\t\t\t\t<div class=\"elementor-widget-container\">\n\t\t\t\t\t\t\t\t\t\t\t\t\t\t\t<img loading=\"lazy\" decoding=\"async\" width=\"800\" height=\"465\" src=\"https:\/\/www.visionix.com\/wp-content\/uploads\/2022\/06\/Eye-Refract-technician-1024x595.png\" class=\"attachment-large size-large wp-image-28197\" alt=\"\" srcset=\"https:\/\/www.visionix.com\/wp-content\/uploads\/2022\/06\/Eye-Refract-technician-1024x595.png 1024w, https:\/\/www.visionix.com\/wp-content\/uploads\/2022\/06\/Eye-Refract-technician-300x174.png 300w, https:\/\/www.visionix.com\/wp-content\/uploads\/2022\/06\/Eye-Refract-technician-768x446.png 768w, https:\/\/www.visionix.com\/wp-content\/uploads\/2022\/06\/Eye-Refract-technician-600x348.png 600w, https:\/\/www.visionix.com\/wp-content\/uploads\/2022\/06\/Eye-Refract-technician.png 1185w\" sizes=\"(max-width: 800px) 100vw, 800px\" \/>\t\t\t\t\t\t\t\t\t\t\t\t\t\t\t<\/div>\n\t\t\t\t<\/div>\n\t\t\t\t\t<\/div>\n\t\t<\/div>\n\t\t\t\t<div class=\"elementor-column elementor-col-50 elementor-top-column elementor-element elementor-element-8eee81e\" data-id=\"8eee81e\" data-element_type=\"column\" data-e-type=\"column\">\n\t\t\t<div class=\"elementor-widget-wrap elementor-element-populated\">\n\t\t\t\t\t\t<div class=\"elementor-element elementor-element-369ee28 elementor-widget elementor-widget-heading\" data-id=\"369ee28\" data-element_type=\"widget\" data-e-type=\"widget\" data-widget_type=\"heading.default\">\n\t\t\t\t<div class=\"elementor-widget-container\">\n\t\t\t\t\t<h2 class=\"elementor-heading-title elementor-size-default\">Assistant m\u00e9dical et collecte de donn\u00e9es fiables avant consultation<\/h2>\t\t\t\t<\/div>\n\t\t\t\t<\/div>\n\t\t\t\t<div class=\"elementor-element elementor-element-0ea37cb elementor-widget elementor-widget-text-editor\" data-id=\"0ea37cb\" data-element_type=\"widget\" data-e-type=\"widget\" data-widget_type=\"text-editor.default\">\n\t\t\t\t<div class=\"elementor-widget-container\">\n\t\t\t\t\t\t\t\t\t<p>Un assistant m\u00e9dical en ophtalmologie form\u00e9 dans le cadre des nouveaux protocoles peut accompagner le patient lors de la collecte des donn\u00e9es, avant la consultation avec l\u2019ophtalmologue. L\u2019ophtalmologue analyse ensuite des donn\u00e9es fiables, via un syst\u00e8me de dossier m\u00e9dical partag\u00e9, au format \u00e9lectronique<\/p>\t\t\t\t\t\t\t\t<\/div>\n\t\t\t\t<\/div>\n\t\t\t\t<div class=\"elementor-element elementor-element-9770da1 elementor-widget elementor-widget-button\" data-id=\"9770da1\" data-element_type=\"widget\" data-e-type=\"widget\" data-widget_type=\"button.default\">\n\t\t\t\t<div class=\"elementor-widget-container\">\n\t\t\t\t\t\t\t\t\t<div class=\"elementor-button-wrapper\">\n\t\t\t\t\t<a class=\"elementor-button elementor-button-link elementor-size-sm\" href=\"https:\/\/www.visionix.com\/fr\/contact\/\">\n\t\t\t\t\t\t<span class=\"elementor-button-content-wrapper\">\n\t\t\t\t\t\t\t\t\t<span class=\"elementor-button-text\">Parler \u00e0 un conseiller<\/span>\n\t\t\t\t\t<\/span>\n\t\t\t\t\t<\/a>\n\t\t\t\t<\/div>\n\t\t\t\t\t\t\t\t<\/div>\n\t\t\t\t<\/div>\n\t\t\t\t\t<\/div>\n\t\t<\/div>\n\t\t\t\t\t<\/div>\n\t\t<\/section>\n\t\t\t\t<\/div>\n\t\t","protected":false},"excerpt":{"rendered":"<p>Cabinet d\u2019ophtalmologie Davantage de temps pour les patients Nos technologies innovantes rendent les examens de pr\u00e9-consultation facilement d\u00e9l\u00e9gables au personnel m\u00e9dical. Gr\u00e2ce \u00e0 nos solutions automatis\u00e9es, l\u2019organisation des flux de patients en cabinet peut \u00eatre enti\u00e8rement repens\u00e9e, avec moins de d\u00e9placements et des examens plus complets. D\u00e9l\u00e9gation \u00e0 assistant : plus de temps pour le [&hellip;]<\/p>\n","protected":false},"author":1,"featured_media":0,"parent":178,"menu_order":0,"comment_status":"closed","ping_status":"closed","template":"","meta":{"_acf_changed":false,"content-type":"","footnotes":""},"class_list":["post-29180","page","type-page","status-publish","hentry"],"acf":[],"_links":{"self":[{"href":"https:\/\/www.visionix.com\/fr\/wp-json\/wp\/v2\/pages\/29180","targetHints":{"allow":["GET"]}}],"collection":[{"href":"https:\/\/www.visionix.com\/fr\/wp-json\/wp\/v2\/pages"}],"about":[{"href":"https:\/\/www.visionix.com\/fr\/wp-json\/wp\/v2\/types\/page"}],"author":[{"embeddable":true,"href":"https:\/\/www.visionix.com\/fr\/wp-json\/wp\/v2\/users\/1"}],"replies":[{"embeddable":true,"href":"https:\/\/www.visionix.com\/fr\/wp-json\/wp\/v2\/comments?post=29180"}],"version-history":[{"count":11,"href":"https:\/\/www.visionix.com\/fr\/wp-json\/wp\/v2\/pages\/29180\/revisions"}],"predecessor-version":[{"id":73499,"href":"https:\/\/www.visionix.com\/fr\/wp-json\/wp\/v2\/pages\/29180\/revisions\/73499"}],"up":[{"embeddable":true,"href":"https:\/\/www.visionix.com\/fr\/wp-json\/wp\/v2\/pages\/178"}],"wp:attachment":[{"href":"https:\/\/www.visionix.com\/fr\/wp-json\/wp\/v2\/media?parent=29180"}],"curies":[{"name":"wp","href":"https:\/\/api.w.org\/{rel}","templated":true}]}}