{"id":12743,"date":"2022-02-04T13:52:11","date_gmt":"2022-02-04T12:52:11","guid":{"rendered":"https:\/\/www.visionix.com\/politique-de-confidentialite\/"},"modified":"2023-02-20T15:49:33","modified_gmt":"2023-02-20T14:49:33","slug":"politique-de-confidentialite","status":"publish","type":"page","link":"https:\/\/www.visionix.com\/fr\/politique-de-confidentialite\/","title":{"rendered":"Politique de confidentialit\u00e9"},"content":{"rendered":"\t\t<div data-elementor-type=\"wp-page\" data-elementor-id=\"12743\" class=\"elementor elementor-12743 elementor-3\" data-elementor-post-type=\"page\">\n\t\t\t\t\t\t<section class=\"elementor-section elementor-top-section elementor-element elementor-element-7d8b7e8 elementor-section-boxed elementor-section-height-default elementor-section-height-default\" data-id=\"7d8b7e8\" data-element_type=\"section\" data-e-type=\"section\">\n\t\t\t\t\t\t<div class=\"elementor-container elementor-column-gap-default\">\n\t\t\t\t\t<div class=\"elementor-column elementor-col-100 elementor-top-column elementor-element elementor-element-8a8e844\" data-id=\"8a8e844\" data-element_type=\"column\" data-e-type=\"column\">\n\t\t\t<div class=\"elementor-widget-wrap elementor-element-populated\">\n\t\t\t\t\t\t<div class=\"elementor-element elementor-element-13156a0 elementor-widget elementor-widget-heading\" data-id=\"13156a0\" data-element_type=\"widget\" data-e-type=\"widget\" data-widget_type=\"heading.default\">\n\t\t\t\t<div class=\"elementor-widget-container\">\n\t\t\t\t\t<h1 class=\"elementor-heading-title elementor-size-default\">Mentions l\u00e9gales<\/h1>\t\t\t\t<\/div>\n\t\t\t\t<\/div>\n\t\t\t\t\t<\/div>\n\t\t<\/div>\n\t\t\t\t\t<\/div>\n\t\t<\/section>\n\t\t\t\t<section class=\"elementor-section elementor-top-section elementor-element elementor-element-19d60fb7 elementor-section-boxed elementor-section-height-default elementor-section-height-default\" data-id=\"19d60fb7\" data-element_type=\"section\" data-e-type=\"section\">\n\t\t\t\t\t\t<div class=\"elementor-container elementor-column-gap-default\">\n\t\t\t\t\t<div class=\"elementor-column elementor-col-100 elementor-top-column elementor-element elementor-element-40e08dae\" data-id=\"40e08dae\" data-element_type=\"column\" data-e-type=\"column\">\n\t\t\t<div class=\"elementor-widget-wrap elementor-element-populated\">\n\t\t\t\t\t\t<div class=\"elementor-element elementor-element-47e9ca2b elementor-widget elementor-widget-text-editor\" data-id=\"47e9ca2b\" data-element_type=\"widget\" data-e-type=\"widget\" data-widget_type=\"text-editor.default\">\n\t\t\t\t<div class=\"elementor-widget-container\">\n\t\t\t\t\t\t\t\t\t<p><strong>1 \u2013 Informations administratives<\/strong><\/p>\n<p><strong>D\u00e9nomination sociale<br><\/strong>LUNEAU SAS<br>Si\u00e8ge social : 2 rue Roger Bonnet \u2013 27340 PONT DE L\u2019ARCHE<br>RCS France : Evreux 562&nbsp;044&nbsp;388 00055<br>Pr\u00e9sident : Luneau Technology<br>Tel :&nbsp;(33)2 32 98 91 32<br>Email&nbsp;:&nbsp;<a href=\"mailto:info@visionix.com\">info@visionix.com<\/a><\/p>\n<p><strong>Responsable de la publication et responsabilit\u00e9 \u00e9ditoriale<br><\/strong>Elle est assur\u00e9e par&nbsp;Jonathan Claquin<br>Tel&nbsp;: (33)02 32 98 91 32<br>Email&nbsp;:<a href=\"mailto:contact@visionix.com\">contact@visionix.com<br><\/a><em>N\u2019h\u00e9sitez pas \u00e0 nous \u00e9crire pour toute suggestion, information, r\u00e9action concernant ce site.<\/em><\/p>\n<p><strong>D\u00e9veloppement<br><\/strong>Agence digitale Le Pavillon Rouge \u2013 &nbsp;<a href=\"https:\/\/www.lepavillonrouge.com\/\" target=\"_blank\" rel=\"noopener\">lepavillonrouge.com<\/a><\/p>\n<p><strong>H\u00e9bergement<br><\/strong>OVH<br>Si\u00e8ge social : 2 rue Kellermann &#8211; 59100 Roubaix &#8211; France<\/p>\n<p><strong>2 \u2013 Protection des donn\u00e9es personnelles<\/strong><\/p>\n<p>Les informations que nous sommes amen\u00e9s \u00e0 recueillir proviennent de l\u2019enregistrement volontaire d\u2019une adresse email fournie par l\u2019internaute, lui permettant de recevoir une documentation ou un devis, de se renseigner sur un point quelconque ou de passer une commande. Ces informations ne sont jamais communiqu\u00e9es \u00e0 des tiers. Concernant les informations nominatives \u00e9ventuelles diffus\u00e9es sur le site : les personnes concern\u00e9es ont \u00e9t\u00e9 inform\u00e9es de leurs droits.<br>Droit d\u2019acc\u00e8s, de modification et de suppression.<br>Les articles 26, 34 \u00e0 38 de la loi&nbsp;<em>informatique et libert\u00e9s<\/em>&nbsp;du 6 janvier 1978 modifi\u00e9e, vous permettent \u00e0 tout moment d\u2019exercer vos droits.<\/p>\n<p>Le nouveau&nbsp;<a href=\"https:\/\/www.cnil.fr\/fr\/reglement-europeen-protection-donnees\" target=\"_blank\" rel=\"noopener\">r\u00e8glement europ\u00e9en sur la protection des donn\u00e9es personnelles<\/a>&nbsp;est entr\u00e9 en application le 25&nbsp;mai 2018. Se r\u00e9f\u00e9rer \u00e0 notre politique de confidentialit\u00e9.<\/p>\n<p><strong>3 \u2013&nbsp;Droits d\u2019auteur<\/strong><\/p>\n<p>Tous les \u00e9l\u00e9ments de ce site Internet (notamment les textes, graphismes, logos, sons, photos, animations) sont la propri\u00e9t\u00e9 de LUNEAU SAS, \u00e0 l\u2019exclusion des \u00e9l\u00e9ments \u00e9manant d\u2019un partenaire de LUNEAU SAS.<br>Les \u00e9l\u00e9ments appartenant \u00e0 LUNEAU SAS, et \u00e0 fortiori leur mise en forme ainsi que le code qui en r\u00e9sulte, sont la propri\u00e9t\u00e9 exclusive de LUNEAU SAS.<br>L\u2019ensemble de ce site rel\u00e8ve de la l\u00e9gislation fran\u00e7aise et internationale sur le droit d\u2019auteur et la propri\u00e9t\u00e9 intellectuelle. Toute repr\u00e9sentation, reproduction, modification, utilisation commerciale, ainsi que tout transfert vers un autre site sont interdits, sauf autorisation \u00e0 demander par courrier \u00e0 l\u2019adresse indiqu\u00e9e plus haut. Seule une utilisation \u00e0 des fins strictement personnelle est autoris\u00e9e.<br>Les marques \u00ab&nbsp;Visionix, Briot et Weco \u00bb sont d\u00e9pos\u00e9es. Toute personne proc\u00e9dant donc \u00e0 l\u2019utilisation de tout ou partie de la marque sans accord, encourt des sanctions suivant le code de la propri\u00e9t\u00e9 intellectuelle.<\/p>\n<p><strong>4 \u2013&nbsp;Cr\u00e9dits<\/strong><\/p>\n<p>Graphisme et d\u00e9veloppement : <a href=\"https:\/\/www.lepavillonrouge.com\/\" target=\"_blank\" rel=\"noopener\">Agence digitale Le Pavillon Rouge &#8211; lepavillonrouge.com<\/a><br>Conception : <a href=\"https:\/\/www.jubyl.com\/\" target=\"_blank\" rel=\"noopener\">jubyl.com<\/a><br>Cr\u00e9dits photos : Fotolia, Pixabay, Eric Bienvenu, David Morganti<\/p>\n<p><strong>5 \u2013 Liens hypertextes&nbsp;: Responsabilit\u00e9<\/strong><\/p>\n<p>L\u2019\u00e9tablissement de liens vers notre site requiert l\u2019autorisation de LUNEAU SAS (demande \u00e0 envoyer \u00e0&nbsp;<a href=\"mailto:contact@visionix.com\">contact@visionix.com<\/a>)<\/p>\n<h1>Politique de confidentialit\u00e9<\/h1>\n<h5><strong>RGPD (R\u00e8glement G\u00e9n\u00e9ral pour la Protection des Donn\u00e9es) en vigueur dans tous les \u00c9tats membres de l\u2019UE depuis le 25 mai 2018.<\/strong><\/h5>\n<p>Le Site Internet visionix.fr met en relation des internautes (clients ou prospects) avec la filiale fran\u00e7aise du groupe LUNEAU SAS, notamment \u00e0 travers des demandes de devis, des demandes de contact, des demandes de rappel t\u00e9l\u00e9phonique.<\/p>\n<p>Pour obtenir des r\u00e9ponses, les Client\/prospects doivent partager des Donn\u00e9es Personnelles qui sont collect\u00e9es, trait\u00e9es et prot\u00e9g\u00e9es conform\u00e9ment \u00e0 cette Politique de Confidentialit\u00e9.<\/p>\n<p>La soci\u00e9t\u00e9 est&nbsp; respectueuse de&nbsp; protection de la vie priv\u00e9e et des Donn\u00e9es Personnelles des Clients\/prospects et s\u2019engage \u00e0 respecter la r\u00e9glementation en vigueur.<\/p>\n<h2>I. Donn\u00e9es personnelles relatives aux client\/prospects<\/h2>\n<h3>A) Quelles Donn\u00e9es Personnelles collect\u00e9es et pourquoi ?<\/h3>\n<h4>a) Cr\u00e9ation d\u2019un compte :<\/h4>\n<p>Le Client\/prospect pourra cr\u00e9er un compte pour acc\u00e9der \u00e0 son espace personnel en communiquant de mani\u00e8re obligatoire son adresse e-mail et un mot de passe. Le mot de passe est crypt\u00e9 et LUNEAU SAS n\u2019en a pas connaissance.<\/p>\n<p>Ainsi que : nom, pr\u00e9nom, soci\u00e9t\u00e9, ville, num\u00e9ro de t\u00e9l\u00e9phone, nom de l\u2019entreprise, type de soci\u00e9t\u00e9.<\/p>\n<p>Le compte permet au client \/ prospect de g\u00e9rer ses Donn\u00e9es Personnelles, et d\u2019acc\u00e9der aux demandes r\u00e9alis\u00e9es sur le Site Internet.<\/p>\n<h4>b) Formulaires :<\/h4>\n<h5><strong>Formulaires de demande \u201cObtenir un devis\u201d:<\/strong><\/h5>\n<p><strong>De mani\u00e8re obligatoire :<\/strong>&nbsp;les informations demand\u00e9es de mani\u00e8re obligatoire au Client\/prospect sur le formulaire de demande \u00ab&nbsp;Obtenir un devis \u00ab&nbsp;sont les suivantes : pr\u00e9nom, nom, adresse, e-mail, num\u00e9ro de t\u00e9l\u00e9phone, code postal, ville, type de client\/prospect (ophtalmologiste\/opticien\/orthoptiste), raison sociale.<\/p>\n<p>La soci\u00e9t\u00e9 collecte \u00e9galement les donn\u00e9es suivantes :<\/p>\n<ul>\n<li>Identifiant du Client\/prospect<\/li>\n<li>Date de cr\u00e9ation et date d\u2019envoi de la demande<\/li>\n<li>Le domaine d\u2019int\u00e9r\u00eat<\/li>\n<\/ul>\n<h5><strong>Formulaire \u00ab Demande de contact ? \u00bb :<\/strong><\/h5>\n<p>Les informations demand\u00e9es de mani\u00e8re obligatoire au Client\/prospect sur le formulaire de demande de contact sont: Type de contact, d\u00e9partement, m\u00e9tier, nom, email, num\u00e9ro de t\u00e9l\u00e9phone et contenu de la demande. Ces informations ne font l\u2019objet ni d\u2019un stockage ni d\u2019un retraitement et sont uniquement utilis\u00e9es pour r\u00e9pondre \u00e0 la requ\u00eate du client\/prospect.<\/p>\n<h5><strong>Formulaire de demande de rappel imm\u00e9diat :<\/strong><\/h5>\n<p>Les informations demand\u00e9es de mani\u00e8re obligatoire au Client\/prospect sur le formulaire de demande de rappel imm\u00e9diat sont&nbsp;: d\u00e9partement, m\u00e9tier, nom, num\u00e9ro de t\u00e9l\u00e9phone et message.<br>Ces informations ne font l\u2019objet ni d\u2019un stockage ni d\u2019un retraitement et sont uniquement utilis\u00e9es pour r\u00e9pondre \u00e0 la requ\u00eate du client\/prospect.<\/p>\n<p>* * *<\/p>\n<p><strong>Finalit\u00e9s :<\/strong>&nbsp;la fourniture de ces donn\u00e9es personnelles par le client \/ prospect est obligatoire pour permettre \u00e0 la soci\u00e9t\u00e9 de r\u00e9pondre aux demandes de devis, de conseils techniques, de rappel ou d\u2019information.<\/p>\n<p>Les donn\u00e9es personnelles issues des cr\u00e9ations de comptes et des demandes de devis permet \u00e9galement \u00e0 la soci\u00e9t\u00e9 de g\u00e9rer son fichier clients&nbsp; prospects, de g\u00e9rer le suivi de la relation avec ses clients\/prospects et \u00e9ventuellement de r\u00e9pondre \u00e0 ses obligations l\u00e9gales.<\/p>\n<p>Les donn\u00e9es collect\u00e9es \u00e0 l\u2019occasion de la cr\u00e9ation du compte permettent au client\/prospect de cr\u00e9er et g\u00e9rer son compte.<\/p>\n<p>Tout professionnel ne souhaitant pas fournir les informations obligatoires ne pourra pas formuler de demande, ni recevoir d\u2019informations ou cr\u00e9er de compte.<\/p>\n<h3>B) Comment les donn\u00e9es Personnelles sont-elles trait\u00e9es ?<\/h3>\n<p>Les Donn\u00e9es Personnelles font l\u2019objet d\u2019un traitement informatique par la soci\u00e9t\u00e9<\/p>\n<p>LUNEAU SAS s\u2019engage \u00e0 ne pas les utiliser dans un autre cadre, ni \u00e0 les transmettre \u00e0 des tiers, en dehors des cas pr\u00e9vus ci-dessous ou en vertu d\u2019un accord expr\u00e8s du client\/prospect concern\u00e9.<\/p>\n<p><strong>Destinataires :<\/strong>&nbsp;dans le respect des finalit\u00e9s expos\u00e9es ci-dessus, les Donn\u00e9es Personnelles du client \/ prospect sont transmises au commercial ou au technicien comp\u00e9tent pour r\u00e9pondre aux requ\u00eates formul\u00e9es et \u00e9galement au service administratif susceptible de r\u00e9pondre aux demandes de devis formul\u00e9s.<\/p>\n<p><strong>Sous-traitants :<\/strong>&nbsp;les Donn\u00e9es Personnelles pourront \u00eatre communiqu\u00e9es \u00e0 des tiers son (personnel, ses soci\u00e9t\u00e9s affili\u00e9es ou ses fournisseurs) uniquement s\u2019il y a eu accord expr\u00e8s pr\u00e9alable pour des finalit\u00e9s expos\u00e9es ci-dessus et \u00e0 des fins d\u2019information. &nbsp;LUNEAU SAS prend toutes les mesures pour exiger de ces destinataires la conformit\u00e9 aux r\u00e9glementations applicables .Les fournisseurs sont autoris\u00e9s \u00e0 traiter les Donn\u00e9es Personnelles uniquement sur instructions de LUNEAU SAS.<\/p>\n<p><strong>Conservation et archivage :<\/strong>&nbsp;les Donn\u00e9es Personnelles concernant les clients \/ prospects sont conserv\u00e9es \u00e0 des fins de gestion du fichier et le cas \u00e9ch\u00e9ant, de prospection pendant une dur\u00e9e de 3 ans et sont archiv\u00e9es pour une dur\u00e9e maximale de 5 ans, dur\u00e9e n\u00e9cessaire \u00e0 la constatation, \u00e0 l\u2019exercice ou \u00e0 la d\u00e9fense d\u2019un droit en justice (dur\u00e9e de prescription).<\/p>\n<p>Le point de d\u00e9part de cette dur\u00e9e est la date de fin des relations entre respectivement &nbsp;le client\/prospect et LUNEAU SAS, notamment la derni\u00e8re demande ou le dernier contact ou, en cas de cr\u00e9ation d\u2019un compte, de la date de suppression de ce compte.<\/p>\n<p>LUNEAU SAS s\u2019assurera de conserver et archiver ces Donn\u00e9es Personnelles dans des conditions de s\u00e9curit\u00e9 appropri\u00e9es dans le respect des dispositions applicables, selon les moyens actuels de la technique.<\/p>\n<h3>C) Quels droits sur les Donn\u00e9es Personnelles communiqu\u00e9es ?<\/h3>\n<p>Toute personne ayant communiqu\u00e9 des Donn\u00e9es Personnelles \u00e0 LUNEAU SAS dispose des droits suivants sur celles-ci :<\/p>\n<ul>\n<li>Un droit d\u2019acc\u00e8s et de rectification;<\/li>\n<li>Un droit \u00e0 l\u2019effacement des donn\u00e9es (\u00ab droit \u00e0 l\u2019oubli \u00bb), un droit \u00e0 la limitation du traitement et un droit d\u2019opposition au traitement dans les cas pr\u00e9vus par la r\u00e9glementation en vigueur.<\/li>\n<li>De plus, en application des articles L223-1 et suivants du Code de la consommation, tout Client\/prospect ayant la qualit\u00e9 de consommateur a le droit de s\u2019inscrire sur la liste d\u2019opposition au d\u00e9marchage t\u00e9l\u00e9phonique ;<\/li>\n<li>Le droit de d\u00e9finir des directives relatives au sort de ses donn\u00e9es \u00e0 caract\u00e8re personnel apr\u00e8s sa mort;<\/li>\n<li>Un droit \u00e0 la portabilit\u00e9 des donn\u00e9es brutes fournies \u00e0 l\u2019\u00c9diteur;<\/li>\n<li>Le droit d\u2019introduire une r\u00e9clamation aupr\u00e8s de l\u2019autorit\u00e9 comp\u00e9tente (notamment la CNIL en France).<\/li>\n<\/ul>\n<p>Ces droits peuvent \u00eatre exerc\u00e9s par e-mail \u00e0 l\u2019adresse e-mail contact@visionix.com ou par courrier postal \u00e0 l\u2019adresse du si\u00e8ge social de l\u2019entreprise.<\/p>\n<p>Ces droits devront \u00eatre exerc\u00e9s dans les conditions pr\u00e9vues par la r\u00e9glementation en vigueur. En particulier, il sera demand\u00e9 la copie d\u2019une pi\u00e8ce d\u2019identit\u00e9 du demandeur de fa\u00e7on \u00e0 justifier de son identit\u00e9 aupr\u00e8s de la soci\u00e9t\u00e9, pour emp\u00eacher tout acc\u00e8s non-autoris\u00e9 aux Donn\u00e9es Personnelles concern\u00e9es.<\/p>\n<h2>II. Newsletters<\/h2>\n<p>Les Donn\u00e9es Personnelles communiqu\u00e9es par le client\/prospect pourront \u00e9galement \u00eatre utilis\u00e9es par LUNEAU SAS pour adresser \u00e0 ces derniers des e-mails d\u2019information concernant la soci\u00e9t\u00e9, ses activit\u00e9s, ses produits ou services.<\/p>\n<p>Toute personne dispose du droit de s\u2019opposer \u00e0 la r\u00e9ception d\u2019e-mails d\u2019information de la part de LUNEAU SAS \u00e0 tout moment.<\/p>\n<h2>III. Cookies<\/h2>\n<p>Un \u00ab cookie \u00bb est un petit fichier d\u2019information envoy\u00e9 sur le navigateur de l\u2019Utilisateur et enregistr\u00e9 au sein du terminal de l\u2019Utilisateur (ex : ordinateur, smartphone), (ci-apr\u00e8s \u00ab Cookies \u00bb). Ce fichier comprend des informations telles que le nom de domaine de l\u2019Utilisateur, le fournisseur d\u2019acc\u00e8s Internet de l\u2019Utilisateur, le syst\u00e8me d\u2019exploitation de l\u2019Utilisateur, ainsi que la date et l\u2019heure d\u2019acc\u00e8s. Les Cookies ne risquent en aucun cas d\u2019endommager le terminal de l\u2019Utilisateur.<\/p>\n<p><a href=\"https:\/\/www.visionix.fr\/\" target=\"_blank\" rel=\"noopener\">https:\/\/www.visionix.fr\/<\/a>&nbsp;est susceptible de traiter les informations de l\u2019Utilisateur concernant sa visite du Site, telles que les pages consult\u00e9es, les recherches effectu\u00e9es. Ces informations permettent \u00e0&nbsp; &nbsp;<a href=\"https:\/\/www.visionix.fr\/\" target=\"_blank\" rel=\"noopener\">https:\/\/www.visionix.fr\/<\/a>&nbsp;d\u2019am\u00e9liorer le contenu du Site, de la navigation de l\u2019Utilisateur.<\/p>\n<p>Les Cookies facilitant la navigation et\/ou la fourniture des services propos\u00e9s par le Site, l\u2019Utilisateur peut configurer son navigateur pour qu\u2019il lui permette de d\u00e9cider s\u2019il souhaite ou non les accepter de mani\u00e8re \u00e0 ce que des Cookies soient enregistr\u00e9s dans le terminal ou, au contraire, qu\u2019ils soient rejet\u00e9s, soit syst\u00e9matiquement, soit selon leur \u00e9metteur.<\/p>\n<p>L\u2019Utilisateur pourra d\u00e9cider au d\u00e9marrage du site l\u2019acceptation ou non des cookies. S\u2019il accepte les Cookies seront enregistr\u00e9s dans le terminal.<\/p>\n<p>Si l\u2019Utilisateur refuse l\u2019enregistrement de Cookies dans son terminal ou son navigateur l\u2019Utilisateur est inform\u00e9 que sa navigation et son exp\u00e9rience sur le Site peuvent \u00eatre limit\u00e9es.<\/p>\n<p>Enfin, en cliquant sur les ic\u00f4nes d\u00e9di\u00e9es aux r\u00e9seaux sociaux, Facebook, Linkedin et Google Plus figurant sur le Site de&nbsp;<a href=\"https:\/\/www.visionix.fr\" target=\"_blank\" rel=\"noopener\">https:\/\/www.visionix.fr<\/a>\/&nbsp;ou dans son application mobile et si l\u2019Utilisateur a accept\u00e9 le d\u00e9p\u00f4t de cookies en poursuivant sa navigation sur le Site Internet ou l\u2019application mobile de&nbsp;<a href=\"https:\/\/www.luneautech.fr\/\" target=\"_blank\" rel=\"noopener\">https:\/\/www.visionix.fr<\/a>\/, Facebook, Youtube peuvent \u00e9galement d\u00e9poser des cookies sur vos terminaux (ordinateur, tablette, t\u00e9l\u00e9phone portable).<\/p>\n<p>Ces types de cookies ne sont d\u00e9pos\u00e9s sur vos terminaux qu\u2019\u00e0 condition que vous y consentiez, en continuant votre navigation sur le Site Internet ou l\u2019application mobile de&nbsp;<a href=\"https:\/\/www.luneautech.fr\/\" target=\"_blank\" rel=\"noopener\">https:\/\/www.visionix.fr<\/a>\/. \u00c0 tout moment, l\u2019Utilisateur peut n\u00e9anmoins revenir sur son consentement \u00e0 ce que&nbsp;<a href=\"https:\/\/www.luneautech.fr\/\" target=\"_blank\" rel=\"noopener\">https:\/\/www.visionix.fr<\/a>\/&nbsp;d\u00e9pose ce type de cookies.<\/p>\n<p>Plus d\u2019informations sur les cookies :&nbsp;<a href=\"https:\/\/www.cnil.fr\/fr\/cookies-les-outils-pour-les-maitriser\" target=\"_blank\" rel=\"noopener\">http:\/\/www.cnil.fr\/vos-droits\/vos-traces\/les-cookies\/<\/a><\/p>\n<h4>Donn\u00e9es collect\u00e9es et dur\u00e9e de conservation :<\/h4>\n<ul>\n<li>Adresse IP, identifiants des terminaux, identifiants de connexion, nombre de visites sur le site, nombre de pages vues, url de la page, temps pass\u00e9 sur la page, donn\u00e9es de localisation par satellite, par le t\u00e9l\u00e9phone mobile (dur\u00e9e de conservation : illimit\u00e9e)<\/li>\n<\/ul>\n<h2>IV. D\u00e9finitions<\/h2>\n<p><strong>Soci\u00e9t\u00e9<\/strong>&nbsp;: Soci\u00e9t\u00e9 Luneau SAS<br><strong>Si\u00e8ge social&nbsp;:<\/strong>&nbsp;1, avenue de Malaguet&nbsp;&nbsp; 28360 Prunay-le-Gillon<br><strong>RCS France&nbsp;:<\/strong>&nbsp;Chartres B 562&nbsp;044&nbsp;388 APE 331 B<br><strong>Pr\u00e9sident&nbsp;:<\/strong>&nbsp;Marc Abitbol<br><strong>Tel&nbsp;:<\/strong>&nbsp;(33)2 37 25 25 25<br><strong>Email&nbsp;:<\/strong>&nbsp;<a href=\"mailto:contact@visionix.com\">contact@visionix.com<\/a><\/p>\n<p><strong>Site Internet :<\/strong>&nbsp;site Internet accessible via l\u2019adresse&nbsp;<a href=\"http:\/\/www.visionix.fr\" target=\"_blank\" rel=\"noopener\">www.visionix.fr<\/a><\/p>\n<p><strong>Client\/prospect :<\/strong>&nbsp;toute personne physique ou morale, professionnel ou non, qui navigue et\/ou formule une demande sur le Site Internet.<\/p>\n<p><strong>Donn\u00e9e Personnelle :<\/strong>&nbsp;donn\u00e9e \u00e0 caract\u00e8re personnel permettant d\u2019identifier directement ou indirectement une personne physique au sens de la r\u00e9glementation en vigueur.<\/p>\n<p><strong>Politique de Confidentialit\u00e9 :<\/strong>&nbsp;le pr\u00e9sent document d\u00e9taillant les modalit\u00e9s de traitement des Donn\u00e9es Personnelles et cookies et traceurs utilis\u00e9s sur le Site Internet.<\/p>\t\t\t\t\t\t\t\t<\/div>\n\t\t\t\t<\/div>\n\t\t\t\t\t<\/div>\n\t\t<\/div>\n\t\t\t\t\t<\/div>\n\t\t<\/section>\n\t\t\t\t<\/div>\n\t\t","protected":false},"excerpt":{"rendered":"<p>Mentions l\u00e9gales 1 \u2013 Informations administratives D\u00e9nomination socialeLUNEAU SASSi\u00e8ge social : 2 rue Roger Bonnet \u2013 27340 PONT DE L\u2019ARCHERCS France : Evreux 562&nbsp;044&nbsp;388 00055Pr\u00e9sident : Luneau TechnologyTel :&nbsp;(33)2 32 98 91 32Email&nbsp;:&nbsp;info@visionix.com Responsable de la publication et responsabilit\u00e9 \u00e9ditorialeElle est assur\u00e9e par&nbsp;Jonathan ClaquinTel&nbsp;: (33)02 32 98 91 32Email&nbsp;:contact@visionix.comN\u2019h\u00e9sitez pas \u00e0 nous \u00e9crire pour toute [&hellip;]<\/p>\n","protected":false},"author":1,"featured_media":0,"parent":0,"menu_order":0,"comment_status":"closed","ping_status":"closed","template":"","meta":{"_acf_changed":false,"content-type":"","footnotes":""},"class_list":["post-12743","page","type-page","status-publish","hentry"],"acf":[],"_links":{"self":[{"href":"https:\/\/www.visionix.com\/fr\/wp-json\/wp\/v2\/pages\/12743","targetHints":{"allow":["GET"]}}],"collection":[{"href":"https:\/\/www.visionix.com\/fr\/wp-json\/wp\/v2\/pages"}],"about":[{"href":"https:\/\/www.visionix.com\/fr\/wp-json\/wp\/v2\/types\/page"}],"author":[{"embeddable":true,"href":"https:\/\/www.visionix.com\/fr\/wp-json\/wp\/v2\/users\/1"}],"replies":[{"embeddable":true,"href":"https:\/\/www.visionix.com\/fr\/wp-json\/wp\/v2\/comments?post=12743"}],"version-history":[{"count":28,"href":"https:\/\/www.visionix.com\/fr\/wp-json\/wp\/v2\/pages\/12743\/revisions"}],"predecessor-version":[{"id":36763,"href":"https:\/\/www.visionix.com\/fr\/wp-json\/wp\/v2\/pages\/12743\/revisions\/36763"}],"wp:attachment":[{"href":"https:\/\/www.visionix.com\/fr\/wp-json\/wp\/v2\/media?parent=12743"}],"curies":[{"name":"wp","href":"https:\/\/api.w.org\/{rel}","templated":true}]}}