{"id":8871,"date":"2022-03-22T12:02:21","date_gmt":"2022-03-22T11:02:21","guid":{"rendered":"https:\/\/www.visionix.com\/produit\/biometro-optico-lenstar-myopia\/"},"modified":"2022-07-26T15:23:37","modified_gmt":"2022-07-26T13:23:37","slug":"biometro-optico-lenstar-myopia","status":"publish","type":"product","link":"https:\/\/www.visionix.com\/es\/product\/biometro-optico-lenstar-myopia\/","title":{"rendered":"Bi\u00f3metro \u00f3ptico Lenstar Myopia"},"content":{"rendered":"<p>Bi\u00f3metro \u00f3ptico en su versi\u00f3n Essential, herramienta espec\u00edfica y reservada para los optometristas m\u00e1s avanzados en el Control de la miop\u00eda.<\/p>\n<p>Otorgando un plus en fiabilidad de medidas al asegurar:<\/p>\n<p>Medidas siempre con fijaci\u00f3n de paciente y en eje visual. Con sistema asistido APS (Eye traking)<br \/>\nQueratometr\u00edas con 32 puntos de medida.<br \/>\nSistema de detecci\u00f3n y medida en Cataratas maduras.<\/p>\n","protected":false},"excerpt":{"rendered":"<p><strong>Lenstar Myopia Control<\/strong><\/p>\n<p>Bi\u00f3metro \u00f3ptico en su versi\u00f3n Essential, herramienta espec\u00edfica y reservada para los optometristas m\u00e1s avanzados en el Control de la miop\u00eda.<\/p>\n<p>Otorgando un plus en fiabilidad de medidas al asegurar:<\/p>\n<p>Medidas siempre con fijaci\u00f3n de paciente y en eje visual. Con sistema asistido APS (Eye traking)<br \/>\nQueratometr\u00edas con 32 puntos de medida.<br \/>\nSistema de detecci\u00f3n y medida en Cataratas maduras.<\/p>\n","protected":false},"featured_media":8726,"template":"","meta":{"_acf_changed":false,"content-type":"","footnotes":""},"pwb-brand":[517],"product_brand":[],"product_cat":[174,200],"product_tag":[],"class_list":{"0":"post-8871","1":"product","2":"type-product","3":"status-publish","4":"has-post-thumbnail","6":"pwb-brand-haag-streit-es","7":"product_cat-oftalmologia-instrumentos","8":"product_cat-optometria-instrumentos","9":"pa_product-family-diagnostic-es","11":"first","12":"instock","13":"product-type-simple"},"acf":[],"brands":[{"id":517,"name":"Haag-Streit","slug":"haag-streit-es"}],"_links":{"self":[{"href":"https:\/\/www.visionix.com\/es\/wp-json\/wp\/v2\/product\/8871","targetHints":{"allow":["GET"]}}],"collection":[{"href":"https:\/\/www.visionix.com\/es\/wp-json\/wp\/v2\/product"}],"about":[{"href":"https:\/\/www.visionix.com\/es\/wp-json\/wp\/v2\/types\/product"}],"version-history":[{"count":1,"href":"https:\/\/www.visionix.com\/es\/wp-json\/wp\/v2\/product\/8871\/revisions"}],"predecessor-version":[{"id":27263,"href":"https:\/\/www.visionix.com\/es\/wp-json\/wp\/v2\/product\/8871\/revisions\/27263"}],"wp:featuredmedia":[{"embeddable":true,"href":"https:\/\/www.visionix.com\/es\/wp-json\/wp\/v2\/media\/8726"}],"wp:attachment":[{"href":"https:\/\/www.visionix.com\/es\/wp-json\/wp\/v2\/media?parent=8871"}],"wp:term":[{"taxonomy":"pwb-brand","embeddable":true,"href":"https:\/\/www.visionix.com\/es\/wp-json\/wp\/v2\/pwb-brand?post=8871"},{"taxonomy":"product_brand","embeddable":true,"href":"https:\/\/www.visionix.com\/es\/wp-json\/wp\/v2\/product_brand?post=8871"},{"taxonomy":"product_cat","embeddable":true,"href":"https:\/\/www.visionix.com\/es\/wp-json\/wp\/v2\/product_cat?post=8871"},{"taxonomy":"product_tag","embeddable":true,"href":"https:\/\/www.visionix.com\/es\/wp-json\/wp\/v2\/product_tag?post=8871"}],"curies":[{"name":"wp","href":"https:\/\/api.w.org\/{rel}","templated":true}]}}