{"id":8651,"date":"2022-03-22T12:02:21","date_gmt":"2022-03-22T11:02:21","guid":{"rendered":"https:\/\/www.visionix.com\/produit\/combi-7000-combi-5500\/"},"modified":"2022-07-26T15:23:40","modified_gmt":"2022-07-26T13:23:40","slug":"combi-7000-combi-5500","status":"publish","type":"product","link":"https:\/\/www.visionix.com\/es\/product\/combi-7000-combi-5500\/","title":{"rendered":"Combi 7000 &#8211; Combi 5500"},"content":{"rendered":"<p>Una respuesta definitiva a las necesidades del profesional.<\/p>\n<p>Combi 7000 esta lo \u00faltimo en sistemas autom\u00e1ticos, ergonom\u00eda y dise\u00f1o moderno caracter\u00edsticas clave de estas dos unidades de refracci\u00f3n.<\/p>\n","protected":false},"excerpt":{"rendered":"<p><strong>Unidad de consulta<\/strong><\/p>\n<p>Una respuesta definitiva a las necesidades del profesional.<\/p>\n<p>Combi 7000 esta lo \u00faltimo en sistemas autom\u00e1ticos, ergonom\u00eda y dise\u00f1o moderno caracter\u00edsticas clave de estas dos unidades de refracci\u00f3n.<\/p>\n","protected":false},"featured_media":8652,"template":"","meta":{"_acf_changed":false,"content-type":"","footnotes":""},"pwb-brand":[508],"product_brand":[],"product_cat":[174,200],"product_tag":[],"class_list":{"0":"post-8651","1":"product","2":"type-product","3":"status-publish","4":"has-post-thumbnail","6":"pwb-brand-visionix-es","7":"product_cat-oftalmologia-instrumentos","8":"product_cat-optometria-instrumentos","9":"pa_product-family-diagnostic-es","10":"pa_product-type-refraction-unit","12":"first","13":"instock","14":"product-type-simple"},"acf":[],"brands":[{"id":508,"name":"Visionix","slug":"visionix-es"}],"_links":{"self":[{"href":"https:\/\/www.visionix.com\/es\/wp-json\/wp\/v2\/product\/8651","targetHints":{"allow":["GET"]}}],"collection":[{"href":"https:\/\/www.visionix.com\/es\/wp-json\/wp\/v2\/product"}],"about":[{"href":"https:\/\/www.visionix.com\/es\/wp-json\/wp\/v2\/types\/product"}],"version-history":[{"count":1,"href":"https:\/\/www.visionix.com\/es\/wp-json\/wp\/v2\/product\/8651\/revisions"}],"predecessor-version":[{"id":27261,"href":"https:\/\/www.visionix.com\/es\/wp-json\/wp\/v2\/product\/8651\/revisions\/27261"}],"wp:featuredmedia":[{"embeddable":true,"href":"https:\/\/www.visionix.com\/es\/wp-json\/wp\/v2\/media\/8652"}],"wp:attachment":[{"href":"https:\/\/www.visionix.com\/es\/wp-json\/wp\/v2\/media?parent=8651"}],"wp:term":[{"taxonomy":"pwb-brand","embeddable":true,"href":"https:\/\/www.visionix.com\/es\/wp-json\/wp\/v2\/pwb-brand?post=8651"},{"taxonomy":"product_brand","embeddable":true,"href":"https:\/\/www.visionix.com\/es\/wp-json\/wp\/v2\/product_brand?post=8651"},{"taxonomy":"product_cat","embeddable":true,"href":"https:\/\/www.visionix.com\/es\/wp-json\/wp\/v2\/product_cat?post=8651"},{"taxonomy":"product_tag","embeddable":true,"href":"https:\/\/www.visionix.com\/es\/wp-json\/wp\/v2\/product_tag?post=8651"}],"curies":[{"name":"wp","href":"https:\/\/api.w.org\/{rel}","templated":true}]}}