{"id":8562,"date":"2022-03-22T12:02:21","date_gmt":"2022-03-22T11:02:21","guid":{"rendered":"https:\/\/www.visionix.com\/produit\/tonocare-tonometro-keeler-portatil\/"},"modified":"2022-07-26T15:23:44","modified_gmt":"2022-07-26T13:23:44","slug":"tonocare-tonometro-keeler-portatil","status":"publish","type":"product","link":"https:\/\/www.visionix.com\/es\/product\/tonocare-tonometro-keeler-portatil\/","title":{"rendered":"Tonocare Ton\u00f3metro Keeler port\u00e1til"},"content":{"rendered":"<p>Tonocare es un ton\u00f3metro 100% port\u00e1til que est\u00e1 indicado para tomar la presi\u00f3n intraocular PIO adem\u00e1s de la compensada sin entrar en contacto con el ojo del paciente para ayudar en la detecci\u00f3n y diagn\u00f3stico de glaucoma. Donde la portabilidad y fiabilidad es importante Tonocare se comporta perfectamente. Tonocare usando aire para sus medidas no le cargar\u00e1 costes a su consulta.<\/p>\n","protected":false},"excerpt":{"rendered":"<p><strong>Ton\u00f3metro de sopro Port\u00e1til Keeler Tonocare<\/strong><\/p>\n<p>Tonocare es un ton\u00f3metro 100% port\u00e1til que est\u00e1 indicado para tomar la presi\u00f3n intraocular PIO adem\u00e1s de la compensada sin entrar en contacto con el ojo del paciente para ayudar en la detecci\u00f3n y diagn\u00f3stico de glaucoma. Donde la portabilidad y fiabilidad es importante Tonocare se comporta perfectamente. Tonocare usando aire para sus medidas no le cargar\u00e1 costes a su consulta.<\/p>\n","protected":false},"featured_media":24963,"template":"","meta":{"_acf_changed":false,"content-type":"","footnotes":""},"pwb-brand":[359],"product_brand":[],"product_cat":[174,200],"product_tag":[],"class_list":{"0":"post-8562","1":"product","2":"type-product","3":"status-publish","4":"has-post-thumbnail","6":"pwb-brand-keeler","7":"product_cat-oftalmologia-instrumentos","8":"product_cat-optometria-instrumentos","9":"pa_product-family-diagnostic-es","11":"first","12":"instock","13":"product-type-simple"},"acf":[],"brands":[{"id":359,"name":"Keeler","slug":"keeler"}],"_links":{"self":[{"href":"https:\/\/www.visionix.com\/es\/wp-json\/wp\/v2\/product\/8562","targetHints":{"allow":["GET"]}}],"collection":[{"href":"https:\/\/www.visionix.com\/es\/wp-json\/wp\/v2\/product"}],"about":[{"href":"https:\/\/www.visionix.com\/es\/wp-json\/wp\/v2\/types\/product"}],"version-history":[{"count":1,"href":"https:\/\/www.visionix.com\/es\/wp-json\/wp\/v2\/product\/8562\/revisions"}],"predecessor-version":[{"id":24971,"href":"https:\/\/www.visionix.com\/es\/wp-json\/wp\/v2\/product\/8562\/revisions\/24971"}],"wp:featuredmedia":[{"embeddable":true,"href":"https:\/\/www.visionix.com\/es\/wp-json\/wp\/v2\/media\/24963"}],"wp:attachment":[{"href":"https:\/\/www.visionix.com\/es\/wp-json\/wp\/v2\/media?parent=8562"}],"wp:term":[{"taxonomy":"pwb-brand","embeddable":true,"href":"https:\/\/www.visionix.com\/es\/wp-json\/wp\/v2\/pwb-brand?post=8562"},{"taxonomy":"product_brand","embeddable":true,"href":"https:\/\/www.visionix.com\/es\/wp-json\/wp\/v2\/product_brand?post=8562"},{"taxonomy":"product_cat","embeddable":true,"href":"https:\/\/www.visionix.com\/es\/wp-json\/wp\/v2\/product_cat?post=8562"},{"taxonomy":"product_tag","embeddable":true,"href":"https:\/\/www.visionix.com\/es\/wp-json\/wp\/v2\/product_tag?post=8562"}],"curies":[{"name":"wp","href":"https:\/\/api.w.org\/{rel}","templated":true}]}}