{"id":8501,"date":"2022-03-22T12:01:20","date_gmt":"2022-03-22T11:01:20","guid":{"rendered":"https:\/\/www.visionix.com\/produit\/oftalmoscopio-panoptic\/"},"modified":"2022-07-26T15:23:41","modified_gmt":"2022-07-26T13:23:41","slug":"oftalmoscopio-panoptic","status":"publish","type":"product","link":"https:\/\/www.visionix.com\/es\/product\/oftalmoscopio-panoptic\/","title":{"rendered":"Oftalmoscopio PanOptic"},"content":{"rendered":"<p>El Oftalmoscopio PanOptic, es un concepto \u00fanico en oftalmoscopia. Gracias al innovador dise\u00f1o de un sistema \u00f3ptico patentado conocido como \u00f3ptica Axial PointSource\u2122, el oftalmoscopio PanOptic facilitar\u00e1 much\u00edsimo sus ex\u00e1menes de fundus.<\/p>\n","protected":false},"excerpt":{"rendered":"<p><strong>Oftalmoscopio<\/strong><\/p>\n<p>El Oftalmoscopio PanOptic, es un concepto \u00fanico en oftalmoscopia. Gracias al innovador dise\u00f1o de un sistema \u00f3ptico patentado conocido como \u00f3ptica Axial PointSource\u2122, el oftalmoscopio PanOptic facilitar\u00e1 much\u00edsimo sus ex\u00e1menes de fundus.<\/p>\n","protected":false},"featured_media":24917,"template":"","meta":{"_acf_changed":false,"content-type":"","footnotes":""},"pwb-brand":[360],"product_brand":[],"product_cat":[174,200],"product_tag":[],"class_list":{"0":"post-8501","1":"product","2":"type-product","3":"status-publish","4":"has-post-thumbnail","6":"pwb-brand-welch-allyn","7":"product_cat-oftalmologia-instrumentos","8":"product_cat-optometria-instrumentos","9":"pa_product-family-diagnostic-es","10":"pa_product-type-accessory-es","12":"first","13":"instock","14":"product-type-simple"},"acf":[],"brands":[{"id":360,"name":"Welch Allyn","slug":"welch-allyn"}],"_links":{"self":[{"href":"https:\/\/www.visionix.com\/es\/wp-json\/wp\/v2\/product\/8501","targetHints":{"allow":["GET"]}}],"collection":[{"href":"https:\/\/www.visionix.com\/es\/wp-json\/wp\/v2\/product"}],"about":[{"href":"https:\/\/www.visionix.com\/es\/wp-json\/wp\/v2\/types\/product"}],"version-history":[{"count":1,"href":"https:\/\/www.visionix.com\/es\/wp-json\/wp\/v2\/product\/8501\/revisions"}],"predecessor-version":[{"id":24925,"href":"https:\/\/www.visionix.com\/es\/wp-json\/wp\/v2\/product\/8501\/revisions\/24925"}],"wp:featuredmedia":[{"embeddable":true,"href":"https:\/\/www.visionix.com\/es\/wp-json\/wp\/v2\/media\/24917"}],"wp:attachment":[{"href":"https:\/\/www.visionix.com\/es\/wp-json\/wp\/v2\/media?parent=8501"}],"wp:term":[{"taxonomy":"pwb-brand","embeddable":true,"href":"https:\/\/www.visionix.com\/es\/wp-json\/wp\/v2\/pwb-brand?post=8501"},{"taxonomy":"product_brand","embeddable":true,"href":"https:\/\/www.visionix.com\/es\/wp-json\/wp\/v2\/product_brand?post=8501"},{"taxonomy":"product_cat","embeddable":true,"href":"https:\/\/www.visionix.com\/es\/wp-json\/wp\/v2\/product_cat?post=8501"},{"taxonomy":"product_tag","embeddable":true,"href":"https:\/\/www.visionix.com\/es\/wp-json\/wp\/v2\/product_tag?post=8501"}],"curies":[{"name":"wp","href":"https:\/\/api.w.org\/{rel}","templated":true}]}}