{"id":8492,"date":"2022-03-22T12:01:20","date_gmt":"2022-03-22T11:01:20","guid":{"rendered":"https:\/\/www.visionix.com\/produit\/retinoscopio-elite\/"},"modified":"2022-07-26T15:23:44","modified_gmt":"2022-07-26T13:23:44","slug":"retinoscopio-elite","status":"publish","type":"product","link":"https:\/\/www.visionix.com\/es\/product\/retinoscopio-elite\/","title":{"rendered":"Retinoscopio Elite"},"content":{"rendered":"<p>Sistema \u00f3ptico coaxial de Welch Allyn que elimina pr\u00e1cticamente las sombras, facilita la entrada en pupilas sin dilatar y ofrece mayor campo de visi\u00f3n. 28 lentes (-25 a +40 dioptr\u00edas) 3 filtros: polarizador lineal, azul cobalto y libre de rojo<\/p>\n","protected":false},"excerpt":{"rendered":"<p><strong>Retinoscopio<\/strong><\/p>\n<p>Sistema \u00f3ptico coaxial de Welch Allyn que elimina pr\u00e1cticamente las sombras, facilita la entrada en pupilas sin dilatar y ofrece mayor campo de visi\u00f3n. 28 lentes (-25 a +40 dioptr\u00edas) 3 filtros: polarizador lineal, azul cobalto y libre de rojo<\/p>\n","protected":false},"featured_media":24936,"template":"","meta":{"_acf_changed":false,"content-type":"","footnotes":""},"pwb-brand":[360],"product_brand":[],"product_cat":[174,200],"product_tag":[],"class_list":{"0":"post-8492","1":"product","2":"type-product","3":"status-publish","4":"has-post-thumbnail","6":"pwb-brand-welch-allyn","7":"product_cat-oftalmologia-instrumentos","8":"product_cat-optometria-instrumentos","9":"pa_product-family-diagnostic-es","10":"pa_product-type-accessory-es","12":"first","13":"instock","14":"product-type-simple"},"acf":[],"brands":[{"id":360,"name":"Welch Allyn","slug":"welch-allyn"}],"_links":{"self":[{"href":"https:\/\/www.visionix.com\/es\/wp-json\/wp\/v2\/product\/8492","targetHints":{"allow":["GET"]}}],"collection":[{"href":"https:\/\/www.visionix.com\/es\/wp-json\/wp\/v2\/product"}],"about":[{"href":"https:\/\/www.visionix.com\/es\/wp-json\/wp\/v2\/types\/product"}],"version-history":[{"count":1,"href":"https:\/\/www.visionix.com\/es\/wp-json\/wp\/v2\/product\/8492\/revisions"}],"predecessor-version":[{"id":24944,"href":"https:\/\/www.visionix.com\/es\/wp-json\/wp\/v2\/product\/8492\/revisions\/24944"}],"wp:featuredmedia":[{"embeddable":true,"href":"https:\/\/www.visionix.com\/es\/wp-json\/wp\/v2\/media\/24936"}],"wp:attachment":[{"href":"https:\/\/www.visionix.com\/es\/wp-json\/wp\/v2\/media?parent=8492"}],"wp:term":[{"taxonomy":"pwb-brand","embeddable":true,"href":"https:\/\/www.visionix.com\/es\/wp-json\/wp\/v2\/pwb-brand?post=8492"},{"taxonomy":"product_brand","embeddable":true,"href":"https:\/\/www.visionix.com\/es\/wp-json\/wp\/v2\/product_brand?post=8492"},{"taxonomy":"product_cat","embeddable":true,"href":"https:\/\/www.visionix.com\/es\/wp-json\/wp\/v2\/product_cat?post=8492"},{"taxonomy":"product_tag","embeddable":true,"href":"https:\/\/www.visionix.com\/es\/wp-json\/wp\/v2\/product_tag?post=8492"}],"curies":[{"name":"wp","href":"https:\/\/api.w.org\/{rel}","templated":true}]}}