{"id":8459,"date":"2022-03-22T12:01:20","date_gmt":"2022-03-22T11:01:20","guid":{"rendered":"https:\/\/www.visionix.com\/produit\/keeler-desktop\/"},"modified":"2022-07-26T15:23:41","modified_gmt":"2022-07-26T13:23:41","slug":"keeler-desktop","status":"publish","type":"product","link":"https:\/\/www.visionix.com\/es\/product\/keeler-desktop\/","title":{"rendered":"Keeler Desktop"},"content":{"rendered":"<p>El Pulsair Desktop es un ton\u00f3metro de sobremesa que est\u00e1 indicado para medir la presi\u00f3n intraocular sin entrar en contacto con el ojo del paciente para ayudar a la detecci\u00f3n y diagn\u00f3stico del glaucoma.<\/p>\n","protected":false},"excerpt":{"rendered":"<p><strong>Ton\u00f3metro de aire<\/strong><\/p>\n<p>El Pulsair Desktop es un ton\u00f3metro de sobremesa que est\u00e1 indicado para medir la presi\u00f3n intraocular sin entrar en contacto con el ojo del paciente para ayudar a la detecci\u00f3n y diagn\u00f3stico del glaucoma.<\/p>\n","protected":false},"featured_media":24899,"template":"","meta":{"_acf_changed":false,"content-type":"","footnotes":""},"pwb-brand":[359],"product_brand":[],"product_cat":[174,200],"product_tag":[],"class_list":{"0":"post-8459","1":"product","2":"type-product","3":"status-publish","4":"has-post-thumbnail","6":"pwb-brand-keeler","7":"product_cat-oftalmologia-instrumentos","8":"product_cat-optometria-instrumentos","9":"pa_product-family-diagnostic-es","11":"first","12":"instock","13":"product-type-simple"},"acf":[],"brands":[{"id":359,"name":"Keeler","slug":"keeler"}],"_links":{"self":[{"href":"https:\/\/www.visionix.com\/es\/wp-json\/wp\/v2\/product\/8459","targetHints":{"allow":["GET"]}}],"collection":[{"href":"https:\/\/www.visionix.com\/es\/wp-json\/wp\/v2\/product"}],"about":[{"href":"https:\/\/www.visionix.com\/es\/wp-json\/wp\/v2\/types\/product"}],"version-history":[{"count":1,"href":"https:\/\/www.visionix.com\/es\/wp-json\/wp\/v2\/product\/8459\/revisions"}],"predecessor-version":[{"id":24907,"href":"https:\/\/www.visionix.com\/es\/wp-json\/wp\/v2\/product\/8459\/revisions\/24907"}],"wp:featuredmedia":[{"embeddable":true,"href":"https:\/\/www.visionix.com\/es\/wp-json\/wp\/v2\/media\/24899"}],"wp:attachment":[{"href":"https:\/\/www.visionix.com\/es\/wp-json\/wp\/v2\/media?parent=8459"}],"wp:term":[{"taxonomy":"pwb-brand","embeddable":true,"href":"https:\/\/www.visionix.com\/es\/wp-json\/wp\/v2\/pwb-brand?post=8459"},{"taxonomy":"product_brand","embeddable":true,"href":"https:\/\/www.visionix.com\/es\/wp-json\/wp\/v2\/product_brand?post=8459"},{"taxonomy":"product_cat","embeddable":true,"href":"https:\/\/www.visionix.com\/es\/wp-json\/wp\/v2\/product_cat?post=8459"},{"taxonomy":"product_tag","embeddable":true,"href":"https:\/\/www.visionix.com\/es\/wp-json\/wp\/v2\/product_tag?post=8459"}],"curies":[{"name":"wp","href":"https:\/\/api.w.org\/{rel}","templated":true}]}}