{"id":8434,"date":"2022-03-22T12:01:20","date_gmt":"2022-03-22T11:01:20","guid":{"rendered":"https:\/\/www.visionix.com\/produit\/eidon\/"},"modified":"2022-07-26T15:23:40","modified_gmt":"2022-07-26T13:23:40","slug":"eidon","status":"publish","type":"product","link":"https:\/\/www.visionix.com\/es\/product\/eidon\/","title":{"rendered":"Eidon"},"content":{"rendered":"<p>Eidon es el primer esc\u00e1ner de retina confocal de color verdadero y totalmente autom\u00e1tico en el mercado. Proporciona una calidad de imagen insuperable, 60\u00b0 de campo y que de un modo totalmente autom\u00e1tico hasta 120\u00ba con 7 campos. Imagen oftalmosc\u00f3picamente perfecta, \u00fanica y real de retina, lo que abre nuevas oportunidades para el diagn\u00f3stico de la retina.<\/p>\n<p>CARACTER\u00cdSTICAS Y BENEFICIOS<br \/>\nEidon ha sido dise\u00f1ado para proporcionar la m\u00e1xima facilidad de manejo. Su interface intuitiva que permite seleccionar desde estrategias completamente autom\u00e1ticas o manuales permiti\u00e9ndonos mediante imagen real de retina por IR mover el punto de fijaci\u00f3n interno hasta poder capturar la zona deseada de retina.<br \/>\nSe trabaja con una aplicaci\u00f3n de software dedicada e independiente, a trav\u00e9s de una Tablet a color HD.<br \/>\nEl dispositivo de captura de 60\u00b0 con una sola exposici\u00f3n, es compatible con la adquisici\u00f3n de uno o varios campos, con siete campos predefinidos de los cuales permite realizar mosaico autom\u00e1tico de 120\u00b0, tambi\u00e9n nos permite captura manual llegando as\u00ed a 150\u00b0.<br \/>\nCapturas a color e IR (filtros y ajuste: azul, rojo, verde, gamma), usando una luz blanca muy suave que garantiza el m\u00e1ximo confort y m\u00ednimo reflejo pupilar de sus pacientes. La combinaci\u00f3n \u00fanica de imagen confocal y la iluminaci\u00f3n de luz blanca, ofrece una calidad de imagen superior y fidelidad de color. El uso de luz blanca hace que la retina aparezca en imagen como se ve cuando se observa directamente y como todo el espectro visible est\u00e1 presente en la imagen capturada. El infrarrojo IR para ver lo que nuestro ojo no es capaz de ver. \u00a1Lo que antes era un sue\u00f1o\u2026 es ahora una realidad!<\/p>\n<p>Visor Remoto con funciones de medici\u00f3n CDR, flikering, comparativas de evoluci\u00f3n y mucho m\u00e1s. Mejorando as\u00ed el seguimiento de patolog\u00edas.<\/p>\n<p>UWFL \u2013 Accesorio opcional que incrementa las posibilidades de su producto<br \/>\nGracias al nuevo m\u00f3dulo Ultra-Widefield ahora es posible adquirir im\u00e1genes de retina de hasta 200\u00ba, obteniendo mayor informaci\u00f3n o signos de patolog\u00edas en periferia.<br \/>\nAhora la tecnolog\u00eda confocal icare TrueColor es mejorada con una imagen Ultra-Widefield, llevando la calidad y definici\u00f3n de la tecnolog\u00eda confocal a \u00e1reas perif\u00e9ricass de la retina.<\/p>\n","protected":false},"excerpt":{"rendered":"<p><strong>Escaner de retina confocal<\/strong><\/p>\n<p>Eidon es el primer esc\u00e1ner de retina confocal de color verdadero y totalmente autom\u00e1tico en el mercado. Proporciona una calidad de imagen insuperable, 60\u00b0 de campo y que de un modo totalmente autom\u00e1tico hasta 120\u00ba con 7 campos. Imagen oftalmosc\u00f3picamente perfecta, \u00fanica y real de retina, lo que abre nuevas oportunidades para el diagn\u00f3stico de la retina.<\/p>\n<p>CARACTER\u00cdSTICAS Y BENEFICIOS<br \/>\nEidon ha sido dise\u00f1ado para proporcionar la m\u00e1xima facilidad de manejo. Su interface intuitiva que permite seleccionar desde estrategias completamente autom\u00e1ticas o manuales permiti\u00e9ndonos mediante imagen real de retina por IR mover el punto de fijaci\u00f3n interno hasta poder capturar la zona deseada de retina.<br \/>\nSe trabaja con una aplicaci\u00f3n de software dedicada e independiente, a trav\u00e9s de una Tablet a color HD.<br \/>\nEl dispositivo de captura de 60\u00b0 con una sola exposici\u00f3n, es compatible con la adquisici\u00f3n de uno o varios campos, con siete campos predefinidos de los cuales permite realizar mosaico autom\u00e1tico de 120\u00b0, tambi\u00e9n nos permite captura manual llegando as\u00ed a 150\u00b0.<br \/>\nCapturas a color e IR (filtros y ajuste: azul, rojo, verde, gamma), usando una luz blanca muy suave que garantiza el m\u00e1ximo confort y m\u00ednimo reflejo pupilar de sus pacientes. La combinaci\u00f3n \u00fanica de imagen confocal y la iluminaci\u00f3n de luz blanca, ofrece una calidad de imagen superior y fidelidad de color. El uso de luz blanca hace que la retina aparezca en imagen como se ve cuando se observa directamente y como todo el espectro visible est\u00e1 presente en la imagen capturada. El infrarrojo IR para ver lo que nuestro ojo no es capaz de ver. \u00a1Lo que antes era un sue\u00f1o\u2026 es ahora una realidad!<\/p>\n<p>Visor Remoto con funciones de medici\u00f3n CDR, flikering, comparativas de evoluci\u00f3n y mucho m\u00e1s. Mejorando as\u00ed el seguimiento de patolog\u00edas.<\/p>\n<p>UWFL \u2013 Accesorio opcional que incrementa las posibilidades de su producto<br \/>\nGracias al nuevo m\u00f3dulo Ultra-Widefield ahora es posible adquirir im\u00e1genes de retina de hasta 200\u00ba, obteniendo mayor informaci\u00f3n o signos de patolog\u00edas en periferia.<br \/>\nAhora la tecnolog\u00eda confocal icare TrueColor es mejorada con una imagen Ultra-Widefield, llevando la calidad y definici\u00f3n de la tecnolog\u00eda confocal a \u00e1reas perif\u00e9ricass de la retina.<\/p>\n","protected":false},"featured_media":24889,"template":"","meta":{"_acf_changed":false,"content-type":"","footnotes":""},"pwb-brand":[357],"product_brand":[],"product_cat":[174,200],"product_tag":[],"class_list":{"0":"post-8434","1":"product","2":"type-product","3":"status-publish","4":"has-post-thumbnail","6":"pwb-brand-icare","7":"product_cat-oftalmologia-instrumentos","8":"product_cat-optometria-instrumentos","9":"pa_product-family-diagnostic-es","11":"first","12":"instock","13":"product-type-simple"},"acf":[],"brands":[{"id":357,"name":"iCare","slug":"icare"}],"_links":{"self":[{"href":"https:\/\/www.visionix.com\/es\/wp-json\/wp\/v2\/product\/8434","targetHints":{"allow":["GET"]}}],"collection":[{"href":"https:\/\/www.visionix.com\/es\/wp-json\/wp\/v2\/product"}],"about":[{"href":"https:\/\/www.visionix.com\/es\/wp-json\/wp\/v2\/types\/product"}],"version-history":[{"count":1,"href":"https:\/\/www.visionix.com\/es\/wp-json\/wp\/v2\/product\/8434\/revisions"}],"predecessor-version":[{"id":24897,"href":"https:\/\/www.visionix.com\/es\/wp-json\/wp\/v2\/product\/8434\/revisions\/24897"}],"wp:featuredmedia":[{"embeddable":true,"href":"https:\/\/www.visionix.com\/es\/wp-json\/wp\/v2\/media\/24889"}],"wp:attachment":[{"href":"https:\/\/www.visionix.com\/es\/wp-json\/wp\/v2\/media?parent=8434"}],"wp:term":[{"taxonomy":"pwb-brand","embeddable":true,"href":"https:\/\/www.visionix.com\/es\/wp-json\/wp\/v2\/pwb-brand?post=8434"},{"taxonomy":"product_brand","embeddable":true,"href":"https:\/\/www.visionix.com\/es\/wp-json\/wp\/v2\/product_brand?post=8434"},{"taxonomy":"product_cat","embeddable":true,"href":"https:\/\/www.visionix.com\/es\/wp-json\/wp\/v2\/product_cat?post=8434"},{"taxonomy":"product_tag","embeddable":true,"href":"https:\/\/www.visionix.com\/es\/wp-json\/wp\/v2\/product_tag?post=8434"}],"curies":[{"name":"wp","href":"https:\/\/api.w.org\/{rel}","templated":true}]}}