{"id":8425,"date":"2022-03-22T12:01:20","date_gmt":"2022-03-22T11:01:20","guid":{"rendered":"https:\/\/www.visionix.com\/produit\/mon-cv3\/"},"modified":"2022-07-26T15:23:41","modified_gmt":"2022-07-26T13:23:41","slug":"mon-cv3","status":"publish","type":"product","link":"https:\/\/www.visionix.com\/es\/product\/mon-cv3\/","title":{"rendered":"MON CV3"},"content":{"rendered":"<p>MonCV3 combina en un solo instrumento compacto una gama completa de pruebas de las funciones visuales. Gracias a su dise\u00f1o modular, se adapta f\u00e1cilmente a las necesidades de cada especialista en cuidados de la vista, con pruebas espec\u00edficas para el segmento anterior, la retina, el glaucoma, la neuro-oftalmolog\u00eda y las aptitudes visuales.<\/p>\n","protected":false},"excerpt":{"rendered":"<p><strong>Per\u00edmetro multifunci\u00f3n<\/strong><\/p>\n<p>MonCV3 combina en un solo instrumento compacto una gama completa de pruebas de las funciones visuales. Gracias a su dise\u00f1o modular, se adapta f\u00e1cilmente a las necesidades de cada especialista en cuidados de la vista, con pruebas espec\u00edficas para el segmento anterior, la retina, el glaucoma, la neuro-oftalmolog\u00eda y las aptitudes visuales.<\/p>\n","protected":false},"featured_media":8426,"template":"","meta":{"_acf_changed":false,"content-type":"","footnotes":""},"pwb-brand":[358],"product_brand":[],"product_cat":[174],"product_tag":[],"class_list":{"0":"post-8425","1":"product","2":"type-product","3":"status-publish","4":"has-post-thumbnail","6":"pwb-brand-metrovision","7":"product_cat-oftalmologia-instrumentos","8":"pa_product-family-diagnostic-es","10":"first","11":"instock","12":"product-type-simple"},"acf":[],"brands":[{"id":358,"name":"Metrovision","slug":"metrovision"}],"_links":{"self":[{"href":"https:\/\/www.visionix.com\/es\/wp-json\/wp\/v2\/product\/8425","targetHints":{"allow":["GET"]}}],"collection":[{"href":"https:\/\/www.visionix.com\/es\/wp-json\/wp\/v2\/product"}],"about":[{"href":"https:\/\/www.visionix.com\/es\/wp-json\/wp\/v2\/types\/product"}],"version-history":[{"count":2,"href":"https:\/\/www.visionix.com\/es\/wp-json\/wp\/v2\/product\/8425\/revisions"}],"predecessor-version":[{"id":27268,"href":"https:\/\/www.visionix.com\/es\/wp-json\/wp\/v2\/product\/8425\/revisions\/27268"}],"wp:featuredmedia":[{"embeddable":true,"href":"https:\/\/www.visionix.com\/es\/wp-json\/wp\/v2\/media\/8426"}],"wp:attachment":[{"href":"https:\/\/www.visionix.com\/es\/wp-json\/wp\/v2\/media?parent=8425"}],"wp:term":[{"taxonomy":"pwb-brand","embeddable":true,"href":"https:\/\/www.visionix.com\/es\/wp-json\/wp\/v2\/pwb-brand?post=8425"},{"taxonomy":"product_brand","embeddable":true,"href":"https:\/\/www.visionix.com\/es\/wp-json\/wp\/v2\/product_brand?post=8425"},{"taxonomy":"product_cat","embeddable":true,"href":"https:\/\/www.visionix.com\/es\/wp-json\/wp\/v2\/product_cat?post=8425"},{"taxonomy":"product_tag","embeddable":true,"href":"https:\/\/www.visionix.com\/es\/wp-json\/wp\/v2\/product_tag?post=8425"}],"curies":[{"name":"wp","href":"https:\/\/api.w.org\/{rel}","templated":true}]}}