{"id":8384,"date":"2022-03-22T12:01:20","date_gmt":"2022-03-22T11:01:20","guid":{"rendered":"https:\/\/www.visionix.com\/produit\/compass\/"},"modified":"2022-07-26T15:23:40","modified_gmt":"2022-07-26T13:23:40","slug":"compass","status":"publish","type":"product","link":"https:\/\/www.visionix.com\/es\/product\/compass\/","title":{"rendered":"Compass"},"content":{"rendered":"<p>Compass, es el primer per\u00edmetro con c\u00e1mara de fondo y eyetraking capaz de realizar las pruebas de campo visual est\u00e1ndar, obteniendo simult\u00e1neamente imagen de fondo a 60\u00ba, color verdadero gracias a la tecnolog\u00eda True Color e IR.<\/p>\n","protected":false},"excerpt":{"rendered":"<p><strong>Compass mejora la precisi\u00f3n de las pruebas de campo visual.<\/strong><\/p>\n<p>Compass, es el primer per\u00edmetro con c\u00e1mara de fondo y eyetraking capaz de realizar las pruebas de campo visual est\u00e1ndar, obteniendo simult\u00e1neamente imagen de fondo a 60\u00ba, color verdadero gracias a la tecnolog\u00eda True Color e IR.<\/p>\n","protected":false},"featured_media":24954,"template":"","meta":{"_acf_changed":false,"content-type":"","footnotes":""},"pwb-brand":[357],"product_brand":[],"product_cat":[174],"product_tag":[],"class_list":{"0":"post-8384","1":"product","2":"type-product","3":"status-publish","4":"has-post-thumbnail","6":"pwb-brand-icare","7":"product_cat-oftalmologia-instrumentos","8":"pa_product-family-diagnostic-es","10":"first","11":"instock","12":"product-type-simple"},"acf":[],"brands":[{"id":357,"name":"iCare","slug":"icare"}],"_links":{"self":[{"href":"https:\/\/www.visionix.com\/es\/wp-json\/wp\/v2\/product\/8384","targetHints":{"allow":["GET"]}}],"collection":[{"href":"https:\/\/www.visionix.com\/es\/wp-json\/wp\/v2\/product"}],"about":[{"href":"https:\/\/www.visionix.com\/es\/wp-json\/wp\/v2\/types\/product"}],"version-history":[{"count":1,"href":"https:\/\/www.visionix.com\/es\/wp-json\/wp\/v2\/product\/8384\/revisions"}],"predecessor-version":[{"id":24962,"href":"https:\/\/www.visionix.com\/es\/wp-json\/wp\/v2\/product\/8384\/revisions\/24962"}],"wp:featuredmedia":[{"embeddable":true,"href":"https:\/\/www.visionix.com\/es\/wp-json\/wp\/v2\/media\/24954"}],"wp:attachment":[{"href":"https:\/\/www.visionix.com\/es\/wp-json\/wp\/v2\/media?parent=8384"}],"wp:term":[{"taxonomy":"pwb-brand","embeddable":true,"href":"https:\/\/www.visionix.com\/es\/wp-json\/wp\/v2\/pwb-brand?post=8384"},{"taxonomy":"product_brand","embeddable":true,"href":"https:\/\/www.visionix.com\/es\/wp-json\/wp\/v2\/product_brand?post=8384"},{"taxonomy":"product_cat","embeddable":true,"href":"https:\/\/www.visionix.com\/es\/wp-json\/wp\/v2\/product_cat?post=8384"},{"taxonomy":"product_tag","embeddable":true,"href":"https:\/\/www.visionix.com\/es\/wp-json\/wp\/v2\/product_tag?post=8384"}],"curies":[{"name":"wp","href":"https:\/\/api.w.org\/{rel}","templated":true}]}}