{"id":8366,"date":"2022-03-22T12:01:20","date_gmt":"2022-03-22T11:01:20","guid":{"rendered":"https:\/\/www.visionix.com\/produit\/caja-de-pruebas-pequena-anillo-plastico-98-lentes-y-6-accesorios\/"},"modified":"2022-07-26T15:23:40","modified_gmt":"2022-07-26T13:23:40","slug":"caja-de-pruebas-pequena-anillo-plastico-98-lentes-y-6-accesorios","status":"publish","type":"product","link":"https:\/\/www.visionix.com\/es\/product\/caja-de-pruebas-pequena-anillo-plastico-98-lentes-y-6-accesorios\/","title":{"rendered":"Caja de pruebas peque\u00f1a, anillo pl\u00e1stico (98 lentes y 6 accesorios)"},"content":{"rendered":"<p>Lentes con anillo pl\u00e1stico y accesorios<\/p>\n","protected":false},"excerpt":{"rendered":"<p><strong>Caja de pruebas peque\u00f1a<\/strong><\/p>\n<p>Lentes con anillo pl\u00e1stico y accesorios<\/p>\n","protected":false},"featured_media":24835,"template":"","meta":{"_acf_changed":false,"content-type":"","footnotes":""},"pwb-brand":[],"product_brand":[],"product_cat":[174,199,200],"product_tag":[],"class_list":{"0":"post-8366","1":"product","2":"type-product","3":"status-publish","4":"has-post-thumbnail","6":"product_cat-oftalmologia-instrumentos","7":"product_cat-optico-equipo","8":"product_cat-optometria-instrumentos","9":"pa_product-family-refraction-es","10":"pa_product-type-accessory-es","12":"first","13":"instock","14":"product-type-simple"},"acf":[],"brands":[],"_links":{"self":[{"href":"https:\/\/www.visionix.com\/es\/wp-json\/wp\/v2\/product\/8366","targetHints":{"allow":["GET"]}}],"collection":[{"href":"https:\/\/www.visionix.com\/es\/wp-json\/wp\/v2\/product"}],"about":[{"href":"https:\/\/www.visionix.com\/es\/wp-json\/wp\/v2\/types\/product"}],"version-history":[{"count":1,"href":"https:\/\/www.visionix.com\/es\/wp-json\/wp\/v2\/product\/8366\/revisions"}],"predecessor-version":[{"id":24843,"href":"https:\/\/www.visionix.com\/es\/wp-json\/wp\/v2\/product\/8366\/revisions\/24843"}],"wp:featuredmedia":[{"embeddable":true,"href":"https:\/\/www.visionix.com\/es\/wp-json\/wp\/v2\/media\/24835"}],"wp:attachment":[{"href":"https:\/\/www.visionix.com\/es\/wp-json\/wp\/v2\/media?parent=8366"}],"wp:term":[{"taxonomy":"pwb-brand","embeddable":true,"href":"https:\/\/www.visionix.com\/es\/wp-json\/wp\/v2\/pwb-brand?post=8366"},{"taxonomy":"product_brand","embeddable":true,"href":"https:\/\/www.visionix.com\/es\/wp-json\/wp\/v2\/product_brand?post=8366"},{"taxonomy":"product_cat","embeddable":true,"href":"https:\/\/www.visionix.com\/es\/wp-json\/wp\/v2\/product_cat?post=8366"},{"taxonomy":"product_tag","embeddable":true,"href":"https:\/\/www.visionix.com\/es\/wp-json\/wp\/v2\/product_tag?post=8366"}],"curies":[{"name":"wp","href":"https:\/\/api.w.org\/{rel}","templated":true}]}}