{"id":8323,"date":"2022-03-22T12:01:20","date_gmt":"2022-03-22T11:01:20","guid":{"rendered":"https:\/\/www.visionix.com\/produit\/tonometro-de-perkins\/"},"modified":"2022-07-26T15:23:44","modified_gmt":"2022-07-26T13:23:44","slug":"tonometro-de-perkins","status":"publish","type":"product","link":"https:\/\/www.visionix.com\/es\/product\/tonometro-de-perkins\/","title":{"rendered":"Ton\u00f3metro de Perkins"},"content":{"rendered":"<p>El ton\u00f3metro de Perkins es un ton\u00f3metro manual que permite medir la presi\u00f3n intraocular.<\/p>\n","protected":false},"excerpt":{"rendered":"<p><strong>Ton\u00f3metro<\/strong><\/p>\n<p>El ton\u00f3metro de Perkins es un ton\u00f3metro manual que permite medir la presi\u00f3n intraocular.<\/p>\n","protected":false},"featured_media":8324,"template":"","meta":{"_acf_changed":false,"content-type":"","footnotes":""},"pwb-brand":[517],"product_brand":[],"product_cat":[174,200],"product_tag":[],"class_list":{"0":"post-8323","1":"product","2":"type-product","3":"status-publish","4":"has-post-thumbnail","6":"pwb-brand-haag-streit-es","7":"product_cat-oftalmologia-instrumentos","8":"product_cat-optometria-instrumentos","9":"pa_product-family-diagnostic-es","11":"first","12":"instock","13":"product-type-simple"},"acf":[],"brands":[{"id":517,"name":"Haag-Streit","slug":"haag-streit-es"}],"_links":{"self":[{"href":"https:\/\/www.visionix.com\/es\/wp-json\/wp\/v2\/product\/8323","targetHints":{"allow":["GET"]}}],"collection":[{"href":"https:\/\/www.visionix.com\/es\/wp-json\/wp\/v2\/product"}],"about":[{"href":"https:\/\/www.visionix.com\/es\/wp-json\/wp\/v2\/types\/product"}],"version-history":[{"count":1,"href":"https:\/\/www.visionix.com\/es\/wp-json\/wp\/v2\/product\/8323\/revisions"}],"predecessor-version":[{"id":27264,"href":"https:\/\/www.visionix.com\/es\/wp-json\/wp\/v2\/product\/8323\/revisions\/27264"}],"wp:featuredmedia":[{"embeddable":true,"href":"https:\/\/www.visionix.com\/es\/wp-json\/wp\/v2\/media\/8324"}],"wp:attachment":[{"href":"https:\/\/www.visionix.com\/es\/wp-json\/wp\/v2\/media?parent=8323"}],"wp:term":[{"taxonomy":"pwb-brand","embeddable":true,"href":"https:\/\/www.visionix.com\/es\/wp-json\/wp\/v2\/pwb-brand?post=8323"},{"taxonomy":"product_brand","embeddable":true,"href":"https:\/\/www.visionix.com\/es\/wp-json\/wp\/v2\/product_brand?post=8323"},{"taxonomy":"product_cat","embeddable":true,"href":"https:\/\/www.visionix.com\/es\/wp-json\/wp\/v2\/product_cat?post=8323"},{"taxonomy":"product_tag","embeddable":true,"href":"https:\/\/www.visionix.com\/es\/wp-json\/wp\/v2\/product_tag?post=8323"}],"curies":[{"name":"wp","href":"https:\/\/api.w.org\/{rel}","templated":true}]}}