{"id":8297,"date":"2022-03-22T12:01:20","date_gmt":"2022-03-22T11:01:20","guid":{"rendered":"https:\/\/www.visionix.com\/produit\/interfaz-de-comunicacion-vxboxii-visionix\/"},"modified":"2022-07-26T15:23:41","modified_gmt":"2022-07-26T13:23:41","slug":"interfaz-de-comunicacion-vxboxii-visionix","status":"publish","type":"product","link":"https:\/\/www.visionix.com\/es\/product\/interfaz-de-comunicacion-vxboxii-visionix\/","title":{"rendered":"Interfaz de comunicaci\u00f3n \u2013 VXBOXII &#8211; Visionix"},"content":{"rendered":"<p>La soluci\u00f3n ideal para compartir datos entre diversos instrumentos. La VXBOX es una interfaz de comunicaci\u00f3n que permite compartir datos entre diversos instrumentos Visionix, y la red exterior. Crea una red wifi espec\u00edfica para compartir datos. Permite integrar totalmente la cadena de refracci\u00f3n y diagn\u00f3stico en el programa pr\u00e1ctico de DME compartiendo el formato de archivo XML. Adem\u00e1s, constituye una pasarela hacia la red de pr\u00e1ctica a trav\u00e9s del LAN.<\/p>\n","protected":false},"excerpt":{"rendered":"<p><strong>Interfaz de comunicaci\u00f3n<\/strong><\/p>\n<p>La soluci\u00f3n ideal para compartir datos entre diversos instrumentos. La VXBOX es una interfaz de comunicaci\u00f3n que permite compartir datos entre diversos instrumentos Visionix, y la red exterior. Crea una red wifi espec\u00edfica para compartir datos. Permite integrar totalmente la cadena de refracci\u00f3n y diagn\u00f3stico en el programa pr\u00e1ctico de DME compartiendo el formato de archivo XML. Adem\u00e1s, constituye una pasarela hacia la red de pr\u00e1ctica a trav\u00e9s del LAN.<\/p>\n","protected":false},"featured_media":8298,"template":"","meta":{"_acf_changed":false,"content-type":"","footnotes":""},"pwb-brand":[508],"product_brand":[],"product_cat":[199,200],"product_tag":[],"class_list":{"0":"post-8297","1":"product","2":"type-product","3":"status-publish","4":"has-post-thumbnail","6":"pwb-brand-visionix-es","7":"product_cat-optico-equipo","8":"product_cat-optometria-instrumentos","9":"pa_product-family-refraction-es","10":"pa_product-type-accessory-es","12":"first","13":"instock","14":"product-type-simple"},"acf":[],"brands":[{"id":508,"name":"Visionix","slug":"visionix-es"}],"_links":{"self":[{"href":"https:\/\/www.visionix.com\/es\/wp-json\/wp\/v2\/product\/8297","targetHints":{"allow":["GET"]}}],"collection":[{"href":"https:\/\/www.visionix.com\/es\/wp-json\/wp\/v2\/product"}],"about":[{"href":"https:\/\/www.visionix.com\/es\/wp-json\/wp\/v2\/types\/product"}],"version-history":[{"count":1,"href":"https:\/\/www.visionix.com\/es\/wp-json\/wp\/v2\/product\/8297\/revisions"}],"predecessor-version":[{"id":27266,"href":"https:\/\/www.visionix.com\/es\/wp-json\/wp\/v2\/product\/8297\/revisions\/27266"}],"wp:featuredmedia":[{"embeddable":true,"href":"https:\/\/www.visionix.com\/es\/wp-json\/wp\/v2\/media\/8298"}],"wp:attachment":[{"href":"https:\/\/www.visionix.com\/es\/wp-json\/wp\/v2\/media?parent=8297"}],"wp:term":[{"taxonomy":"pwb-brand","embeddable":true,"href":"https:\/\/www.visionix.com\/es\/wp-json\/wp\/v2\/pwb-brand?post=8297"},{"taxonomy":"product_brand","embeddable":true,"href":"https:\/\/www.visionix.com\/es\/wp-json\/wp\/v2\/product_brand?post=8297"},{"taxonomy":"product_cat","embeddable":true,"href":"https:\/\/www.visionix.com\/es\/wp-json\/wp\/v2\/product_cat?post=8297"},{"taxonomy":"product_tag","embeddable":true,"href":"https:\/\/www.visionix.com\/es\/wp-json\/wp\/v2\/product_tag?post=8297"}],"curies":[{"name":"wp","href":"https:\/\/api.w.org\/{rel}","templated":true}]}}