{"id":8280,"date":"2022-03-22T12:01:20","date_gmt":"2022-03-22T11:01:20","guid":{"rendered":"https:\/\/www.visionix.com\/produit\/kit-de-deslumbramiento-visionix\/"},"modified":"2022-07-26T15:23:41","modified_gmt":"2022-07-26T13:23:41","slug":"kit-de-deslumbramiento-visionix","status":"publish","type":"product","link":"https:\/\/www.visionix.com\/es\/product\/kit-de-deslumbramiento-visionix\/","title":{"rendered":"Kit de deslumbramiento \u2013 Visionix"},"content":{"rendered":"<p>Este dispositivo, compuesto por dos fuentes de luz de luminancia lateral, puede utilizarse en todas las pantallas de test LCD de nuestra gama para crear condiciones similares a las de la conducci\u00f3n nocturna.<br \/>\nSe proponen diferentes test (l\u00edneas radiales de letras, cruces, condiciones de conducci\u00f3n de noche).<br \/>\nIdeal para detecci\u00f3n precoz de cataratas, control de cirug\u00eda refractiva, test de capacidad para conducci\u00f3n nocturna.<\/p>\n","protected":false},"excerpt":{"rendered":"<p><strong>Pantalla de Optotipos &#8211; Proyector<\/strong><\/p>\n<p>Este dispositivo, compuesto por dos fuentes de luz de luminancia lateral, puede utilizarse en todas las pantallas de test LCD de nuestra gama para crear condiciones similares a las de la conducci\u00f3n nocturna.<br \/>\nSe proponen diferentes test (l\u00edneas radiales de letras, cruces, condiciones de conducci\u00f3n de noche).<br \/>\nIdeal para detecci\u00f3n precoz de cataratas, control de cirug\u00eda refractiva, test de capacidad para conducci\u00f3n nocturna.<\/p>\n","protected":false},"featured_media":8281,"template":"","meta":{"_acf_changed":false,"content-type":"","footnotes":""},"pwb-brand":[508],"product_brand":[],"product_cat":[199,200],"product_tag":[],"class_list":{"0":"post-8280","1":"product","2":"type-product","3":"status-publish","4":"has-post-thumbnail","6":"pwb-brand-visionix-es","7":"product_cat-optico-equipo","8":"product_cat-optometria-instrumentos","9":"pa_product-family-refraction-es","10":"pa_product-type-accessory-es","12":"first","13":"instock","14":"product-type-simple"},"acf":[],"brands":[{"id":508,"name":"Visionix","slug":"visionix-es"}],"_links":{"self":[{"href":"https:\/\/www.visionix.com\/es\/wp-json\/wp\/v2\/product\/8280","targetHints":{"allow":["GET"]}}],"collection":[{"href":"https:\/\/www.visionix.com\/es\/wp-json\/wp\/v2\/product"}],"about":[{"href":"https:\/\/www.visionix.com\/es\/wp-json\/wp\/v2\/types\/product"}],"version-history":[{"count":1,"href":"https:\/\/www.visionix.com\/es\/wp-json\/wp\/v2\/product\/8280\/revisions"}],"predecessor-version":[{"id":27267,"href":"https:\/\/www.visionix.com\/es\/wp-json\/wp\/v2\/product\/8280\/revisions\/27267"}],"wp:featuredmedia":[{"embeddable":true,"href":"https:\/\/www.visionix.com\/es\/wp-json\/wp\/v2\/media\/8281"}],"wp:attachment":[{"href":"https:\/\/www.visionix.com\/es\/wp-json\/wp\/v2\/media?parent=8280"}],"wp:term":[{"taxonomy":"pwb-brand","embeddable":true,"href":"https:\/\/www.visionix.com\/es\/wp-json\/wp\/v2\/pwb-brand?post=8280"},{"taxonomy":"product_brand","embeddable":true,"href":"https:\/\/www.visionix.com\/es\/wp-json\/wp\/v2\/product_brand?post=8280"},{"taxonomy":"product_cat","embeddable":true,"href":"https:\/\/www.visionix.com\/es\/wp-json\/wp\/v2\/product_cat?post=8280"},{"taxonomy":"product_tag","embeddable":true,"href":"https:\/\/www.visionix.com\/es\/wp-json\/wp\/v2\/product_tag?post=8280"}],"curies":[{"name":"wp","href":"https:\/\/api.w.org\/{rel}","templated":true}]}}