{"id":8261,"date":"2022-03-22T12:01:20","date_gmt":"2022-03-22T11:01:20","guid":{"rendered":"https:\/\/www.visionix.com\/produit\/recipiente-de-filtracion-30-l-para-biseladoras\/"},"modified":"2022-07-26T15:23:43","modified_gmt":"2022-07-26T13:23:43","slug":"recipiente-de-filtracion-30-l-para-biseladoras","status":"publish","type":"product","link":"https:\/\/www.visionix.com\/es\/product\/recipiente-de-filtracion-30-l-para-biseladoras\/","title":{"rendered":"Recipiente de filtraci\u00f3n 30 l para biseladoras"},"content":{"rendered":"<p>Recipiente de filtraci\u00f3n (30 l) con bomba sumergible. Para utilizaci\u00f3n en circuito cerrado.<\/p>\n","protected":false},"excerpt":{"rendered":"<p>Recipiente de filtraci\u00f3n (30 l) con bomba sumergible. Para utilizaci\u00f3n en circuito cerrado.<\/p>\n","protected":false},"featured_media":24926,"template":"","meta":{"_acf_changed":false,"content-type":"","footnotes":""},"pwb-brand":[515],"product_brand":[],"product_cat":[199,200],"product_tag":[],"class_list":{"0":"post-8261","1":"product","2":"type-product","3":"status-publish","4":"has-post-thumbnail","6":"pwb-brand-weco-es","7":"product_cat-optico-equipo","8":"product_cat-optometria-instrumentos","9":"pa_product-type-accessory-es","11":"first","12":"instock","13":"product-type-simple"},"acf":[],"brands":[{"id":515,"name":"Weco","slug":"weco-es"}],"_links":{"self":[{"href":"https:\/\/www.visionix.com\/es\/wp-json\/wp\/v2\/product\/8261","targetHints":{"allow":["GET"]}}],"collection":[{"href":"https:\/\/www.visionix.com\/es\/wp-json\/wp\/v2\/product"}],"about":[{"href":"https:\/\/www.visionix.com\/es\/wp-json\/wp\/v2\/types\/product"}],"version-history":[{"count":1,"href":"https:\/\/www.visionix.com\/es\/wp-json\/wp\/v2\/product\/8261\/revisions"}],"predecessor-version":[{"id":24934,"href":"https:\/\/www.visionix.com\/es\/wp-json\/wp\/v2\/product\/8261\/revisions\/24934"}],"wp:featuredmedia":[{"embeddable":true,"href":"https:\/\/www.visionix.com\/es\/wp-json\/wp\/v2\/media\/24926"}],"wp:attachment":[{"href":"https:\/\/www.visionix.com\/es\/wp-json\/wp\/v2\/media?parent=8261"}],"wp:term":[{"taxonomy":"pwb-brand","embeddable":true,"href":"https:\/\/www.visionix.com\/es\/wp-json\/wp\/v2\/pwb-brand?post=8261"},{"taxonomy":"product_brand","embeddable":true,"href":"https:\/\/www.visionix.com\/es\/wp-json\/wp\/v2\/product_brand?post=8261"},{"taxonomy":"product_cat","embeddable":true,"href":"https:\/\/www.visionix.com\/es\/wp-json\/wp\/v2\/product_cat?post=8261"},{"taxonomy":"product_tag","embeddable":true,"href":"https:\/\/www.visionix.com\/es\/wp-json\/wp\/v2\/product_tag?post=8261"}],"curies":[{"name":"wp","href":"https:\/\/api.w.org\/{rel}","templated":true}]}}