{"id":77449,"date":"2026-01-08T14:12:21","date_gmt":"2026-01-08T13:12:21","guid":{"rendered":"https:\/\/www.visionix.com\/product\/visionix-vx-625\/"},"modified":"2026-01-22T11:25:40","modified_gmt":"2026-01-22T10:25:40","slug":"visionix-vx-625","status":"publish","type":"product","link":"https:\/\/www.visionix.com\/es\/product\/visionix-vx-625\/","title":{"rendered":"Visionix VX 625"},"content":{"rendered":"<p>Proporciona una imagen de alta calidad de 176 grados en una sola adquisici\u00f3n. Dise\u00f1ado para la simplicidad, el VX 625 ofrece alineaci\u00f3n, enfoque y captura autom\u00e1ticos, permitiendo una adquisici\u00f3n de im\u00e1genes eficiente y requiriendo una formaci\u00f3n m\u00ednima del usuario. Se puede obtener un campo de visi\u00f3n de 220 a 260 grados utilizando la funci\u00f3n de montaje.<\/p>\n","protected":false},"excerpt":{"rendered":"<p>Proporciona una imagen de alta calidad de 176 grados en una sola adquisici\u00f3n. Dise\u00f1ado para la simplicidad, el VX 625 ofrece alineaci\u00f3n, enfoque y captura autom\u00e1ticos, permitiendo una adquisici\u00f3n de im\u00e1genes eficiente y requiriendo una formaci\u00f3n m\u00ednima del usuario. Se puede obtener un campo de visi\u00f3n de 220 a 260 grados utilizando la funci\u00f3n de montaje.<\/p>\n","protected":false},"featured_media":74390,"template":"","meta":{"_acf_changed":false,"content-type":"","footnotes":""},"pwb-brand":[508],"product_brand":[],"product_cat":[262,174],"product_tag":[],"class_list":{"0":"post-77449","1":"product","2":"type-product","3":"status-publish","4":"has-post-thumbnail","6":"pwb-brand-visionix-es","7":"product_cat-new-products-es","8":"product_cat-oftalmologia-instrumentos","10":"first","11":"instock","12":"product-type-simple"},"acf":[],"brands":[{"id":508,"name":"Visionix","slug":"visionix-es"}],"_links":{"self":[{"href":"https:\/\/www.visionix.com\/es\/wp-json\/wp\/v2\/product\/77449","targetHints":{"allow":["GET"]}}],"collection":[{"href":"https:\/\/www.visionix.com\/es\/wp-json\/wp\/v2\/product"}],"about":[{"href":"https:\/\/www.visionix.com\/es\/wp-json\/wp\/v2\/types\/product"}],"version-history":[{"count":2,"href":"https:\/\/www.visionix.com\/es\/wp-json\/wp\/v2\/product\/77449\/revisions"}],"predecessor-version":[{"id":77503,"href":"https:\/\/www.visionix.com\/es\/wp-json\/wp\/v2\/product\/77449\/revisions\/77503"}],"wp:featuredmedia":[{"embeddable":true,"href":"https:\/\/www.visionix.com\/es\/wp-json\/wp\/v2\/media\/74390"}],"wp:attachment":[{"href":"https:\/\/www.visionix.com\/es\/wp-json\/wp\/v2\/media?parent=77449"}],"wp:term":[{"taxonomy":"pwb-brand","embeddable":true,"href":"https:\/\/www.visionix.com\/es\/wp-json\/wp\/v2\/pwb-brand?post=77449"},{"taxonomy":"product_brand","embeddable":true,"href":"https:\/\/www.visionix.com\/es\/wp-json\/wp\/v2\/product_brand?post=77449"},{"taxonomy":"product_cat","embeddable":true,"href":"https:\/\/www.visionix.com\/es\/wp-json\/wp\/v2\/product_cat?post=77449"},{"taxonomy":"product_tag","embeddable":true,"href":"https:\/\/www.visionix.com\/es\/wp-json\/wp\/v2\/product_tag?post=77449"}],"curies":[{"name":"wp","href":"https:\/\/api.w.org\/{rel}","templated":true}]}}