{"id":75966,"date":"2025-12-03T14:51:20","date_gmt":"2025-12-03T13:51:20","guid":{"rendered":"https:\/\/www.visionix.com\/?post_type=product&#038;p=75966"},"modified":"2025-12-10T11:21:16","modified_gmt":"2025-12-10T10:21:16","slug":"optovue-autofusion","status":"publish","type":"product","link":"https:\/\/www.visionix.com\/es\/product\/optovue-autofusion\/","title":{"rendered":"Optovue Autofusion"},"content":{"rendered":"<p>Optovue Autofusion es un dispositivo de imagen totalmente automatizado y sin contacto que proporciona im\u00e1genes tomogr\u00e1ficas y de fondo de ojo de alta resoluci\u00f3n. Incluye una c\u00e1mara digital del fondo no midri\u00e1tica y cuenta con un sistema operativo incorporado. Optovue Autofusion est\u00e1 dise\u00f1ado para la visualizaci\u00f3n in vivo, ofreciendo im\u00e1genes axiales seccionales y en 3D, para la medici\u00f3n de las estructuras oculares posteriores, como la retina, la capa de fibras nerviosas retinianas, la m\u00e1cula y el disco \u00f3ptico, as\u00ed como de las estructuras oculares anteriores.<\/p>\n","protected":false},"excerpt":{"rendered":"<p><strong>Optovue Autofusion es un dispositivo de imagen totalmente automatizado y sin contacto que proporciona im\u00e1genes tomogr\u00e1ficas y de fondo de ojo de alta resoluci\u00f3n. Incluye una c\u00e1mara digital del fondo no midri\u00e1tica y cuenta con un sistema operativo incorporado.<\/strong><\/p>\n<p>La tecnolog\u00eda Visionix Wavefront le permite tener un an\u00e1lisis completo y detallado de una montura con s\u00f3lo pulsar un bot\u00f3n. Experimente la nueva generaci\u00f3n de autolentes con el VX 40. El VX 40 puede detectar y analizar lentes monofocales, bifocales y progresivas y es compatible con todas las tecnolog\u00edas y marcas de lentes.<\/p>\n","protected":false},"featured_media":76025,"template":"","meta":{"_acf_changed":false,"content-type":"","footnotes":""},"pwb-brand":[],"product_brand":[],"product_cat":[174,199,200],"product_tag":[],"class_list":{"0":"post-75966","1":"product","2":"type-product","3":"status-publish","4":"has-post-thumbnail","6":"product_cat-oftalmologia-instrumentos","7":"product_cat-optico-equipo","8":"product_cat-optometria-instrumentos","10":"first","11":"instock","12":"product-type-simple"},"acf":[],"brands":[],"_links":{"self":[{"href":"https:\/\/www.visionix.com\/es\/wp-json\/wp\/v2\/product\/75966","targetHints":{"allow":["GET"]}}],"collection":[{"href":"https:\/\/www.visionix.com\/es\/wp-json\/wp\/v2\/product"}],"about":[{"href":"https:\/\/www.visionix.com\/es\/wp-json\/wp\/v2\/types\/product"}],"version-history":[{"count":1,"href":"https:\/\/www.visionix.com\/es\/wp-json\/wp\/v2\/product\/75966\/revisions"}],"predecessor-version":[{"id":76315,"href":"https:\/\/www.visionix.com\/es\/wp-json\/wp\/v2\/product\/75966\/revisions\/76315"}],"wp:featuredmedia":[{"embeddable":true,"href":"https:\/\/www.visionix.com\/es\/wp-json\/wp\/v2\/media\/76025"}],"wp:attachment":[{"href":"https:\/\/www.visionix.com\/es\/wp-json\/wp\/v2\/media?parent=75966"}],"wp:term":[{"taxonomy":"pwb-brand","embeddable":true,"href":"https:\/\/www.visionix.com\/es\/wp-json\/wp\/v2\/pwb-brand?post=75966"},{"taxonomy":"product_brand","embeddable":true,"href":"https:\/\/www.visionix.com\/es\/wp-json\/wp\/v2\/product_brand?post=75966"},{"taxonomy":"product_cat","embeddable":true,"href":"https:\/\/www.visionix.com\/es\/wp-json\/wp\/v2\/product_cat?post=75966"},{"taxonomy":"product_tag","embeddable":true,"href":"https:\/\/www.visionix.com\/es\/wp-json\/wp\/v2\/product_tag?post=75966"}],"curies":[{"name":"wp","href":"https:\/\/api.w.org\/{rel}","templated":true}]}}