{"id":74087,"date":"2024-10-11T15:38:44","date_gmt":"2024-10-11T13:38:44","guid":{"rendered":"https:\/\/www.visionix.com\/product\/vx-210-2\/"},"modified":"2025-09-04T16:02:48","modified_gmt":"2025-09-04T14:02:48","slug":"vx-210-2","status":"publish","type":"product","link":"https:\/\/www.visionix.com\/es\/product\/vx-210-2\/","title":{"rendered":"VX 210"},"content":{"rendered":"<p>El VX210 combina la topograf\u00eda por reflexi\u00f3n \u00f3ptica con un disco de Placido y tomograf\u00eda Scheimpflug del segmento anterior. El dispositivo proporciona datos de paquimetr\u00eda, elevaci\u00f3n, curvatura y potencia di\u00f3ptrica de ambas superficies corneales en un di\u00e1metro de 12 mm.<br data-start=\"981\" data-end=\"984\" \/>Todas las mediciones biom\u00e9tricas de la c\u00e1mara anterior se calculan utilizando hasta 100 secciones corneales de alta resoluci\u00f3n. La notable velocidad de adquisici\u00f3n minimiza los artefactos por movimiento, asegurando mediciones altamente precisas.<\/p>\n","protected":false},"excerpt":{"rendered":"<p data-start=\"670\" data-end=\"1209\">El VX210 combina la topograf\u00eda por reflexi\u00f3n \u00f3ptica con un disco de Placido y tomograf\u00eda Scheimpflug del segmento anterior. El dispositivo proporciona datos de paquimetr\u00eda, elevaci\u00f3n, curvatura y potencia di\u00f3ptrica de ambas superficies corneales en un di\u00e1metro de 12 mm. Todas las mediciones biom\u00e9tricas de la c\u00e1mara anterior se calculan utilizando hasta 100 secciones corneales de alta resoluci\u00f3n. La notable velocidad de adquisici\u00f3n minimiza los artefactos por movimiento, asegurando mediciones altamente precisas.<\/p>\n","protected":false},"featured_media":54539,"template":"","meta":{"_acf_changed":false,"content-type":"","footnotes":""},"pwb-brand":[],"product_brand":[],"product_cat":[174],"product_tag":[],"class_list":{"0":"post-74087","1":"product","2":"type-product","3":"status-publish","4":"has-post-thumbnail","6":"product_cat-oftalmologia-instrumentos","8":"first","9":"instock","10":"shipping-taxable","11":"product-type-simple"},"acf":[],"brands":[],"_links":{"self":[{"href":"https:\/\/www.visionix.com\/es\/wp-json\/wp\/v2\/product\/74087","targetHints":{"allow":["GET"]}}],"collection":[{"href":"https:\/\/www.visionix.com\/es\/wp-json\/wp\/v2\/product"}],"about":[{"href":"https:\/\/www.visionix.com\/es\/wp-json\/wp\/v2\/types\/product"}],"version-history":[{"count":3,"href":"https:\/\/www.visionix.com\/es\/wp-json\/wp\/v2\/product\/74087\/revisions"}],"predecessor-version":[{"id":74108,"href":"https:\/\/www.visionix.com\/es\/wp-json\/wp\/v2\/product\/74087\/revisions\/74108"}],"wp:featuredmedia":[{"embeddable":true,"href":"https:\/\/www.visionix.com\/es\/wp-json\/wp\/v2\/media\/54539"}],"wp:attachment":[{"href":"https:\/\/www.visionix.com\/es\/wp-json\/wp\/v2\/media?parent=74087"}],"wp:term":[{"taxonomy":"pwb-brand","embeddable":true,"href":"https:\/\/www.visionix.com\/es\/wp-json\/wp\/v2\/pwb-brand?post=74087"},{"taxonomy":"product_brand","embeddable":true,"href":"https:\/\/www.visionix.com\/es\/wp-json\/wp\/v2\/product_brand?post=74087"},{"taxonomy":"product_cat","embeddable":true,"href":"https:\/\/www.visionix.com\/es\/wp-json\/wp\/v2\/product_cat?post=74087"},{"taxonomy":"product_tag","embeddable":true,"href":"https:\/\/www.visionix.com\/es\/wp-json\/wp\/v2\/product_tag?post=74087"}],"curies":[{"name":"wp","href":"https:\/\/api.w.org\/{rel}","templated":true}]}}