{"id":73977,"date":"2025-09-03T21:31:07","date_gmt":"2025-09-03T19:31:07","guid":{"rendered":"https:\/\/www.visionix.com\/?post_type=product&#038;p=73977"},"modified":"2025-12-12T15:38:56","modified_gmt":"2025-12-12T14:38:56","slug":"visionix-vx-40-pro","status":"publish","type":"product","link":"https:\/\/www.visionix.com\/es\/product\/visionix-vx-40-pro\/","title":{"rendered":"Visionix VX 40 Pro"},"content":{"rendered":"<p>El VX 40 Pro es un analizador de montaje final (lentes + montura) dise\u00f1ado para satisfacer las crecientes exigencias de precisi\u00f3n, calidad y conformidad en las \u00f3pticas. Gracias a su avanzada tecnolog\u00eda y su interfaz intuitiva, se convierte en una herramienta esencial para el \u00f3ptico-optometrista actual. Optimizado tanto para montajes en tienda como para trabajos en remoto, el control se vuelve sencillo, r\u00e1pido e intuitivo<\/p>\n","protected":false},"excerpt":{"rendered":"<p><strong>Simplifique el control final y ampl\u00ede su potencial<\/strong><\/p>\n<p>El VX 40 Pro es un analizador de montaje final (lentes + montura) dise\u00f1ado para satisfacer las crecientes exigencias de precisi\u00f3n, calidad y conformidad en las \u00f3pticas. Gracias a su avanzada tecnolog\u00eda y su interfaz intuitiva, se convierte en una herramienta esencial para el \u00f3ptico-optometrista actual. Optimizado tanto para montajes en tienda como para trabajos en remoto, el control se vuelve sencillo, r\u00e1pido e intuitivo<\/p>\n","protected":false},"featured_media":76399,"template":"","meta":{"_acf_changed":false,"content-type":"","footnotes":""},"pwb-brand":[508],"product_brand":[],"product_cat":[262,174,199,200],"product_tag":[],"class_list":{"0":"post-73977","1":"product","2":"type-product","3":"status-publish","4":"has-post-thumbnail","6":"pwb-brand-visionix-es","7":"product_cat-new-products-es","8":"product_cat-oftalmologia-instrumentos","9":"product_cat-optico-equipo","10":"product_cat-optometria-instrumentos","12":"first","13":"instock","14":"product-type-simple"},"acf":[],"brands":[{"id":508,"name":"Visionix","slug":"visionix-es"}],"_links":{"self":[{"href":"https:\/\/www.visionix.com\/es\/wp-json\/wp\/v2\/product\/73977","targetHints":{"allow":["GET"]}}],"collection":[{"href":"https:\/\/www.visionix.com\/es\/wp-json\/wp\/v2\/product"}],"about":[{"href":"https:\/\/www.visionix.com\/es\/wp-json\/wp\/v2\/types\/product"}],"version-history":[{"count":4,"href":"https:\/\/www.visionix.com\/es\/wp-json\/wp\/v2\/product\/73977\/revisions"}],"predecessor-version":[{"id":76629,"href":"https:\/\/www.visionix.com\/es\/wp-json\/wp\/v2\/product\/73977\/revisions\/76629"}],"wp:featuredmedia":[{"embeddable":true,"href":"https:\/\/www.visionix.com\/es\/wp-json\/wp\/v2\/media\/76399"}],"wp:attachment":[{"href":"https:\/\/www.visionix.com\/es\/wp-json\/wp\/v2\/media?parent=73977"}],"wp:term":[{"taxonomy":"pwb-brand","embeddable":true,"href":"https:\/\/www.visionix.com\/es\/wp-json\/wp\/v2\/pwb-brand?post=73977"},{"taxonomy":"product_brand","embeddable":true,"href":"https:\/\/www.visionix.com\/es\/wp-json\/wp\/v2\/product_brand?post=73977"},{"taxonomy":"product_cat","embeddable":true,"href":"https:\/\/www.visionix.com\/es\/wp-json\/wp\/v2\/product_cat?post=73977"},{"taxonomy":"product_tag","embeddable":true,"href":"https:\/\/www.visionix.com\/es\/wp-json\/wp\/v2\/product_tag?post=73977"}],"curies":[{"name":"wp","href":"https:\/\/api.w.org\/{rel}","templated":true}]}}