{"id":7342,"date":"2022-03-07T14:34:09","date_gmt":"2022-03-07T13:34:09","guid":{"rendered":"https:\/\/www.visionix.com\/produit\/visionix-nexus-telehealth\/"},"modified":"2025-08-26T16:01:45","modified_gmt":"2025-08-26T14:01:45","slug":"telemedicina-visionix-nexus","status":"publish","type":"product","link":"https:\/\/www.visionix.com\/es\/product\/telemedicina-visionix-nexus\/","title":{"rendered":"Visionix Nexus Telehealth"},"content":{"rendered":"<p>Nexus proporciona soluciones avanzadas de revisi\u00f3n de la salud visual a sus pacientes conectando oftalm\u00f3logos con otros profesionales de la visi\u00f3n<\/p>\n","protected":false},"excerpt":{"rendered":"<h2><strong>Soluciones avanzadas para el examen de la salud visual<\/strong><\/h2>\n<div><\/div>\n<div>Nexus, nuestra nueva plataforma de soluciones digitales para la salud, est\u00e1 dise\u00f1ada espec\u00edficamente\u00a0 para conectar a todos los profesionales del cuidado ocular, aun estando a distancia, permitiendo acercar la atenci\u00f3n oftalmol\u00f3gica a los pacientes en cualquier sitio de examen ocular<\/div>\n","protected":false},"featured_media":2295,"template":"","meta":{"_acf_changed":false,"content-type":"","footnotes":""},"pwb-brand":[508],"product_brand":[],"product_cat":[262,199,200],"product_tag":[],"class_list":{"0":"post-7342","1":"product","2":"type-product","3":"status-publish","4":"has-post-thumbnail","6":"pwb-brand-visionix-es","7":"product_cat-new-products-es","8":"product_cat-optico-equipo","9":"product_cat-optometria-instrumentos","10":"pa_product-family-diagnostic-es","11":"pa_product-type-telemedicina-es","13":"first","14":"instock","15":"featured","16":"product-type-simple"},"acf":[],"brands":[{"id":508,"name":"Visionix","slug":"visionix-es"}],"_links":{"self":[{"href":"https:\/\/www.visionix.com\/es\/wp-json\/wp\/v2\/product\/7342","targetHints":{"allow":["GET"]}}],"collection":[{"href":"https:\/\/www.visionix.com\/es\/wp-json\/wp\/v2\/product"}],"about":[{"href":"https:\/\/www.visionix.com\/es\/wp-json\/wp\/v2\/types\/product"}],"version-history":[{"count":6,"href":"https:\/\/www.visionix.com\/es\/wp-json\/wp\/v2\/product\/7342\/revisions"}],"predecessor-version":[{"id":73546,"href":"https:\/\/www.visionix.com\/es\/wp-json\/wp\/v2\/product\/7342\/revisions\/73546"}],"wp:featuredmedia":[{"embeddable":true,"href":"https:\/\/www.visionix.com\/es\/wp-json\/wp\/v2\/media\/2295"}],"wp:attachment":[{"href":"https:\/\/www.visionix.com\/es\/wp-json\/wp\/v2\/media?parent=7342"}],"wp:term":[{"taxonomy":"pwb-brand","embeddable":true,"href":"https:\/\/www.visionix.com\/es\/wp-json\/wp\/v2\/pwb-brand?post=7342"},{"taxonomy":"product_brand","embeddable":true,"href":"https:\/\/www.visionix.com\/es\/wp-json\/wp\/v2\/product_brand?post=7342"},{"taxonomy":"product_cat","embeddable":true,"href":"https:\/\/www.visionix.com\/es\/wp-json\/wp\/v2\/product_cat?post=7342"},{"taxonomy":"product_tag","embeddable":true,"href":"https:\/\/www.visionix.com\/es\/wp-json\/wp\/v2\/product_tag?post=7342"}],"curies":[{"name":"wp","href":"https:\/\/api.w.org\/{rel}","templated":true}]}}