{"id":7335,"date":"2022-03-07T14:34:09","date_gmt":"2022-03-07T13:34:09","guid":{"rendered":"https:\/\/www.visionix.com\/produit\/weco-7\/"},"modified":"2024-04-02T09:51:28","modified_gmt":"2024-04-02T07:51:28","slug":"acabado-de-lentes-weco-e-7","status":"publish","type":"product","link":"https:\/\/www.visionix.com\/es\/product\/acabado-de-lentes-weco-e-7\/","title":{"rendered":"Weco E7"},"content":{"rendered":"<p>Gracias a la tecnolog\u00eda 3D, podr\u00e1 previsualizar los resultados con absoluta precisi\u00f3n para conseguir una adaptaci\u00f3n perfecta entre la lente y la montura, incluso en las monturas m\u00e1s complejas. Consiga de unas tasas de primer ajuste inigualables con el \u00fanico trazador capaz de modelar todas las caracter\u00edsticas de la montura. Con el \u00faltimo software TrueFit, obtenga un centrado \u00f3ptimo de la lente y mantenga el control total del proceso de tallado mientras ahorra un tiempo precioso.<\/p>\n","protected":false},"excerpt":{"rendered":"<p><strong>Lo mejor del hardware y el software de WECO<\/strong>.<\/p>\n<p>Gracias al 3D, previsualice los resultados con absoluta precisi\u00f3n para una perfecta adaptaci\u00f3n entre la lente y la montura, incluso en las monturas m\u00e1s complejas. Disfrute de unos \u00edndices de primer ajuste inigualables con el \u00fanico trazador capaz de modelar todas las caracter\u00edsticas de la montura. Con el \u00faltimo software TrueFit, obtenga un centrado \u00f3ptimo de la lente y mantenga el control total del proceso de tallado mientras ahorra un tiempo precioso.<\/p>\n","protected":false},"featured_media":46735,"template":"","meta":{"_acf_changed":false,"content-type":"","footnotes":""},"pwb-brand":[515],"product_brand":[],"product_cat":[199,200],"product_tag":[],"class_list":{"0":"post-7335","1":"product","2":"type-product","3":"status-publish","4":"has-post-thumbnail","6":"pwb-brand-weco-es","7":"product_cat-optico-equipo","8":"product_cat-optometria-instrumentos","9":"pa_product-family-finishing-es","10":"pa_product-type-sistema-de-biselado-es","12":"first","13":"instock","14":"featured","15":"product-type-simple"},"acf":[],"brands":[{"id":515,"name":"Weco","slug":"weco-es"}],"_links":{"self":[{"href":"https:\/\/www.visionix.com\/es\/wp-json\/wp\/v2\/product\/7335","targetHints":{"allow":["GET"]}}],"collection":[{"href":"https:\/\/www.visionix.com\/es\/wp-json\/wp\/v2\/product"}],"about":[{"href":"https:\/\/www.visionix.com\/es\/wp-json\/wp\/v2\/types\/product"}],"version-history":[{"count":13,"href":"https:\/\/www.visionix.com\/es\/wp-json\/wp\/v2\/product\/7335\/revisions"}],"predecessor-version":[{"id":54106,"href":"https:\/\/www.visionix.com\/es\/wp-json\/wp\/v2\/product\/7335\/revisions\/54106"}],"wp:featuredmedia":[{"embeddable":true,"href":"https:\/\/www.visionix.com\/es\/wp-json\/wp\/v2\/media\/46735"}],"wp:attachment":[{"href":"https:\/\/www.visionix.com\/es\/wp-json\/wp\/v2\/media?parent=7335"}],"wp:term":[{"taxonomy":"pwb-brand","embeddable":true,"href":"https:\/\/www.visionix.com\/es\/wp-json\/wp\/v2\/pwb-brand?post=7335"},{"taxonomy":"product_brand","embeddable":true,"href":"https:\/\/www.visionix.com\/es\/wp-json\/wp\/v2\/product_brand?post=7335"},{"taxonomy":"product_cat","embeddable":true,"href":"https:\/\/www.visionix.com\/es\/wp-json\/wp\/v2\/product_cat?post=7335"},{"taxonomy":"product_tag","embeddable":true,"href":"https:\/\/www.visionix.com\/es\/wp-json\/wp\/v2\/product_tag?post=7335"}],"curies":[{"name":"wp","href":"https:\/\/api.w.org\/{rel}","templated":true}]}}