{"id":7330,"date":"2022-03-07T14:34:09","date_gmt":"2022-03-07T13:34:09","guid":{"rendered":"https:\/\/www.visionix.com\/produit\/visionixnexy-ia\/"},"modified":"2024-07-04T17:16:06","modified_gmt":"2024-07-04T15:16:06","slug":"visionix-vx-610","status":"publish","type":"product","link":"https:\/\/www.visionix.com\/es\/product\/visionix-vx-610\/","title":{"rendered":"Visionix VX 610"},"content":{"rendered":"<p>La soluci\u00f3n VX 610 A.I. le permite ampliar la atenci\u00f3n salud visual a sus pacientes. Al desempe\u00f1ar un papel activo en el cribado de la retina, puede apoyar la salud de su comunidad y mejorar la experiencia de sus pacientes.<\/p>\n","protected":false},"excerpt":{"rendered":"<p><strong>Capturar im\u00e1genes de la retina n\u00edtidas<\/strong><\/p>\n<p>La soluci\u00f3n NEXY A.I. le permite ampliar su oferta de salud visual. Al desempe\u00f1ar un papel activo en el cribado de la retina, puede apoyar la salud de su comunidad y mejorar la experiencia de sus clientes.<\/p>\n","protected":false},"featured_media":52453,"template":"","meta":{"_acf_changed":false,"content-type":"","footnotes":""},"pwb-brand":[508],"product_brand":[],"product_cat":[262,199,200],"product_tag":[],"class_list":{"0":"post-7330","1":"product","2":"type-product","3":"status-publish","4":"has-post-thumbnail","6":"pwb-brand-visionix-es","7":"product_cat-new-products-es","8":"product_cat-optico-equipo","9":"product_cat-optometria-instrumentos","10":"pa_product-family-diagnostic-es","11":"pa_product-type-retinografo-es","13":"first","14":"instock","15":"product-type-simple"},"acf":[],"brands":[{"id":508,"name":"Visionix","slug":"visionix-es"}],"_links":{"self":[{"href":"https:\/\/www.visionix.com\/es\/wp-json\/wp\/v2\/product\/7330","targetHints":{"allow":["GET"]}}],"collection":[{"href":"https:\/\/www.visionix.com\/es\/wp-json\/wp\/v2\/product"}],"about":[{"href":"https:\/\/www.visionix.com\/es\/wp-json\/wp\/v2\/types\/product"}],"version-history":[{"count":7,"href":"https:\/\/www.visionix.com\/es\/wp-json\/wp\/v2\/product\/7330\/revisions"}],"predecessor-version":[{"id":57241,"href":"https:\/\/www.visionix.com\/es\/wp-json\/wp\/v2\/product\/7330\/revisions\/57241"}],"wp:featuredmedia":[{"embeddable":true,"href":"https:\/\/www.visionix.com\/es\/wp-json\/wp\/v2\/media\/52453"}],"wp:attachment":[{"href":"https:\/\/www.visionix.com\/es\/wp-json\/wp\/v2\/media?parent=7330"}],"wp:term":[{"taxonomy":"pwb-brand","embeddable":true,"href":"https:\/\/www.visionix.com\/es\/wp-json\/wp\/v2\/pwb-brand?post=7330"},{"taxonomy":"product_brand","embeddable":true,"href":"https:\/\/www.visionix.com\/es\/wp-json\/wp\/v2\/product_brand?post=7330"},{"taxonomy":"product_cat","embeddable":true,"href":"https:\/\/www.visionix.com\/es\/wp-json\/wp\/v2\/product_cat?post=7330"},{"taxonomy":"product_tag","embeddable":true,"href":"https:\/\/www.visionix.com\/es\/wp-json\/wp\/v2\/product_tag?post=7330"}],"curies":[{"name":"wp","href":"https:\/\/api.w.org\/{rel}","templated":true}]}}