{"id":7316,"date":"2022-04-14T11:40:23","date_gmt":"2022-04-14T09:40:23","guid":{"rendered":"https:\/\/www.visionix.com\/produit\/visionix-eyerefract\/"},"modified":"2025-06-30T17:24:57","modified_gmt":"2025-06-30T15:24:57","slug":"refraccion-automatica-visionix-eyerefract","status":"publish","type":"product","link":"https:\/\/www.visionix.com\/es\/product\/refraccion-automatica-visionix-eyerefract\/","title":{"rendered":"Visionix Eye Refract"},"content":{"rendered":"<p><span data-contrast=\"none\">Eye Refract, fabricado por Visionix es el \u00fanico dispositivo alimentado por algoritmo avanzado para el c\u00e1lculo refractivo que ofrece refracci\u00f3n fisiol\u00f3gica para determinar la prescripci\u00f3n m\u00e1s c\u00f3moda para sus pacientes.<\/span><br \/>\n<span data-contrast=\"none\">El Eye Refract utiliza una tecnolog\u00eda \u00fanica e innovadora que realiza una refracci\u00f3n binocular autom\u00e1tica impulsada por la inteligencia artificial. Eye Refract ha reforzado el proceso de refracci\u00f3n permitiendo a los profesionales del cuidado de los ojos optimizar el tiempo dedicado a sus pacientes. Eye Refract utiliza una tecnolog\u00eda \u00fanica e innovadora que realiza una refracci\u00f3n binocular autom\u00e1tica impulsada por Algoritmo avanzado para el c\u00e1lculo refractivo.<\/span><\/p>\n","protected":false},"excerpt":{"rendered":"<p><strong><span class=\"TextRun SCXW163812109 BCX2\" lang=\"EN-US\" data-contrast=\"auto\"><span class=\"NormalTextRun SCXW163812109 BCX2\">Refracci\u00f3n fisiol\u00f3gica binocular potenciada por I.A.<\/span><\/span><\/strong><\/p>\n<p>Eye Refract, fabricado por Visionix es el \u00fanico dispositivo alimentado por Inteligencia Artificial que ofrece refracci\u00f3n fisiol\u00f3gica para determinar la prescripci\u00f3n m\u00e1s c\u00f3moda para sus pacientes.<br \/>\nEl Eye Refract utiliza una tecnolog\u00eda \u00fanica e innovadora que realiza una refracci\u00f3n binocular autom\u00e1tica impulsada por la inteligencia artificial. Eye Refract ha reforzado el proceso de refracci\u00f3n permitiendo a los profesionales de la salud visual optimizar el tiempo dedicado a sus pacientes. Eye Refract utiliza una tecnolog\u00eda \u00fanica e innovadora que realiza una refracci\u00f3n binocular autom\u00e1tica impulsada por la inteligencia artificial.<\/p>\n","protected":false},"featured_media":72819,"template":"","meta":{"_acf_changed":false,"content-type":"","footnotes":""},"pwb-brand":[508],"product_brand":[],"product_cat":[262,174,199,200],"product_tag":[],"class_list":{"0":"post-7316","1":"product","2":"type-product","3":"status-publish","4":"has-post-thumbnail","6":"pwb-brand-visionix-es","7":"product_cat-new-products-es","8":"product_cat-oftalmologia-instrumentos","9":"product_cat-optico-equipo","10":"product_cat-optometria-instrumentos","11":"pa_product-family-refraction-es","12":"pa_product-type-analizador-de-frente-de-onda-binocular-es","13":"pa_product-type-foroptero-es","14":"pa_product-type-telemedicina-es","16":"first","17":"instock","18":"product-type-simple"},"acf":[],"brands":[{"id":508,"name":"Visionix","slug":"visionix-es"}],"_links":{"self":[{"href":"https:\/\/www.visionix.com\/es\/wp-json\/wp\/v2\/product\/7316","targetHints":{"allow":["GET"]}}],"collection":[{"href":"https:\/\/www.visionix.com\/es\/wp-json\/wp\/v2\/product"}],"about":[{"href":"https:\/\/www.visionix.com\/es\/wp-json\/wp\/v2\/types\/product"}],"version-history":[{"count":10,"href":"https:\/\/www.visionix.com\/es\/wp-json\/wp\/v2\/product\/7316\/revisions"}],"predecessor-version":[{"id":72709,"href":"https:\/\/www.visionix.com\/es\/wp-json\/wp\/v2\/product\/7316\/revisions\/72709"}],"wp:featuredmedia":[{"embeddable":true,"href":"https:\/\/www.visionix.com\/es\/wp-json\/wp\/v2\/media\/72819"}],"wp:attachment":[{"href":"https:\/\/www.visionix.com\/es\/wp-json\/wp\/v2\/media?parent=7316"}],"wp:term":[{"taxonomy":"pwb-brand","embeddable":true,"href":"https:\/\/www.visionix.com\/es\/wp-json\/wp\/v2\/pwb-brand?post=7316"},{"taxonomy":"product_brand","embeddable":true,"href":"https:\/\/www.visionix.com\/es\/wp-json\/wp\/v2\/product_brand?post=7316"},{"taxonomy":"product_cat","embeddable":true,"href":"https:\/\/www.visionix.com\/es\/wp-json\/wp\/v2\/product_cat?post=7316"},{"taxonomy":"product_tag","embeddable":true,"href":"https:\/\/www.visionix.com\/es\/wp-json\/wp\/v2\/product_tag?post=7316"}],"curies":[{"name":"wp","href":"https:\/\/api.w.org\/{rel}","templated":true}]}}