{"id":7308,"date":"2022-03-07T14:34:09","date_gmt":"2022-03-07T13:34:09","guid":{"rendered":"https:\/\/www.visionix.com\/produit\/visionix-vx650\/"},"modified":"2025-07-01T10:09:55","modified_gmt":"2025-07-01T08:09:55","slug":"vx-650","status":"publish","type":"product","link":"https:\/\/www.visionix.com\/es\/product\/vx-650\/","title":{"rendered":"Visionix VX 650"},"content":{"rendered":"<p>Visionix VX 650 revoluciona la evaluaci\u00f3n ocular al presentar la primera y \u00fanica soluci\u00f3n que permite a los profesionales de la salud visual realizar un examen ocular completo con s\u00f3lo pulsar un bot\u00f3n. Combina un aberr\u00f3metro, una c\u00e1mara de fondo de ojo y todas las tecnolog\u00edas esenciales para monitorizar los segmentos anterior y posterior en un \u00fanico dispositivo. El Visionix VX 650, altamente automatizado, permite a un usuario con un entrenamiento b\u00e1sico detectar una amplia gama de patolog\u00edas visuales. <strong>Ahora el VX 650 es compatible con EyeWisdom\u00aeMCS, una soluci\u00f3n de Inteligencia Artificial que ofrece ex\u00e1menes de screening de retina.\u00a0<\/strong><\/p>\n","protected":false},"excerpt":{"rendered":"<p><strong>El exclusivo monitor de salud ocular<\/strong><\/p>\n<p>Visionix VX 650 revoluciona la evaluaci\u00f3n ocular al presentar la primera y \u00fanica soluci\u00f3n que permite a los profesionales de la salud visual realizar un examen ocular completo con s\u00f3lo pulsar un bot\u00f3n. Combina un aberr\u00f3metro, una c\u00e1mara de fondo de ojo y todas las tecnolog\u00edas esenciales para monitorizar los segmentos anterior y posterior en un \u00fanico dispositivo. El Visionix VX 650, altamente automatizado, permite a un usuario con un entrenamiento b\u00e1sico detectar una amplia gama de patolog\u00edas visuales. <strong>Ahora el VX 650 es compatible con EyeWisdom\u00aeMCS, una soluci\u00f3n de Inteligencia Artificial q ue ofrece ex\u00e1menes de screening de retina.<\/strong><\/p>\n","protected":false},"featured_media":37876,"template":"","meta":{"_acf_changed":false,"content-type":"","footnotes":""},"pwb-brand":[508],"product_brand":[],"product_cat":[262,174,200],"product_tag":[],"class_list":{"0":"post-7308","1":"product","2":"type-product","3":"status-publish","4":"has-post-thumbnail","6":"pwb-brand-visionix-es","7":"product_cat-new-products-es","8":"product_cat-oftalmologia-instrumentos","9":"product_cat-optometria-instrumentos","10":"pa_product-family-diagnostic-es","11":"pa_product-type-ark-es","12":"pa_product-type-retinografo-es","13":"pa_product-type-segmento-anterior-es","14":"pa_product-type-telemedicina-es","15":"pa_product-type-tonometro-es","16":"pa_product-type-topografo-es","18":"first","19":"instock","20":"featured","21":"product-type-simple"},"acf":[],"brands":[{"id":508,"name":"Visionix","slug":"visionix-es"}],"_links":{"self":[{"href":"https:\/\/www.visionix.com\/es\/wp-json\/wp\/v2\/product\/7308","targetHints":{"allow":["GET"]}}],"collection":[{"href":"https:\/\/www.visionix.com\/es\/wp-json\/wp\/v2\/product"}],"about":[{"href":"https:\/\/www.visionix.com\/es\/wp-json\/wp\/v2\/types\/product"}],"version-history":[{"count":16,"href":"https:\/\/www.visionix.com\/es\/wp-json\/wp\/v2\/product\/7308\/revisions"}],"predecessor-version":[{"id":72730,"href":"https:\/\/www.visionix.com\/es\/wp-json\/wp\/v2\/product\/7308\/revisions\/72730"}],"wp:featuredmedia":[{"embeddable":true,"href":"https:\/\/www.visionix.com\/es\/wp-json\/wp\/v2\/media\/37876"}],"wp:attachment":[{"href":"https:\/\/www.visionix.com\/es\/wp-json\/wp\/v2\/media?parent=7308"}],"wp:term":[{"taxonomy":"pwb-brand","embeddable":true,"href":"https:\/\/www.visionix.com\/es\/wp-json\/wp\/v2\/pwb-brand?post=7308"},{"taxonomy":"product_brand","embeddable":true,"href":"https:\/\/www.visionix.com\/es\/wp-json\/wp\/v2\/product_brand?post=7308"},{"taxonomy":"product_cat","embeddable":true,"href":"https:\/\/www.visionix.com\/es\/wp-json\/wp\/v2\/product_cat?post=7308"},{"taxonomy":"product_tag","embeddable":true,"href":"https:\/\/www.visionix.com\/es\/wp-json\/wp\/v2\/product_tag?post=7308"}],"curies":[{"name":"wp","href":"https:\/\/api.w.org\/{rel}","templated":true}]}}