{"id":7301,"date":"2022-03-07T14:34:09","date_gmt":"2022-03-07T13:34:09","guid":{"rendered":"https:\/\/www.visionix.com\/produit\/scan8\/"},"modified":"2023-12-21T11:59:33","modified_gmt":"2023-12-21T10:59:33","slug":"rastreo-remoto-briot-scan8","status":"publish","type":"product","link":"https:\/\/www.visionix.com\/es\/product\/rastreo-remoto-briot-scan8\/","title":{"rendered":"Briot Scan 8"},"content":{"rendered":"<p>El Briot Scan 8 es el trazador mec\u00e1nico m\u00e1s avanzado del mercado. Con nuestro palpador angulado patentado TrueScan\u00ae, el Scan 8 puede trazar sin esfuerzo incluso los marcos envolventes de base alta m\u00e1s dif\u00edciles. La suave presi\u00f3n del palpador garantiza que la sonda no distorsione las monturas met\u00e1licas finas. Su intuitiva interfaz de pantalla t\u00e1ctil hace que sea uno de los trazadores m\u00e1s f\u00e1ciles de usar, lo que lo convierte en el trazador ideal para su laboratorio.<\/p>\n","protected":false},"excerpt":{"rendered":"<p><strong>Supera tus expectativas<\/strong><\/p>\n<p>El Briot Scan 8 es el trazador mec\u00e1nico m\u00e1s avanzado del mercado. Con nuestro estilete angulado patentado TrueScan\u00ae, el Scan 8 puede trazar sin esfuerzo incluso las monturas envolventes de base alta m\u00e1s dif\u00edciles. La suave presi\u00f3n del palpador garantiza que la sonda no distorsione las monturas met\u00e1licas finas. Su intuitiva interfaz de pantalla t\u00e1ctil hace que sea uno de los trazadores m\u00e1s f\u00e1ciles de usar, lo que lo convierte en el trazador ideal para su laboratorio.<\/p>\n","protected":false},"featured_media":51537,"template":"","meta":{"_acf_changed":false,"content-type":"","footnotes":""},"pwb-brand":[497],"product_brand":[],"product_cat":[199,200],"product_tag":[],"class_list":{"0":"post-7301","1":"product","2":"type-product","3":"status-publish","4":"has-post-thumbnail","6":"pwb-brand-briot-es","7":"product_cat-optico-equipo","8":"product_cat-optometria-instrumentos","9":"pa_product-family-finishing-es","10":"pa_product-type-sistema-de-biselado-es","12":"first","13":"instock","14":"product-type-simple"},"acf":[],"brands":[{"id":497,"name":"Briot","slug":"briot-es"}],"_links":{"self":[{"href":"https:\/\/www.visionix.com\/es\/wp-json\/wp\/v2\/product\/7301","targetHints":{"allow":["GET"]}}],"collection":[{"href":"https:\/\/www.visionix.com\/es\/wp-json\/wp\/v2\/product"}],"about":[{"href":"https:\/\/www.visionix.com\/es\/wp-json\/wp\/v2\/types\/product"}],"version-history":[{"count":7,"href":"https:\/\/www.visionix.com\/es\/wp-json\/wp\/v2\/product\/7301\/revisions"}],"predecessor-version":[{"id":51661,"href":"https:\/\/www.visionix.com\/es\/wp-json\/wp\/v2\/product\/7301\/revisions\/51661"}],"wp:featuredmedia":[{"embeddable":true,"href":"https:\/\/www.visionix.com\/es\/wp-json\/wp\/v2\/media\/51537"}],"wp:attachment":[{"href":"https:\/\/www.visionix.com\/es\/wp-json\/wp\/v2\/media?parent=7301"}],"wp:term":[{"taxonomy":"pwb-brand","embeddable":true,"href":"https:\/\/www.visionix.com\/es\/wp-json\/wp\/v2\/pwb-brand?post=7301"},{"taxonomy":"product_brand","embeddable":true,"href":"https:\/\/www.visionix.com\/es\/wp-json\/wp\/v2\/product_brand?post=7301"},{"taxonomy":"product_cat","embeddable":true,"href":"https:\/\/www.visionix.com\/es\/wp-json\/wp\/v2\/product_cat?post=7301"},{"taxonomy":"product_tag","embeddable":true,"href":"https:\/\/www.visionix.com\/es\/wp-json\/wp\/v2\/product_tag?post=7301"}],"curies":[{"name":"wp","href":"https:\/\/api.w.org\/{rel}","templated":true}]}}