{"id":7288,"date":"2022-03-07T14:34:09","date_gmt":"2022-03-07T13:34:09","guid":{"rendered":"https:\/\/www.visionix.com\/produit\/optovue-ivue80\/"},"modified":"2025-09-02T14:28:50","modified_gmt":"2025-09-02T12:28:50","slug":"oct-optovue-ivue80","status":"publish","type":"product","link":"https:\/\/www.visionix.com\/es\/product\/oct-optovue-ivue80\/","title":{"rendered":"Optovue iVue 80"},"content":{"rendered":"<p>El OCT iVue 80 es una potente herramienta cl\u00ednica que transforma la forma de evaluar la retina, el disco \u00f3ptico y la c\u00f3rnea. Cuantifique el grosor de la retina, la capa de fibras nerviosas, el complejo de c\u00e9lulas ganglionares y la c\u00f3rnea. Realice un seguimiento de los cambios y prediga las tendencias del grosor del RNFL y del GCC y mida con precisi\u00f3n los \u00e1ngulos para ayudar al diagn\u00f3stico de la enfermedad.<\/p>\n","protected":false},"excerpt":{"rendered":"<p><strong>OCT de alta velocidad + opci\u00f3n de c\u00e1mara de fondo de ojo<\/strong><\/p>\n<p>La OCT iVue 80 es una potente herramienta cl\u00ednica que transforma la forma de evaluar la retina, el disco \u00f3ptico y la c\u00f3rnea. Cuantifique el grosor de la retina, la capa de fibras nerviosas, el complejo de c\u00e9lulas ganglionares y la c\u00f3rnea. Realice un seguimiento de los cambios y prediga las tendencias del grosor de la RNFL y el CCG y mida con precisi\u00f3n los \u00e1ngulos para ayudar al diagn\u00f3stico de la enfermedad.<\/p>\n","protected":false},"featured_media":42507,"template":"","meta":{"_acf_changed":false,"content-type":"","footnotes":""},"pwb-brand":[502],"product_brand":[],"product_cat":[174,200],"product_tag":[],"class_list":{"0":"post-7288","1":"product","2":"type-product","3":"status-publish","4":"has-post-thumbnail","6":"pwb-brand-optovue-es","7":"product_cat-oftalmologia-instrumentos","8":"product_cat-optometria-instrumentos","9":"pa_product-family-diagnostic-es","10":"pa_product-type-oct-es","12":"first","13":"instock","14":"product-type-simple"},"acf":[],"brands":[{"id":502,"name":"Optovue","slug":"optovue-es"}],"_links":{"self":[{"href":"https:\/\/www.visionix.com\/es\/wp-json\/wp\/v2\/product\/7288","targetHints":{"allow":["GET"]}}],"collection":[{"href":"https:\/\/www.visionix.com\/es\/wp-json\/wp\/v2\/product"}],"about":[{"href":"https:\/\/www.visionix.com\/es\/wp-json\/wp\/v2\/types\/product"}],"version-history":[{"count":11,"href":"https:\/\/www.visionix.com\/es\/wp-json\/wp\/v2\/product\/7288\/revisions"}],"predecessor-version":[{"id":73915,"href":"https:\/\/www.visionix.com\/es\/wp-json\/wp\/v2\/product\/7288\/revisions\/73915"}],"wp:featuredmedia":[{"embeddable":true,"href":"https:\/\/www.visionix.com\/es\/wp-json\/wp\/v2\/media\/42507"}],"wp:attachment":[{"href":"https:\/\/www.visionix.com\/es\/wp-json\/wp\/v2\/media?parent=7288"}],"wp:term":[{"taxonomy":"pwb-brand","embeddable":true,"href":"https:\/\/www.visionix.com\/es\/wp-json\/wp\/v2\/pwb-brand?post=7288"},{"taxonomy":"product_brand","embeddable":true,"href":"https:\/\/www.visionix.com\/es\/wp-json\/wp\/v2\/product_brand?post=7288"},{"taxonomy":"product_cat","embeddable":true,"href":"https:\/\/www.visionix.com\/es\/wp-json\/wp\/v2\/product_cat?post=7288"},{"taxonomy":"product_tag","embeddable":true,"href":"https:\/\/www.visionix.com\/es\/wp-json\/wp\/v2\/product_tag?post=7288"}],"curies":[{"name":"wp","href":"https:\/\/api.w.org\/{rel}","templated":true}]}}