{"id":7282,"date":"2022-03-07T14:34:09","date_gmt":"2022-03-07T13:34:09","guid":{"rendered":"https:\/\/www.visionix.com\/produit\/dispositif-multimodal-de-sante-visuelle-visionix-vx650\/"},"modified":"2025-09-02T14:43:53","modified_gmt":"2025-09-02T12:43:53","slug":"oct-optovue-iscan80","status":"publish","type":"product","link":"https:\/\/www.visionix.com\/es\/product\/oct-optovue-iscan80\/","title":{"rendered":"Optovue iScan 80"},"content":{"rendered":"<p>iScan 80 ofrece un sistema totalmente integrado que incluye un conjunto completo de exploraciones de la retina, el nervio \u00f3ptico y el segmento anterior. Detecta el ojo que se va a explorar, alinea la c\u00e1mara sobre la pupila y optimiza la intensidad de la se\u00f1al de exploraci\u00f3n. Tras completar la adquisici\u00f3n, iScan 80 eval\u00faa cada exploraci\u00f3n para garantizar que se han capturado datos de calidad.<\/p>\n","protected":false},"excerpt":{"rendered":"<p><strong>El OCT que pr\u00e1cticamente funciona solo<\/strong><\/p>\n<p>iScan 80 ofrece un sistema totalmente integrado que incluye un conjunto completo de exploraciones de la retina, el nervio \u00f3ptico y el segmento anterior. Detecta el ojo que se va a explorar, alinea la c\u00e1mara sobre la pupila y optimiza la intensidad de la se\u00f1al de exploraci\u00f3n. Tras completar la adquisici\u00f3n del escaneo, iScan 80 eval\u00faa cada escaneo para asegurar que se han capturado datos de calidad.<\/p>\n","protected":false},"featured_media":42451,"template":"","meta":{"_acf_changed":false,"content-type":"","footnotes":""},"pwb-brand":[502],"product_brand":[],"product_cat":[174,200],"product_tag":[],"class_list":{"0":"post-7282","1":"product","2":"type-product","3":"status-publish","4":"has-post-thumbnail","6":"pwb-brand-optovue-es","7":"product_cat-oftalmologia-instrumentos","8":"product_cat-optometria-instrumentos","9":"pa_product-family-diagnostic-es","10":"pa_product-type-oct-es","12":"first","13":"instock","14":"product-type-simple"},"acf":[],"brands":[{"id":502,"name":"Optovue","slug":"optovue-es"}],"_links":{"self":[{"href":"https:\/\/www.visionix.com\/es\/wp-json\/wp\/v2\/product\/7282","targetHints":{"allow":["GET"]}}],"collection":[{"href":"https:\/\/www.visionix.com\/es\/wp-json\/wp\/v2\/product"}],"about":[{"href":"https:\/\/www.visionix.com\/es\/wp-json\/wp\/v2\/types\/product"}],"version-history":[{"count":10,"href":"https:\/\/www.visionix.com\/es\/wp-json\/wp\/v2\/product\/7282\/revisions"}],"predecessor-version":[{"id":73939,"href":"https:\/\/www.visionix.com\/es\/wp-json\/wp\/v2\/product\/7282\/revisions\/73939"}],"wp:featuredmedia":[{"embeddable":true,"href":"https:\/\/www.visionix.com\/es\/wp-json\/wp\/v2\/media\/42451"}],"wp:attachment":[{"href":"https:\/\/www.visionix.com\/es\/wp-json\/wp\/v2\/media?parent=7282"}],"wp:term":[{"taxonomy":"pwb-brand","embeddable":true,"href":"https:\/\/www.visionix.com\/es\/wp-json\/wp\/v2\/pwb-brand?post=7282"},{"taxonomy":"product_brand","embeddable":true,"href":"https:\/\/www.visionix.com\/es\/wp-json\/wp\/v2\/product_brand?post=7282"},{"taxonomy":"product_cat","embeddable":true,"href":"https:\/\/www.visionix.com\/es\/wp-json\/wp\/v2\/product_cat?post=7282"},{"taxonomy":"product_tag","embeddable":true,"href":"https:\/\/www.visionix.com\/es\/wp-json\/wp\/v2\/product_tag?post=7282"}],"curies":[{"name":"wp","href":"https:\/\/api.w.org\/{rel}","templated":true}]}}