{"id":7248,"date":"2022-03-07T14:34:09","date_gmt":"2022-03-07T13:34:09","guid":{"rendered":"https:\/\/www.visionix.com\/produit\/visionixvx110\/"},"modified":"2023-12-15T10:19:47","modified_gmt":"2023-12-15T09:19:47","slug":"analizadores-de-segmento-anterior-visionix-vx110","status":"publish","type":"product","link":"https:\/\/www.visionix.com\/es\/product\/analizadores-de-segmento-anterior-visionix-vx110\/","title":{"rendered":"Visionix VX 110"},"content":{"rendered":"<p>El VX 110 es una plataforma multimodal que combina la autorrefracci\u00f3n y la queratometr\u00eda con un top\u00f3grafo de Pl\u00e1cido. El VX 110 ofrece m\u00faltiples funcionalidades con la practicidad de ahorrar espacio. El VX 110 ofrece alta resoluci\u00f3n y alta precisi\u00f3n m\u00e1s que la refracci\u00f3n b\u00e1sica. Esto proporciona a los profesionales del cuidado de los ojos la oportunidad de abarcar el proceso de c\u00f3rnea y refracci\u00f3n y ofrecer un procedimiento de prueba m\u00e1s f\u00e1cil y completo para el cl\u00ednico y el paciente<\/p>\n","protected":false},"excerpt":{"rendered":"<p><strong>Plataforma multimodal, que combina ARK con un top\u00f3grafo Placido<\/strong><\/p>\n<p>El VX 110 es una plataforma multimodal, que combina la autorrefracci\u00f3n y la queratometr\u00eda con un top\u00f3grafo Placido. El VX 110 ofrece m\u00faltiples funcionalidades con la practicidad de ahorrar espacio. El VX 110 ofrece alta resoluci\u00f3n y alta precisi\u00f3n m\u00e1s que la refracci\u00f3n b\u00e1sica. Esto proporciona a los profesionales de la salud visual la oportunidad de abarcar el proceso de c\u00f3rnea y refracci\u00f3n y ofrecer un procedimiento de prueba m\u00e1s f\u00e1cil y completo para el cl\u00ednico y el paciente<\/p>\n","protected":false},"featured_media":49839,"template":"","meta":{"_acf_changed":false,"content-type":"","footnotes":""},"pwb-brand":[508],"product_brand":[],"product_cat":[174,199,200],"product_tag":[],"class_list":{"0":"post-7248","1":"product","2":"type-product","3":"status-publish","4":"has-post-thumbnail","6":"pwb-brand-visionix-es","7":"product_cat-oftalmologia-instrumentos","8":"product_cat-optico-equipo","9":"product_cat-optometria-instrumentos","10":"pa_product-family-refraction-es","11":"pa_product-type-ark-es","12":"pa_product-type-topografo-es","14":"first","15":"instock","16":"product-type-simple"},"acf":[],"brands":[{"id":508,"name":"Visionix","slug":"visionix-es"}],"_links":{"self":[{"href":"https:\/\/www.visionix.com\/es\/wp-json\/wp\/v2\/product\/7248","targetHints":{"allow":["GET"]}}],"collection":[{"href":"https:\/\/www.visionix.com\/es\/wp-json\/wp\/v2\/product"}],"about":[{"href":"https:\/\/www.visionix.com\/es\/wp-json\/wp\/v2\/types\/product"}],"version-history":[{"count":6,"href":"https:\/\/www.visionix.com\/es\/wp-json\/wp\/v2\/product\/7248\/revisions"}],"predecessor-version":[{"id":51451,"href":"https:\/\/www.visionix.com\/es\/wp-json\/wp\/v2\/product\/7248\/revisions\/51451"}],"wp:featuredmedia":[{"embeddable":true,"href":"https:\/\/www.visionix.com\/es\/wp-json\/wp\/v2\/media\/49839"}],"wp:attachment":[{"href":"https:\/\/www.visionix.com\/es\/wp-json\/wp\/v2\/media?parent=7248"}],"wp:term":[{"taxonomy":"pwb-brand","embeddable":true,"href":"https:\/\/www.visionix.com\/es\/wp-json\/wp\/v2\/pwb-brand?post=7248"},{"taxonomy":"product_brand","embeddable":true,"href":"https:\/\/www.visionix.com\/es\/wp-json\/wp\/v2\/product_brand?post=7248"},{"taxonomy":"product_cat","embeddable":true,"href":"https:\/\/www.visionix.com\/es\/wp-json\/wp\/v2\/product_cat?post=7248"},{"taxonomy":"product_tag","embeddable":true,"href":"https:\/\/www.visionix.com\/es\/wp-json\/wp\/v2\/product_tag?post=7248"}],"curies":[{"name":"wp","href":"https:\/\/api.w.org\/{rel}","templated":true}]}}