{"id":7242,"date":"2022-03-07T14:34:09","date_gmt":"2022-03-07T13:34:09","guid":{"rendered":"https:\/\/www.visionix.com\/produit\/visionix-vx130\/"},"modified":"2023-12-15T10:54:14","modified_gmt":"2023-12-15T09:54:14","slug":"analizadores-segmento-anterior-vx130","status":"publish","type":"product","link":"https:\/\/www.visionix.com\/es\/product\/analizadores-segmento-anterior-vx130\/","title":{"rendered":"Visionix VX 130+"},"content":{"rendered":"<p>Tenga \u00e9xito en todos sus diagn\u00f3sticos : Detecci\u00f3n de glaucoma y queratocono, identificaci\u00f3n de pacientes para cirug\u00eda de cataratas con implantes premium y\/o t\u00f3ricos, identificaci\u00f3n de pacientes para cirug\u00eda refractiva. El VX 130+ combina las tecnolog\u00edas m\u00e1s avanzadas y proporciona datos esenciales para el cuidado ocular. El VX 130+ es el sistema ideal de monitorizaci\u00f3n de pacientes.<\/p>\n","protected":false},"excerpt":{"rendered":"<p><strong>Plataforma multimodal, Examen completo del segmento anterior del ojo<\/strong>.<\/p>\n<p>Tenga \u00e9xito en todos sus diagn\u00f3sticos : Detecci\u00f3n de glaucoma y queratocono, identificaci\u00f3n de pacientes para cirug\u00eda de cataratas con implantes premium y\/o t\u00f3ricos, identificaci\u00f3n de pacientes para cirug\u00eda refractiva. El VX 130+ combina las tecnolog\u00edas m\u00e1s avanzadas y proporciona datos esenciales para el cuidado \u00f3ptimo de los ojos de los pacientes. El VX 130+ es el sistema de monitorizaci\u00f3n de pacientes ideal.<\/p>\n","protected":false},"featured_media":49691,"template":"","meta":{"_acf_changed":false,"content-type":"","footnotes":""},"pwb-brand":[508],"product_brand":[],"product_cat":[174,200],"product_tag":[],"class_list":{"0":"post-7242","1":"product","2":"type-product","3":"status-publish","4":"has-post-thumbnail","6":"pwb-brand-visionix-es","7":"product_cat-oftalmologia-instrumentos","8":"product_cat-optometria-instrumentos","9":"pa_product-family-diagnostic-es","10":"pa_product-type-analizador-de-frente-de-onda-es","11":"pa_product-type-ark-es","12":"pa_product-type-paquimetro-es","13":"pa_product-type-segmento-anterior-es","14":"pa_product-type-tonometro-es","15":"pa_product-type-topografo-es","17":"first","18":"instock","19":"product-type-simple"},"acf":[],"brands":[{"id":508,"name":"Visionix","slug":"visionix-es"}],"_links":{"self":[{"href":"https:\/\/www.visionix.com\/es\/wp-json\/wp\/v2\/product\/7242","targetHints":{"allow":["GET"]}}],"collection":[{"href":"https:\/\/www.visionix.com\/es\/wp-json\/wp\/v2\/product"}],"about":[{"href":"https:\/\/www.visionix.com\/es\/wp-json\/wp\/v2\/types\/product"}],"version-history":[{"count":6,"href":"https:\/\/www.visionix.com\/es\/wp-json\/wp\/v2\/product\/7242\/revisions"}],"predecessor-version":[{"id":51498,"href":"https:\/\/www.visionix.com\/es\/wp-json\/wp\/v2\/product\/7242\/revisions\/51498"}],"wp:featuredmedia":[{"embeddable":true,"href":"https:\/\/www.visionix.com\/es\/wp-json\/wp\/v2\/media\/49691"}],"wp:attachment":[{"href":"https:\/\/www.visionix.com\/es\/wp-json\/wp\/v2\/media?parent=7242"}],"wp:term":[{"taxonomy":"pwb-brand","embeddable":true,"href":"https:\/\/www.visionix.com\/es\/wp-json\/wp\/v2\/pwb-brand?post=7242"},{"taxonomy":"product_brand","embeddable":true,"href":"https:\/\/www.visionix.com\/es\/wp-json\/wp\/v2\/product_brand?post=7242"},{"taxonomy":"product_cat","embeddable":true,"href":"https:\/\/www.visionix.com\/es\/wp-json\/wp\/v2\/product_cat?post=7242"},{"taxonomy":"product_tag","embeddable":true,"href":"https:\/\/www.visionix.com\/es\/wp-json\/wp\/v2\/product_tag?post=7242"}],"curies":[{"name":"wp","href":"https:\/\/api.w.org\/{rel}","templated":true}]}}