{"id":7226,"date":"2022-03-07T14:34:09","date_gmt":"2022-03-07T13:34:09","guid":{"rendered":"https:\/\/www.visionix.com\/produit\/visionix-vx25\/"},"modified":"2024-03-29T14:10:11","modified_gmt":"2024-03-29T13:10:11","slug":"paneles-de-agudeza-digital-visionix-vx25","status":"publish","type":"product","link":"https:\/\/www.visionix.com\/es\/product\/paneles-de-agudeza-digital-visionix-vx25\/","title":{"rendered":"Visionix VX 25"},"content":{"rendered":"<p>Esta pantalla ha sido dise\u00f1ada para obtener resultados \u00f3ptimos en la sala de ex\u00e1menes de preselecci\u00f3n gracias a su dise\u00f1o ergon\u00f3mico, su estilo aerodin\u00e1mico y el gran n\u00famero de pruebas que incluye.<br \/>\nEste dispositivo se utiliza dentro del sistema Eye Refract con fines de diagn\u00f3stico en oftalmolog\u00eda, agudeza visual y pruebas de visi\u00f3n binocular.<\/p>\n","protected":false},"excerpt":{"rendered":"<p><strong>Soluci\u00f3n de optotipos para ahorrar espacio<\/strong><\/p>\n<p>Esta pantalla ha sido dise\u00f1ada para obtener resultados \u00f3ptimos en la sala de ex\u00e1menes de preselecci\u00f3n gracias a su dise\u00f1o ergon\u00f3mico, su estilo aerodin\u00e1mico y el gran n\u00famero de pruebas que incluye.<br \/>\nEste dispositivo se utiliza dentro del sistema Eye Refract con fines de diagn\u00f3stico en oftalmolog\u00eda, agudeza visual y pruebas de visi\u00f3n binocular.<\/p>\n","protected":false},"featured_media":59363,"template":"","meta":{"_acf_changed":false,"content-type":"","footnotes":""},"pwb-brand":[508],"product_brand":[],"product_cat":[174,199,200],"product_tag":[],"class_list":{"0":"post-7226","1":"product","2":"type-product","3":"status-publish","4":"has-post-thumbnail","6":"pwb-brand-visionix-es","7":"product_cat-oftalmologia-instrumentos","8":"product_cat-optico-equipo","9":"product_cat-optometria-instrumentos","10":"pa_product-family-refraction-es","11":"pa_product-type-pantalla-de-optotipos-es","13":"first","14":"instock","15":"product-type-simple"},"acf":[],"brands":[{"id":508,"name":"Visionix","slug":"visionix-es"}],"_links":{"self":[{"href":"https:\/\/www.visionix.com\/es\/wp-json\/wp\/v2\/product\/7226","targetHints":{"allow":["GET"]}}],"collection":[{"href":"https:\/\/www.visionix.com\/es\/wp-json\/wp\/v2\/product"}],"about":[{"href":"https:\/\/www.visionix.com\/es\/wp-json\/wp\/v2\/types\/product"}],"version-history":[{"count":7,"href":"https:\/\/www.visionix.com\/es\/wp-json\/wp\/v2\/product\/7226\/revisions"}],"predecessor-version":[{"id":54078,"href":"https:\/\/www.visionix.com\/es\/wp-json\/wp\/v2\/product\/7226\/revisions\/54078"}],"wp:featuredmedia":[{"embeddable":true,"href":"https:\/\/www.visionix.com\/es\/wp-json\/wp\/v2\/media\/59363"}],"wp:attachment":[{"href":"https:\/\/www.visionix.com\/es\/wp-json\/wp\/v2\/media?parent=7226"}],"wp:term":[{"taxonomy":"pwb-brand","embeddable":true,"href":"https:\/\/www.visionix.com\/es\/wp-json\/wp\/v2\/pwb-brand?post=7226"},{"taxonomy":"product_brand","embeddable":true,"href":"https:\/\/www.visionix.com\/es\/wp-json\/wp\/v2\/product_brand?post=7226"},{"taxonomy":"product_cat","embeddable":true,"href":"https:\/\/www.visionix.com\/es\/wp-json\/wp\/v2\/product_cat?post=7226"},{"taxonomy":"product_tag","embeddable":true,"href":"https:\/\/www.visionix.com\/es\/wp-json\/wp\/v2\/product_tag?post=7226"}],"curies":[{"name":"wp","href":"https:\/\/api.w.org\/{rel}","templated":true}]}}