{"id":7219,"date":"2022-03-07T14:34:09","date_gmt":"2022-03-07T13:34:09","guid":{"rendered":"https:\/\/www.visionix.com\/produit\/visionix-vx22\/"},"modified":"2023-02-03T09:51:09","modified_gmt":"2023-02-03T08:51:09","slug":"paneles-de-agudeza-digital-visionix-vx22","status":"publish","type":"product","link":"https:\/\/www.visionix.com\/es\/product\/paneles-de-agudeza-digital-visionix-vx22\/","title":{"rendered":"Visionix VX 22"},"content":{"rendered":"<p>La pantalla LCD VX 22, con su tama\u00f1o de 23,6&#8243; est\u00e1 disponible en 3 versiones no polarizada, polarizada lineal y polarizada circular, por lo que se adapta a cualquier solicitud y uso de cada pa\u00eds. Esta pantalla ha sido dise\u00f1ada para obtener resultados \u00f3ptimos en la sala de examen gracias a su dise\u00f1o ergon\u00f3mico, su estilo aerodin\u00e1mico y el gran n\u00famero de pruebas que incluye.<\/p>\n","protected":false},"excerpt":{"rendered":"<p><strong>Displays de optotipos circulares, lineales y no polarizados<\/strong><\/p>\n<p>La pantalla LCD VX 22, con su tama\u00f1o de 23,6, est\u00e1 disponible en 3 versiones no polarizada, polarizada lineal y polarizada circular, por lo que se adapta a cualquier solicitud y uso de cada pa\u00eds. Esta pantalla ha sido dise\u00f1ada para obtener resultados \u00f3ptimos en la sala de examen gracias a su dise\u00f1o ergon\u00f3mico, su estilo aerodin\u00e1mico y el gran n\u00famero de pruebas que incluye.\u00bb<\/p>\n","protected":false},"featured_media":42639,"template":"","meta":{"_acf_changed":false,"content-type":"","footnotes":""},"pwb-brand":[508],"product_brand":[],"product_cat":[174,199,200],"product_tag":[],"class_list":{"0":"post-7219","1":"product","2":"type-product","3":"status-publish","4":"has-post-thumbnail","6":"pwb-brand-visionix-es","7":"product_cat-oftalmologia-instrumentos","8":"product_cat-optico-equipo","9":"product_cat-optometria-instrumentos","10":"pa_product-family-refraction-es","11":"pa_product-type-pantalla-de-optotipos-es","13":"first","14":"instock","15":"product-type-simple"},"acf":[],"brands":[{"id":508,"name":"Visionix","slug":"visionix-es"}],"_links":{"self":[{"href":"https:\/\/www.visionix.com\/es\/wp-json\/wp\/v2\/product\/7219","targetHints":{"allow":["GET"]}}],"collection":[{"href":"https:\/\/www.visionix.com\/es\/wp-json\/wp\/v2\/product"}],"about":[{"href":"https:\/\/www.visionix.com\/es\/wp-json\/wp\/v2\/types\/product"}],"version-history":[{"count":5,"href":"https:\/\/www.visionix.com\/es\/wp-json\/wp\/v2\/product\/7219\/revisions"}],"predecessor-version":[{"id":36346,"href":"https:\/\/www.visionix.com\/es\/wp-json\/wp\/v2\/product\/7219\/revisions\/36346"}],"wp:featuredmedia":[{"embeddable":true,"href":"https:\/\/www.visionix.com\/es\/wp-json\/wp\/v2\/media\/42639"}],"wp:attachment":[{"href":"https:\/\/www.visionix.com\/es\/wp-json\/wp\/v2\/media?parent=7219"}],"wp:term":[{"taxonomy":"pwb-brand","embeddable":true,"href":"https:\/\/www.visionix.com\/es\/wp-json\/wp\/v2\/pwb-brand?post=7219"},{"taxonomy":"product_brand","embeddable":true,"href":"https:\/\/www.visionix.com\/es\/wp-json\/wp\/v2\/product_brand?post=7219"},{"taxonomy":"product_cat","embeddable":true,"href":"https:\/\/www.visionix.com\/es\/wp-json\/wp\/v2\/product_cat?post=7219"},{"taxonomy":"product_tag","embeddable":true,"href":"https:\/\/www.visionix.com\/es\/wp-json\/wp\/v2\/product_tag?post=7219"}],"curies":[{"name":"wp","href":"https:\/\/api.w.org\/{rel}","templated":true}]}}