{"id":7178,"date":"2022-09-07T14:34:09","date_gmt":"2022-09-07T12:34:09","guid":{"rendered":"https:\/\/www.visionix.com\/produit\/briot-couture\/"},"modified":"2025-08-26T15:25:13","modified_gmt":"2025-08-26T13:25:13","slug":"acabado-de-lentes-briot-couture","status":"publish","type":"product","link":"https:\/\/www.visionix.com\/es\/product\/acabado-de-lentes-briot-couture\/","title":{"rendered":"Briot Couture"},"content":{"rendered":"<p>Briot Couture: un sistema de biselado de lentes muy intuitivo y adecuado para cualquier \u00f3ptica. Briot Couture incluye la primera tecnolog\u00eda de renderizaci\u00f3n virtual de lentes en 3D del mundo para simplificar el proceso de acabado para todos los \u00f3pticos.<\/p>\n","protected":false},"excerpt":{"rendered":"<h2><strong>Visualizaci\u00f3n 3D \u00fanica y biselado inteligente<\/strong><\/h2>\n<p>Briot Couture: un sistema de acabado de lentes muy intuitivo y adecuado para cualquier \u00f3ptica. Briot Couture incluye la primera tecnolog\u00eda de renderizaci\u00f3n virtual de lentes en 3D del mundo para simplificar el proceso de acabado para todos los \u00f3pticos.<\/p>\n","protected":false},"featured_media":46676,"template":"","meta":{"_acf_changed":false,"content-type":"","footnotes":""},"pwb-brand":[497],"product_brand":[],"product_cat":[199,200],"product_tag":[],"class_list":{"0":"post-7178","1":"product","2":"type-product","3":"status-publish","4":"has-post-thumbnail","6":"pwb-brand-briot-es","7":"product_cat-optico-equipo","8":"product_cat-optometria-instrumentos","9":"pa_product-family-finishing-es","10":"pa_product-type-sistema-de-biselado-es","12":"first","13":"instock","14":"featured","15":"product-type-simple"},"acf":[],"brands":[{"id":497,"name":"Briot","slug":"briot-es"}],"_links":{"self":[{"href":"https:\/\/www.visionix.com\/es\/wp-json\/wp\/v2\/product\/7178","targetHints":{"allow":["GET"]}}],"collection":[{"href":"https:\/\/www.visionix.com\/es\/wp-json\/wp\/v2\/product"}],"about":[{"href":"https:\/\/www.visionix.com\/es\/wp-json\/wp\/v2\/types\/product"}],"version-history":[{"count":9,"href":"https:\/\/www.visionix.com\/es\/wp-json\/wp\/v2\/product\/7178\/revisions"}],"predecessor-version":[{"id":73536,"href":"https:\/\/www.visionix.com\/es\/wp-json\/wp\/v2\/product\/7178\/revisions\/73536"}],"wp:featuredmedia":[{"embeddable":true,"href":"https:\/\/www.visionix.com\/es\/wp-json\/wp\/v2\/media\/46676"}],"wp:attachment":[{"href":"https:\/\/www.visionix.com\/es\/wp-json\/wp\/v2\/media?parent=7178"}],"wp:term":[{"taxonomy":"pwb-brand","embeddable":true,"href":"https:\/\/www.visionix.com\/es\/wp-json\/wp\/v2\/pwb-brand?post=7178"},{"taxonomy":"product_brand","embeddable":true,"href":"https:\/\/www.visionix.com\/es\/wp-json\/wp\/v2\/product_brand?post=7178"},{"taxonomy":"product_cat","embeddable":true,"href":"https:\/\/www.visionix.com\/es\/wp-json\/wp\/v2\/product_cat?post=7178"},{"taxonomy":"product_tag","embeddable":true,"href":"https:\/\/www.visionix.com\/es\/wp-json\/wp\/v2\/product_tag?post=7178"}],"curies":[{"name":"wp","href":"https:\/\/api.w.org\/{rel}","templated":true}]}}