{"id":71153,"date":"2022-03-22T12:02:21","date_gmt":"2022-03-22T11:02:21","guid":{"rendered":"https:\/\/www.visionix.com\/product\/vx-205\/"},"modified":"2022-03-22T12:02:21","modified_gmt":"2022-03-22T11:02:21","slug":"vx-205","status":"publish","type":"product","link":"https:\/\/www.visionix.com\/es\/product\/vx-205\/","title":{"rendered":"VX 205"},"content":{"rendered":"<p>Das VX 205 ist ein multifunktionaler Hornhaut-Topograph.<br \/>\nDie pr\u00e4zise Topographiemessung liefert Ihnen die Daten f\u00fcr eine individuelle Kontaktlinsenanpassung. Zus\u00e4tzlich bietet die Software zahlreiche Screening-Funktionen zur Erkennung von Ver\u00e4nderungen der Hornhautoberfl\u00e4che.<br \/>\nDie Software umfasst ein spezielles Screening f\u00fcr Trockene Augen. Erkennen und analysieren Sie Anzeichen eines Trockenen Auges und bieten Sie Ihren Kunden eine umfassende Beratung.<\/p>\n","protected":false},"excerpt":{"rendered":"<p>Das VX 205 ist ein multifunktionaler Hornhaut-Topograph.<br \/>\nDie pr\u00e4zise Topographiemessung liefert Ihnen die Daten f\u00fcr eine individuelle Kontaktlinsenanpassung. Zus\u00e4tzlich bietet die Software zahlreiche Screening-Funktionen zur Erkennung von Ver\u00e4nderungen der Hornhautoberfl\u00e4che.<br \/>\nDie Software umfasst ein spezielles Screening f\u00fcr Trockene Augen. Erkennen und analysieren Sie Anzeichen eines Trockenen Auges und bieten Sie Ihren Kunden eine umfassende Beratung.<\/p>\n","protected":false},"featured_media":24945,"template":"","meta":{"_acf_changed":false,"content-type":"","footnotes":""},"pwb-brand":[],"product_brand":[],"product_cat":[],"product_tag":[],"class_list":{"0":"post-71153","1":"product","2":"type-product","3":"status-publish","4":"has-post-thumbnail","7":"first","8":"instock","9":"product-type-simple"},"acf":[],"brands":[],"_links":{"self":[{"href":"https:\/\/www.visionix.com\/es\/wp-json\/wp\/v2\/product\/71153","targetHints":{"allow":["GET"]}}],"collection":[{"href":"https:\/\/www.visionix.com\/es\/wp-json\/wp\/v2\/product"}],"about":[{"href":"https:\/\/www.visionix.com\/es\/wp-json\/wp\/v2\/types\/product"}],"version-history":[{"count":1,"href":"https:\/\/www.visionix.com\/es\/wp-json\/wp\/v2\/product\/71153\/revisions"}],"predecessor-version":[{"id":71157,"href":"https:\/\/www.visionix.com\/es\/wp-json\/wp\/v2\/product\/71153\/revisions\/71157"}],"wp:featuredmedia":[{"embeddable":true,"href":"https:\/\/www.visionix.com\/es\/wp-json\/wp\/v2\/media\/24945"}],"wp:attachment":[{"href":"https:\/\/www.visionix.com\/es\/wp-json\/wp\/v2\/media?parent=71153"}],"wp:term":[{"taxonomy":"pwb-brand","embeddable":true,"href":"https:\/\/www.visionix.com\/es\/wp-json\/wp\/v2\/pwb-brand?post=71153"},{"taxonomy":"product_brand","embeddable":true,"href":"https:\/\/www.visionix.com\/es\/wp-json\/wp\/v2\/product_brand?post=71153"},{"taxonomy":"product_cat","embeddable":true,"href":"https:\/\/www.visionix.com\/es\/wp-json\/wp\/v2\/product_cat?post=71153"},{"taxonomy":"product_tag","embeddable":true,"href":"https:\/\/www.visionix.com\/es\/wp-json\/wp\/v2\/product_tag?post=71153"}],"curies":[{"name":"wp","href":"https:\/\/api.w.org\/{rel}","templated":true}]}}