{"id":7110,"date":"2022-03-07T14:34:09","date_gmt":"2022-03-07T13:34:09","guid":{"rendered":"https:\/\/www.visionix.com\/produit\/visionix-vx40\/"},"modified":"2024-10-31T09:53:35","modified_gmt":"2024-10-31T08:53:35","slug":"auto-frontofocometro-visionix-vx40","status":"publish","type":"product","link":"https:\/\/www.visionix.com\/es\/product\/auto-frontofocometro-visionix-vx40\/","title":{"rendered":"Visionix VX 40"},"content":{"rendered":"<p>La tecnolog\u00eda Visionix Wavefront le permite obtener un an\u00e1lisis completo y detallado de las lentes con s\u00f3lo pulsar un bot\u00f3n. Experimente la nueva generaci\u00f3n de autolentes con el VX 40. El VX 40 puede detectar y analizar lentes monofocales, bifocales y progresivas y es compatible con todas las tecnolog\u00edas y marcas de lentes.<\/p>\n","protected":false},"excerpt":{"rendered":"<p><strong>An\u00e1lisis de prescripci\u00f3n completo en 30 segundos<\/strong><\/p>\n<p>La tecnolog\u00eda Visionix Wavefront le permite tener un an\u00e1lisis completo y detallado de una montura con s\u00f3lo pulsar un bot\u00f3n. Experimente la nueva generaci\u00f3n de autolentes con el VX 40. El VX 40 puede detectar y analizar lentes monofocales, bifocales y progresivas y es compatible con todas las tecnolog\u00edas y marcas de lentes.<\/p>\n","protected":false},"featured_media":48515,"template":"","meta":{"_acf_changed":false,"content-type":"","footnotes":""},"pwb-brand":[508],"product_brand":[],"product_cat":[174,199,200],"product_tag":[],"class_list":{"0":"post-7110","1":"product","2":"type-product","3":"status-publish","4":"has-post-thumbnail","6":"pwb-brand-visionix-es","7":"product_cat-oftalmologia-instrumentos","8":"product_cat-optico-equipo","9":"product_cat-optometria-instrumentos","10":"pa_product-family-refraction-es","11":"pa_product-type-analizador-de-lentes-es","12":"pa_product-type-frontofocometro-es","14":"first","15":"instock","16":"product-type-simple"},"acf":[],"brands":[{"id":508,"name":"Visionix","slug":"visionix-es"}],"_links":{"self":[{"href":"https:\/\/www.visionix.com\/es\/wp-json\/wp\/v2\/product\/7110","targetHints":{"allow":["GET"]}}],"collection":[{"href":"https:\/\/www.visionix.com\/es\/wp-json\/wp\/v2\/product"}],"about":[{"href":"https:\/\/www.visionix.com\/es\/wp-json\/wp\/v2\/types\/product"}],"version-history":[{"count":11,"href":"https:\/\/www.visionix.com\/es\/wp-json\/wp\/v2\/product\/7110\/revisions"}],"predecessor-version":[{"id":59640,"href":"https:\/\/www.visionix.com\/es\/wp-json\/wp\/v2\/product\/7110\/revisions\/59640"}],"wp:featuredmedia":[{"embeddable":true,"href":"https:\/\/www.visionix.com\/es\/wp-json\/wp\/v2\/media\/48515"}],"wp:attachment":[{"href":"https:\/\/www.visionix.com\/es\/wp-json\/wp\/v2\/media?parent=7110"}],"wp:term":[{"taxonomy":"pwb-brand","embeddable":true,"href":"https:\/\/www.visionix.com\/es\/wp-json\/wp\/v2\/pwb-brand?post=7110"},{"taxonomy":"product_brand","embeddable":true,"href":"https:\/\/www.visionix.com\/es\/wp-json\/wp\/v2\/product_brand?post=7110"},{"taxonomy":"product_cat","embeddable":true,"href":"https:\/\/www.visionix.com\/es\/wp-json\/wp\/v2\/product_cat?post=7110"},{"taxonomy":"product_tag","embeddable":true,"href":"https:\/\/www.visionix.com\/es\/wp-json\/wp\/v2\/product_tag?post=7110"}],"curies":[{"name":"wp","href":"https:\/\/api.w.org\/{rel}","templated":true}]}}