{"id":7106,"date":"2022-03-07T14:34:09","date_gmt":"2022-03-07T13:34:09","guid":{"rendered":"https:\/\/www.visionix.com\/produit\/visionix-vx70\/"},"modified":"2022-07-26T15:23:50","modified_gmt":"2022-07-26T13:23:50","slug":"examenes-lamparas-de-hendidura-visionix-vx70","status":"publish","type":"product","link":"https:\/\/www.visionix.com\/es\/product\/examenes-lamparas-de-hendidura-visionix-vx70\/","title":{"rendered":"Visionix VX 70"},"content":{"rendered":"<p>El moderno dise\u00f1o y el sistema de revestimiento m\u00faltiple del Visionix VX 70 transmiten la luz de forma m\u00e1s eficiente y satisfacen todas las necesidades de la l\u00e1mpara de hendidura de su consulta.<br \/>\nLa luz LED utiliza menos energ\u00eda y puede durar m\u00e1s de cien veces que una fuente hal\u00f3gena.\u00a0 El LED tambi\u00e9n proporciona una iluminaci\u00f3n m\u00e1s uniforme que aumenta la calidad de la imagen.<\/p>\n","protected":false},"excerpt":{"rendered":"<p><strong>L\u00e1mpara de hendidura de examen VX 70<\/strong><\/p>\n<p>El moderno dise\u00f1o y el sistema de revestimiento m\u00faltiple de la Visionix VX 70 transmite la luz de forma m\u00e1s eficiente y satisfar\u00e1 todas las necesidades de la l\u00e1mpara de hendidura de su consulta.<br \/>\nLa luz LED utiliza menos energ\u00eda y puede durar m\u00e1s de cien veces que una fuente hal\u00f3gena. El LED tambi\u00e9n proporciona una mejor iluminaci\u00f3n uniforme que aumenta la calidad de la imagen.<\/p>\n","protected":false},"featured_media":40856,"template":"","meta":{"_acf_changed":false,"content-type":"","footnotes":""},"pwb-brand":[508],"product_brand":[],"product_cat":[174,199,200],"product_tag":[],"class_list":{"0":"post-7106","1":"product","2":"type-product","3":"status-publish","4":"has-post-thumbnail","6":"pwb-brand-visionix-es","7":"product_cat-oftalmologia-instrumentos","8":"product_cat-optico-equipo","9":"product_cat-optometria-instrumentos","10":"pa_product-family-diagnostic-es","11":"pa_product-type-lamparas-de-hendidura-es","13":"first","14":"instock","15":"product-type-simple"},"acf":[],"brands":[{"id":508,"name":"Visionix","slug":"visionix-es"}],"_links":{"self":[{"href":"https:\/\/www.visionix.com\/es\/wp-json\/wp\/v2\/product\/7106","targetHints":{"allow":["GET"]}}],"collection":[{"href":"https:\/\/www.visionix.com\/es\/wp-json\/wp\/v2\/product"}],"about":[{"href":"https:\/\/www.visionix.com\/es\/wp-json\/wp\/v2\/types\/product"}],"version-history":[{"count":2,"href":"https:\/\/www.visionix.com\/es\/wp-json\/wp\/v2\/product\/7106\/revisions"}],"predecessor-version":[{"id":30447,"href":"https:\/\/www.visionix.com\/es\/wp-json\/wp\/v2\/product\/7106\/revisions\/30447"}],"wp:featuredmedia":[{"embeddable":true,"href":"https:\/\/www.visionix.com\/es\/wp-json\/wp\/v2\/media\/40856"}],"wp:attachment":[{"href":"https:\/\/www.visionix.com\/es\/wp-json\/wp\/v2\/media?parent=7106"}],"wp:term":[{"taxonomy":"pwb-brand","embeddable":true,"href":"https:\/\/www.visionix.com\/es\/wp-json\/wp\/v2\/pwb-brand?post=7106"},{"taxonomy":"product_brand","embeddable":true,"href":"https:\/\/www.visionix.com\/es\/wp-json\/wp\/v2\/product_brand?post=7106"},{"taxonomy":"product_cat","embeddable":true,"href":"https:\/\/www.visionix.com\/es\/wp-json\/wp\/v2\/product_cat?post=7106"},{"taxonomy":"product_tag","embeddable":true,"href":"https:\/\/www.visionix.com\/es\/wp-json\/wp\/v2\/product_tag?post=7106"}],"curies":[{"name":"wp","href":"https:\/\/api.w.org\/{rel}","templated":true}]}}