{"id":7105,"date":"2022-03-07T14:34:09","date_gmt":"2022-03-07T13:34:09","guid":{"rendered":"https:\/\/www.visionix.com\/produit\/visionix-vx36\/"},"modified":"2026-03-18T15:09:27","modified_gmt":"2026-03-18T14:09:27","slug":"auto-frontofocometro-visionix-vx36","status":"publish","type":"product","link":"https:\/\/www.visionix.com\/es\/product\/auto-frontofocometro-visionix-vx36\/","title":{"rendered":"Visionix VX 36"},"content":{"rendered":"<p>Esta nueva generaci\u00f3n de frontofoc\u00f3metros permite medir la tasa de transmisi\u00f3n de la luz azul y ofrece una interfaz de usuario intuitiva para que el usuario pueda realizar las mediciones de las lentes de forma sencilla y f\u00e1cil<\/p>\n","protected":false},"excerpt":{"rendered":"<p><strong>Realiza mediciones de lentes de forma sencilla y f\u00e1cil<\/strong><\/p>\n<p>Esta generaci\u00f3n de lensmeter permite medir la tasa de transmisi\u00f3n de la luz azul y ofrece una interfaz de usuario intuitiva para que el usuario pueda realizar mediciones de lentes de forma sencilla y f\u00e1cil.<\/p>\n","protected":false},"featured_media":55794,"template":"","meta":{"_acf_changed":false,"content-type":"","footnotes":""},"pwb-brand":[508],"product_brand":[],"product_cat":[174,199,200],"product_tag":[],"class_list":{"0":"post-7105","1":"product","2":"type-product","3":"status-publish","4":"has-post-thumbnail","6":"pwb-brand-visionix-es","7":"product_cat-oftalmologia-instrumentos","8":"product_cat-optico-equipo","9":"product_cat-optometria-instrumentos","11":"first","12":"instock","13":"product-type-simple"},"acf":[],"brands":[{"id":508,"name":"Visionix","slug":"visionix-es"}],"_links":{"self":[{"href":"https:\/\/www.visionix.com\/es\/wp-json\/wp\/v2\/product\/7105","targetHints":{"allow":["GET"]}}],"collection":[{"href":"https:\/\/www.visionix.com\/es\/wp-json\/wp\/v2\/product"}],"about":[{"href":"https:\/\/www.visionix.com\/es\/wp-json\/wp\/v2\/types\/product"}],"version-history":[{"count":6,"href":"https:\/\/www.visionix.com\/es\/wp-json\/wp\/v2\/product\/7105\/revisions"}],"predecessor-version":[{"id":78717,"href":"https:\/\/www.visionix.com\/es\/wp-json\/wp\/v2\/product\/7105\/revisions\/78717"}],"wp:featuredmedia":[{"embeddable":true,"href":"https:\/\/www.visionix.com\/es\/wp-json\/wp\/v2\/media\/55794"}],"wp:attachment":[{"href":"https:\/\/www.visionix.com\/es\/wp-json\/wp\/v2\/media?parent=7105"}],"wp:term":[{"taxonomy":"pwb-brand","embeddable":true,"href":"https:\/\/www.visionix.com\/es\/wp-json\/wp\/v2\/pwb-brand?post=7105"},{"taxonomy":"product_brand","embeddable":true,"href":"https:\/\/www.visionix.com\/es\/wp-json\/wp\/v2\/product_brand?post=7105"},{"taxonomy":"product_cat","embeddable":true,"href":"https:\/\/www.visionix.com\/es\/wp-json\/wp\/v2\/product_cat?post=7105"},{"taxonomy":"product_tag","embeddable":true,"href":"https:\/\/www.visionix.com\/es\/wp-json\/wp\/v2\/product_tag?post=7105"}],"curies":[{"name":"wp","href":"https:\/\/api.w.org\/{rel}","templated":true}]}}