{"id":7074,"date":"2022-03-07T14:34:09","date_gmt":"2022-03-07T13:34:09","guid":{"rendered":"https:\/\/www.visionix.com\/produit\/visionix-vx90\/"},"modified":"2024-04-03T12:06:17","modified_gmt":"2024-04-03T10:06:17","slug":"examenes-lamparas-de-hendidura-visionix-vx90","status":"publish","type":"product","link":"https:\/\/www.visionix.com\/es\/product\/examenes-lamparas-de-hendidura-visionix-vx90\/","title":{"rendered":"Visionix VX 90"},"content":{"rendered":"<p>VX 90 es un dispositivo de diagn\u00f3stico con funciones de refracci\u00f3n y queratometr\u00eda, as\u00ed como de valoraci\u00f3n de cataratas. Un objetivo de fijaci\u00f3n m\u00f3vil con enfoque autom\u00e1tica permite desacomodar completamente al paciente para obtener su refracci\u00f3n en cualquier condici\u00f3n.<\/p>\n","protected":false},"excerpt":{"rendered":"<p><strong>ARk con sistema auto fog <\/strong><\/p>\n<p>El VX 90 es un dispositivo de diagn\u00f3stico oftalmol\u00f3gico con funcionalidades de refracci\u00f3n y queratometr\u00eda, as\u00ed como de precisi\u00f3n de cataratas. Un objetivo de fijaci\u00f3n m\u00f3vil con nebulizaci\u00f3n autom\u00e1tica permite desacomodar completamente al paciente para obtener su refracci\u00f3n en cualquier condici\u00f3n.<\/p>\n","protected":false},"featured_media":55715,"template":"","meta":{"_acf_changed":false,"content-type":"","footnotes":""},"pwb-brand":[508],"product_brand":[],"product_cat":[174,199,200],"product_tag":[],"class_list":{"0":"post-7074","1":"product","2":"type-product","3":"status-publish","4":"has-post-thumbnail","6":"pwb-brand-visionix-es","7":"product_cat-oftalmologia-instrumentos","8":"product_cat-optico-equipo","9":"product_cat-optometria-instrumentos","10":"pa_product-family-refraction-es","11":"pa_product-type-ark-es","13":"first","14":"instock","15":"product-type-simple"},"acf":[],"brands":[{"id":508,"name":"Visionix","slug":"visionix-es"}],"_links":{"self":[{"href":"https:\/\/www.visionix.com\/es\/wp-json\/wp\/v2\/product\/7074","targetHints":{"allow":["GET"]}}],"collection":[{"href":"https:\/\/www.visionix.com\/es\/wp-json\/wp\/v2\/product"}],"about":[{"href":"https:\/\/www.visionix.com\/es\/wp-json\/wp\/v2\/types\/product"}],"version-history":[{"count":5,"href":"https:\/\/www.visionix.com\/es\/wp-json\/wp\/v2\/product\/7074\/revisions"}],"predecessor-version":[{"id":54339,"href":"https:\/\/www.visionix.com\/es\/wp-json\/wp\/v2\/product\/7074\/revisions\/54339"}],"wp:featuredmedia":[{"embeddable":true,"href":"https:\/\/www.visionix.com\/es\/wp-json\/wp\/v2\/media\/55715"}],"wp:attachment":[{"href":"https:\/\/www.visionix.com\/es\/wp-json\/wp\/v2\/media?parent=7074"}],"wp:term":[{"taxonomy":"pwb-brand","embeddable":true,"href":"https:\/\/www.visionix.com\/es\/wp-json\/wp\/v2\/pwb-brand?post=7074"},{"taxonomy":"product_brand","embeddable":true,"href":"https:\/\/www.visionix.com\/es\/wp-json\/wp\/v2\/product_brand?post=7074"},{"taxonomy":"product_cat","embeddable":true,"href":"https:\/\/www.visionix.com\/es\/wp-json\/wp\/v2\/product_cat?post=7074"},{"taxonomy":"product_tag","embeddable":true,"href":"https:\/\/www.visionix.com\/es\/wp-json\/wp\/v2\/product_tag?post=7074"}],"curies":[{"name":"wp","href":"https:\/\/api.w.org\/{rel}","templated":true}]}}