{"id":7049,"date":"2022-03-07T14:34:09","date_gmt":"2022-03-07T13:34:09","guid":{"rendered":"https:\/\/www.visionix.com\/produit\/weco-e-12\/"},"modified":"2023-02-03T10:05:46","modified_gmt":"2023-02-03T09:05:46","slug":"acabado-de-lentes-weco-e12","status":"publish","type":"product","link":"https:\/\/www.visionix.com\/es\/product\/acabado-de-lentes-weco-e12\/","title":{"rendered":"Weco E12"},"content":{"rendered":"<p>Para aquellos que buscan el nivel de entrada perfecto con la perforaci\u00f3n para su taller de acabado simplemente no puede hacerlo mejor que la Weco E12. Con el trazado \u00f3ptico patentado por Gravitech\u00ae y la funci\u00f3n de perforaci\u00f3n integrada el Weco E.12 representa una tecnolog\u00eda y un valor sin igual en su clase.<\/p>\n","protected":false},"excerpt":{"rendered":"<p><strong>Rompiendo las reglas de nuevo<\/strong><\/p>\n<p>Para aquellos que buscan el nivel de entrada perfecto con perforaci\u00f3n para su taller de acabado, simplemente no puede hacerlo mejor que la Weco E12<\/p>\n","protected":false},"featured_media":42411,"template":"","meta":{"_acf_changed":false,"content-type":"","footnotes":""},"pwb-brand":[515],"product_brand":[],"product_cat":[199,200],"product_tag":[],"class_list":{"0":"post-7049","1":"product","2":"type-product","3":"status-publish","4":"has-post-thumbnail","6":"pwb-brand-weco-es","7":"product_cat-optico-equipo","8":"product_cat-optometria-instrumentos","9":"pa_product-family-finishing-es","10":"pa_product-type-sistema-de-biselado-es","12":"first","13":"instock","14":"product-type-simple"},"acf":[],"brands":[{"id":515,"name":"Weco","slug":"weco-es"}],"_links":{"self":[{"href":"https:\/\/www.visionix.com\/es\/wp-json\/wp\/v2\/product\/7049","targetHints":{"allow":["GET"]}}],"collection":[{"href":"https:\/\/www.visionix.com\/es\/wp-json\/wp\/v2\/product"}],"about":[{"href":"https:\/\/www.visionix.com\/es\/wp-json\/wp\/v2\/types\/product"}],"version-history":[{"count":6,"href":"https:\/\/www.visionix.com\/es\/wp-json\/wp\/v2\/product\/7049\/revisions"}],"predecessor-version":[{"id":36383,"href":"https:\/\/www.visionix.com\/es\/wp-json\/wp\/v2\/product\/7049\/revisions\/36383"}],"wp:featuredmedia":[{"embeddable":true,"href":"https:\/\/www.visionix.com\/es\/wp-json\/wp\/v2\/media\/42411"}],"wp:attachment":[{"href":"https:\/\/www.visionix.com\/es\/wp-json\/wp\/v2\/media?parent=7049"}],"wp:term":[{"taxonomy":"pwb-brand","embeddable":true,"href":"https:\/\/www.visionix.com\/es\/wp-json\/wp\/v2\/pwb-brand?post=7049"},{"taxonomy":"product_brand","embeddable":true,"href":"https:\/\/www.visionix.com\/es\/wp-json\/wp\/v2\/product_brand?post=7049"},{"taxonomy":"product_cat","embeddable":true,"href":"https:\/\/www.visionix.com\/es\/wp-json\/wp\/v2\/product_cat?post=7049"},{"taxonomy":"product_tag","embeddable":true,"href":"https:\/\/www.visionix.com\/es\/wp-json\/wp\/v2\/product_tag?post=7049"}],"curies":[{"name":"wp","href":"https:\/\/api.w.org\/{rel}","templated":true}]}}