{"id":60110,"date":"2024-12-23T16:53:52","date_gmt":"2024-12-23T15:53:52","guid":{"rendered":"https:\/\/www.visionix.com\/?post_type=product&#038;p=60110"},"modified":"2025-03-26T10:49:17","modified_gmt":"2025-03-26T09:49:17","slug":"weco-e33","status":"publish","type":"product","link":"https:\/\/www.visionix.com\/es\/product\/weco-e33\/","title":{"rendered":"Weco E33"},"content":{"rendered":"<p>Desde su lanzamiento en 2012, la biseladora Weco E33 se ha convertido en un icono en la industria \u00f3ptica, reconocida por su facilidad de uso y su dise\u00f1o intuitivo. A lo largo de los a\u00f1os, ha evolucionado con tecnolog\u00edas de vanguardia como Gravitech en 2018, ofreciendo un rendimiento excepcional. Hoy, el modelo Weco E33 representa el control, convirti\u00e9ndose en una herramienta esencial para los talleres \u00f3pticos.<\/p>\n<p>Visionix presenta la nueva generaci\u00f3n de sistemas de canteado \u00abtodo en uno\u00bb: Weco E33 ofrece resultados excepcionales para los talleres de acabado, combinando fiabilidad y accesibilidad.<\/p>\n","protected":false},"excerpt":{"rendered":"<p><strong>Potente simplicidad<\/strong><\/p>\n<p>El Weco E33 es un sistema de canteado todo en uno que incluye el trazado, el bloqueo, el canteado, el ranurado y el taladrado en una sola unidad. Con el Weco E33 el ajuste perfecto es posible.<\/p>\n","protected":false},"featured_media":60118,"template":"","meta":{"_acf_changed":false,"content-type":"","footnotes":""},"pwb-brand":[497],"product_brand":[],"product_cat":[199,200],"product_tag":[],"class_list":{"0":"post-60110","1":"product","2":"type-product","3":"status-publish","4":"has-post-thumbnail","6":"pwb-brand-briot-es","7":"product_cat-optico-equipo","8":"product_cat-optometria-instrumentos","9":"pa_product-family-finishing-es","10":"pa_product-type-sistema-de-biselado-es","12":"first","13":"instock","14":"product-type-simple"},"acf":[],"brands":[{"id":497,"name":"Briot","slug":"briot-es"}],"_links":{"self":[{"href":"https:\/\/www.visionix.com\/es\/wp-json\/wp\/v2\/product\/60110","targetHints":{"allow":["GET"]}}],"collection":[{"href":"https:\/\/www.visionix.com\/es\/wp-json\/wp\/v2\/product"}],"about":[{"href":"https:\/\/www.visionix.com\/es\/wp-json\/wp\/v2\/types\/product"}],"version-history":[{"count":2,"href":"https:\/\/www.visionix.com\/es\/wp-json\/wp\/v2\/product\/60110\/revisions"}],"predecessor-version":[{"id":63257,"href":"https:\/\/www.visionix.com\/es\/wp-json\/wp\/v2\/product\/60110\/revisions\/63257"}],"wp:featuredmedia":[{"embeddable":true,"href":"https:\/\/www.visionix.com\/es\/wp-json\/wp\/v2\/media\/60118"}],"wp:attachment":[{"href":"https:\/\/www.visionix.com\/es\/wp-json\/wp\/v2\/media?parent=60110"}],"wp:term":[{"taxonomy":"pwb-brand","embeddable":true,"href":"https:\/\/www.visionix.com\/es\/wp-json\/wp\/v2\/pwb-brand?post=60110"},{"taxonomy":"product_brand","embeddable":true,"href":"https:\/\/www.visionix.com\/es\/wp-json\/wp\/v2\/product_brand?post=60110"},{"taxonomy":"product_cat","embeddable":true,"href":"https:\/\/www.visionix.com\/es\/wp-json\/wp\/v2\/product_cat?post=60110"},{"taxonomy":"product_tag","embeddable":true,"href":"https:\/\/www.visionix.com\/es\/wp-json\/wp\/v2\/product_tag?post=60110"}],"curies":[{"name":"wp","href":"https:\/\/api.w.org\/{rel}","templated":true}]}}