{"id":59995,"date":"2024-12-23T09:40:07","date_gmt":"2024-12-23T08:40:07","guid":{"rendered":"https:\/\/www.visionix.com\/?post_type=product&#038;p=59995"},"modified":"2025-05-02T16:05:00","modified_gmt":"2025-05-02T14:05:00","slug":"briot-emotion-3","status":"publish","type":"product","link":"https:\/\/www.visionix.com\/es\/product\/briot-emotion-3\/","title":{"rendered":"Briot Emotion 3"},"content":{"rendered":"<p>Desde su lanzamiento en 2012, la biseladora Briot Emotion 3 se ha convertido en un icono en la industria \u00f3ptica, reconocida por su facilidad de uso y su dise\u00f1o intuitivo. A lo largo de los a\u00f1os, ha evolucionado con tecnolog\u00edas de vanguardia como Gravitech en 2018, ofreciendo un rendimiento excepcional. Hoy, el modelo Briot Emotion 3 representa el control, convirti\u00e9ndose en una herramienta esencial para los talleres \u00f3pticos<\/p>\n<p>Visionix presenta la nueva generaci\u00f3n de sistemas de canteado \u00abtodo en uno\u00bb: Briot Emotion 3 ofrece resultados excepcionales para los talleres de acabado, combinando fiabilidad y accesibilidad.<\/p>\n","protected":false},"excerpt":{"rendered":"<p><strong>Potente simplicidad<\/strong><\/p>\n<p>El Briot Emotion 3 es un sistema de canteado todo en uno que incluye el trazado, el bloqueo, el canteado, el ranurado y el taladrado en una sola unidad. Con el Emotion 3 el ajuste perfecto es posible.<\/p>\n","protected":false},"featured_media":60008,"template":"","meta":{"_acf_changed":false,"content-type":"","footnotes":""},"pwb-brand":[497],"product_brand":[],"product_cat":[199,200],"product_tag":[],"class_list":{"0":"post-59995","1":"product","2":"type-product","3":"status-publish","4":"has-post-thumbnail","6":"pwb-brand-briot-es","7":"product_cat-optico-equipo","8":"product_cat-optometria-instrumentos","9":"pa_product-family-finishing-es","10":"pa_product-type-sistema-de-biselado-es","12":"first","13":"instock","14":"product-type-simple"},"acf":[],"brands":[{"id":497,"name":"Briot","slug":"briot-es"}],"_links":{"self":[{"href":"https:\/\/www.visionix.com\/es\/wp-json\/wp\/v2\/product\/59995","targetHints":{"allow":["GET"]}}],"collection":[{"href":"https:\/\/www.visionix.com\/es\/wp-json\/wp\/v2\/product"}],"about":[{"href":"https:\/\/www.visionix.com\/es\/wp-json\/wp\/v2\/types\/product"}],"version-history":[{"count":2,"href":"https:\/\/www.visionix.com\/es\/wp-json\/wp\/v2\/product\/59995\/revisions"}],"predecessor-version":[{"id":69595,"href":"https:\/\/www.visionix.com\/es\/wp-json\/wp\/v2\/product\/59995\/revisions\/69595"}],"wp:featuredmedia":[{"embeddable":true,"href":"https:\/\/www.visionix.com\/es\/wp-json\/wp\/v2\/media\/60008"}],"wp:attachment":[{"href":"https:\/\/www.visionix.com\/es\/wp-json\/wp\/v2\/media?parent=59995"}],"wp:term":[{"taxonomy":"pwb-brand","embeddable":true,"href":"https:\/\/www.visionix.com\/es\/wp-json\/wp\/v2\/pwb-brand?post=59995"},{"taxonomy":"product_brand","embeddable":true,"href":"https:\/\/www.visionix.com\/es\/wp-json\/wp\/v2\/product_brand?post=59995"},{"taxonomy":"product_cat","embeddable":true,"href":"https:\/\/www.visionix.com\/es\/wp-json\/wp\/v2\/product_cat?post=59995"},{"taxonomy":"product_tag","embeddable":true,"href":"https:\/\/www.visionix.com\/es\/wp-json\/wp\/v2\/product_tag?post=59995"}],"curies":[{"name":"wp","href":"https:\/\/api.w.org\/{rel}","templated":true}]}}