{"id":52279,"date":"2024-01-29T13:47:18","date_gmt":"2024-01-29T12:47:18","guid":{"rendered":"https:\/\/www.visionix.com\/?post_type=product&#038;p=52279"},"modified":"2024-01-29T14:24:13","modified_gmt":"2024-01-29T13:24:13","slug":"weco-t6","status":"publish","type":"product","link":"https:\/\/www.visionix.com\/es\/product\/weco-t6\/","title":{"rendered":"Weco T6"},"content":{"rendered":"<p>El Weco T6 es el trazador mec\u00e1nico m\u00e1s avanzado del mercado. Con nuestro palpador angulado patentado TrueScan\u00ae, el Weco T6 puede trazar sin esfuerzo incluso los marcos envolventes de base alta m\u00e1s dif\u00edciles. La suave presi\u00f3n del palpador garantiza que la sonda no distorsione las monturas met\u00e1licas finas. Su intuitiva interfaz de pantalla t\u00e1ctil hace que sea uno de los trazadores m\u00e1s f\u00e1ciles de usar, lo que lo convierte en el trazador ideal para su laboratorio.<\/p>\n","protected":false},"excerpt":{"rendered":"<p><strong>Supera tus expectativas<\/strong><\/p>\n<p>El Weco T6 es el trazador mec\u00e1nico m\u00e1s avanzado del mercado. Con nuestro estilete angulado patentado TrueScan\u00ae, el Weco T6 puede trazar sin esfuerzo incluso las monturas envolventes de base alta m\u00e1s dif\u00edciles. La suave presi\u00f3n del palpador garantiza que la sonda no distorsione las monturas met\u00e1licas finas. Su intuitiva interfaz de pantalla t\u00e1ctil hace que sea uno de los trazadores m\u00e1s f\u00e1ciles de usar, lo que lo convierte en el trazador ideal para su laboratorio.<\/p>\n","protected":false},"featured_media":52343,"template":"","meta":{"_acf_changed":false,"content-type":"","footnotes":""},"pwb-brand":[515],"product_brand":[],"product_cat":[199,200],"product_tag":[],"class_list":{"0":"post-52279","1":"product","2":"type-product","3":"status-publish","4":"has-post-thumbnail","6":"pwb-brand-weco-es","7":"product_cat-optico-equipo","8":"product_cat-optometria-instrumentos","9":"pa_product-family-finishing-es","10":"pa_product-type-sistema-de-biselado-es","12":"first","13":"instock","14":"product-type-simple"},"acf":[],"brands":[{"id":515,"name":"Weco","slug":"weco-es"}],"_links":{"self":[{"href":"https:\/\/www.visionix.com\/es\/wp-json\/wp\/v2\/product\/52279","targetHints":{"allow":["GET"]}}],"collection":[{"href":"https:\/\/www.visionix.com\/es\/wp-json\/wp\/v2\/product"}],"about":[{"href":"https:\/\/www.visionix.com\/es\/wp-json\/wp\/v2\/types\/product"}],"version-history":[{"count":2,"href":"https:\/\/www.visionix.com\/es\/wp-json\/wp\/v2\/product\/52279\/revisions"}],"predecessor-version":[{"id":52398,"href":"https:\/\/www.visionix.com\/es\/wp-json\/wp\/v2\/product\/52279\/revisions\/52398"}],"wp:featuredmedia":[{"embeddable":true,"href":"https:\/\/www.visionix.com\/es\/wp-json\/wp\/v2\/media\/52343"}],"wp:attachment":[{"href":"https:\/\/www.visionix.com\/es\/wp-json\/wp\/v2\/media?parent=52279"}],"wp:term":[{"taxonomy":"pwb-brand","embeddable":true,"href":"https:\/\/www.visionix.com\/es\/wp-json\/wp\/v2\/pwb-brand?post=52279"},{"taxonomy":"product_brand","embeddable":true,"href":"https:\/\/www.visionix.com\/es\/wp-json\/wp\/v2\/product_brand?post=52279"},{"taxonomy":"product_cat","embeddable":true,"href":"https:\/\/www.visionix.com\/es\/wp-json\/wp\/v2\/product_cat?post=52279"},{"taxonomy":"product_tag","embeddable":true,"href":"https:\/\/www.visionix.com\/es\/wp-json\/wp\/v2\/product_tag?post=52279"}],"curies":[{"name":"wp","href":"https:\/\/api.w.org\/{rel}","templated":true}]}}